{"id":6993,"date":"2023-06-19T16:31:29","date_gmt":"2023-06-19T19:31:29","guid":{"rendered":"https:\/\/livrariadocampus.com.br\/loja\/?post_type=product&#038;p=6993"},"modified":"2023-06-21T14:35:18","modified_gmt":"2023-06-21T17:35:18","slug":"peca-e-sera-atendido-aprendendo-a-manifestar-seus-desejos","status":"publish","type":"product","link":"https:\/\/livrariadocampus.com.br\/loja\/produto\/peca-e-sera-atendido-aprendendo-a-manifestar-seus-desejos\/","title":{"rendered":"Pe\u00e7a e ser\u00e1 atendido: Aprendendo a manifestar seus desejos"},"content":{"rendered":"<p>&#8220;O livro que voc\u00ea tem nas m\u00e3os cont\u00e9m alguns dos mais formid\u00e1veis ensinamentos. Senti-me profundamente tocado e influenciado pelas mensagens que Abraham oferece.&#8221; \u2013 Dr. Wayne W. Dyer, autor de A for\u00e7a da inten\u00e7\u00e3o<\/p>\n<p>Quando desejamos alguma coisa, \u00e9 comum ficarmos mais concentrados na ideia de que n\u00e3o a temos do que na vontade de t\u00ea-la. Embora essa seja uma atitude inconsciente, ela \u00e9 a principal respons\u00e1vel pela dificuldade que temos em alcan\u00e7ar nossos objetivos.<\/p>\n<p>Como os pensamentos deveriam ser a express\u00e3o de nossos desejos, to<\/p>\n","protected":false},"excerpt":{"rendered":"<p>&#8220;O livro que voc\u00ea tem nas m\u00e3os cont\u00e9m alguns dos mais formid\u00e1veis ensinamentos. Senti-me profundamente tocado e influenciado pelas mensagens que Abraham oferece.&#8221; \u2013 Dr. Wayne W. Dyer, autor de A for\u00e7a da inten\u00e7\u00e3o Quando desejamos alguma coisa, \u00e9 comum ficarmos mais concentrados na ideia de que n\u00e3o a temos do que na vontade de&hellip;&nbsp;<a href=\"https:\/\/livrariadocampus.com.br\/loja\/produto\/peca-e-sera-atendido-aprendendo-a-manifestar-seus-desejos\/\" class=\"\" rel=\"bookmark\">Continue a ler &raquo;<span class=\"screen-reader-text\">Pe\u00e7a e ser\u00e1 atendido: Aprendendo a manifestar seus desejos<\/span><\/a><\/p>\n","protected":false},"featured_media":6994,"template":"","meta":{"neve_meta_sidebar":"","neve_meta_container":"","neve_meta_enable_content_width":"off","neve_meta_content_width":100,"neve_meta_title_alignment":"","neve_meta_author_avatar":"","neve_post_elements_order":"","neve_meta_disable_header":"","neve_meta_disable_footer":"","neve_meta_disable_title":"","_joinchat":[]},"product_brand":[],"product_cat":[249],"product_tag":[303],"class_list":{"0":"post-6993","1":"product","2":"type-product","3":"status-publish","4":"has-post-thumbnail","6":"product_cat-literatura-geral","7":"product_tag-303","9":"first","10":"instock","11":"sale","12":"shipping-taxable","13":"purchasable","14":"product-type-simple"},"jetpack_sharing_enabled":true,"_links":{"self":[{"href":"https:\/\/livrariadocampus.com.br\/loja\/wp-json\/wp\/v2\/product\/6993","targetHints":{"allow":["GET"]}}],"collection":[{"href":"https:\/\/livrariadocampus.com.br\/loja\/wp-json\/wp\/v2\/product"}],"about":[{"href":"https:\/\/livrariadocampus.com.br\/loja\/wp-json\/wp\/v2\/types\/product"}],"wp:featuredmedia":[{"embeddable":true,"href":"https:\/\/livrariadocampus.com.br\/loja\/wp-json\/wp\/v2\/media\/6994"}],"wp:attachment":[{"href":"https:\/\/livrariadocampus.com.br\/loja\/wp-json\/wp\/v2\/media?parent=6993"}],"wp:term":[{"taxonomy":"product_brand","embeddable":true,"href":"https:\/\/livrariadocampus.com.br\/loja\/wp-json\/wp\/v2\/product_brand?post=6993"},{"taxonomy":"product_cat","embeddable":true,"href":"https:\/\/livrariadocampus.com.br\/loja\/wp-json\/wp\/v2\/product_cat?post=6993"},{"taxonomy":"product_tag","embeddable":true,"href":"https:\/\/livrariadocampus.com.br\/loja\/wp-json\/wp\/v2\/product_tag?post=6993"}],"curies":[{"name":"wp","href":"https:\/\/api.w.org\/{rel}","templated":true}]}}