{"id":6991,"date":"2023-06-19T16:28:41","date_gmt":"2023-06-19T19:28:41","guid":{"rendered":"https:\/\/livrariadocampus.com.br\/loja\/?post_type=product&#038;p=6991"},"modified":"2023-06-21T14:35:36","modified_gmt":"2023-06-21T17:35:36","slug":"amar-pode-dar-certo-nova-edicao-capa-comum-2006-edicao-portugues-por-roberto-shinyashiki-autor","status":"publish","type":"product","link":"https:\/\/livrariadocampus.com.br\/loja\/produto\/amar-pode-dar-certo-nova-edicao-capa-comum-2006-edicao-portugues-por-roberto-shinyashiki-autor\/","title":{"rendered":"Amar Pode Dar Certo &#8211; Nova Edicao Capa comum \u2013  2006 Edi\u00e7\u00e3o Portugu\u00eas  por Roberto Shinyashiki (Autor)"},"content":{"rendered":"<p>O best-seller Amar Pode dar Certo vem, agora, ampliado e revisado intensifica a id\u00e9ia de que o amor pode ser uma espera maravilhosa, sim. Roberto Shinyashiki e Eliana Dum\u00eat discutem as mudan\u00e7as nas rela\u00e7\u00f5es amorosas e os novos caminhos para estabelecer um relacionamento baseado na compreens\u00e3o e na amizade. A obra que vendeu mais de 1, 5 milh\u00e3o de exemplares coroa a nova era do amor. A proposta \u00e9 refletir sobre os seus sentimentos e se permitir, definitivamente, a buscar a felicidade.<br \/>\n   Relatar informa\u00e7\u00f5es incorretas sobre o produto.<\/p>\n","protected":false},"excerpt":{"rendered":"<p>O best-seller Amar Pode dar Certo vem, agora, ampliado e revisado intensifica a id\u00e9ia de que o amor pode ser uma espera maravilhosa, sim. Roberto Shinyashiki e Eliana Dum\u00eat discutem as mudan\u00e7as nas rela\u00e7\u00f5es amorosas e os novos caminhos para estabelecer um relacionamento baseado na compreens\u00e3o e na amizade. A obra que vendeu mais de&hellip;&nbsp;<a href=\"https:\/\/livrariadocampus.com.br\/loja\/produto\/amar-pode-dar-certo-nova-edicao-capa-comum-2006-edicao-portugues-por-roberto-shinyashiki-autor\/\" class=\"\" rel=\"bookmark\">Continue a ler &raquo;<span class=\"screen-reader-text\">Amar Pode Dar Certo &#8211; Nova Edicao Capa comum \u2013  2006 Edi\u00e7\u00e3o Portugu\u00eas  por Roberto Shinyashiki (Autor)<\/span><\/a><\/p>\n","protected":false},"featured_media":6992,"template":"","meta":{"neve_meta_sidebar":"","neve_meta_container":"","neve_meta_enable_content_width":"off","neve_meta_content_width":100,"neve_meta_title_alignment":"","neve_meta_author_avatar":"","neve_post_elements_order":"","neve_meta_disable_header":"","neve_meta_disable_footer":"","neve_meta_disable_title":"","_joinchat":[]},"product_brand":[],"product_cat":[249],"product_tag":[302],"class_list":{"0":"post-6991","1":"product","2":"type-product","3":"status-publish","4":"has-post-thumbnail","6":"product_cat-literatura-geral","7":"product_tag-302","9":"first","10":"instock","11":"sale","12":"sold-individually","13":"shipping-taxable","14":"purchasable","15":"product-type-simple"},"jetpack_sharing_enabled":true,"_links":{"self":[{"href":"https:\/\/livrariadocampus.com.br\/loja\/wp-json\/wp\/v2\/product\/6991","targetHints":{"allow":["GET"]}}],"collection":[{"href":"https:\/\/livrariadocampus.com.br\/loja\/wp-json\/wp\/v2\/product"}],"about":[{"href":"https:\/\/livrariadocampus.com.br\/loja\/wp-json\/wp\/v2\/types\/product"}],"wp:featuredmedia":[{"embeddable":true,"href":"https:\/\/livrariadocampus.com.br\/loja\/wp-json\/wp\/v2\/media\/6992"}],"wp:attachment":[{"href":"https:\/\/livrariadocampus.com.br\/loja\/wp-json\/wp\/v2\/media?parent=6991"}],"wp:term":[{"taxonomy":"product_brand","embeddable":true,"href":"https:\/\/livrariadocampus.com.br\/loja\/wp-json\/wp\/v2\/product_brand?post=6991"},{"taxonomy":"product_cat","embeddable":true,"href":"https:\/\/livrariadocampus.com.br\/loja\/wp-json\/wp\/v2\/product_cat?post=6991"},{"taxonomy":"product_tag","embeddable":true,"href":"https:\/\/livrariadocampus.com.br\/loja\/wp-json\/wp\/v2\/product_tag?post=6991"}],"curies":[{"name":"wp","href":"https:\/\/api.w.org\/{rel}","templated":true}]}}