{"id":6989,"date":"2023-06-19T16:24:05","date_gmt":"2023-06-19T19:24:05","guid":{"rendered":"https:\/\/livrariadocampus.com.br\/loja\/?post_type=product&#038;p=6989"},"modified":"2023-06-21T14:35:49","modified_gmt":"2023-06-21T17:35:49","slug":"a-revolucao-dos-campeoes-capa-comum-2015-edicao-portugues-por-roberto-shinyashiki-autor","status":"publish","type":"product","link":"https:\/\/livrariadocampus.com.br\/loja\/produto\/a-revolucao-dos-campeoes-capa-comum-2015-edicao-portugues-por-roberto-shinyashiki-autor\/","title":{"rendered":"A REVOLU\u00e7\u00e3o dos campe\u00f5es Capa comum \u2013 2015 Edi\u00e7\u00e3o Portugu\u00eas  por Roberto Shinyashiki (Autor)"},"content":{"rendered":"<p>Neste livro, Roberto Shinyashiki, mestre na arte de transmitir, com amor e poesia, mensagens s\u00e9rias que mexem fundo com nossa emo\u00e7\u00e3o, demonstra que \u00e9 poss\u00edvel derrotar o pessimismo e desenvolver atributos para ser um vencedor na batalha da vida.<br \/>\n   Relatar informa\u00e7\u00f5es incorretas sobre o produto.<\/p>\n","protected":false},"excerpt":{"rendered":"<p>Neste livro, Roberto Shinyashiki, mestre na arte de transmitir, com amor e poesia, mensagens s\u00e9rias que mexem fundo com nossa emo\u00e7\u00e3o, demonstra que \u00e9 poss\u00edvel derrotar o pessimismo e desenvolver atributos para ser um vencedor na batalha da vida. Relatar informa\u00e7\u00f5es incorretas sobre o produto.<\/p>\n","protected":false},"featured_media":6990,"template":"","meta":{"neve_meta_sidebar":"","neve_meta_container":"","neve_meta_enable_content_width":"off","neve_meta_content_width":100,"neve_meta_title_alignment":"","neve_meta_author_avatar":"","neve_post_elements_order":"","neve_meta_disable_header":"","neve_meta_disable_footer":"","neve_meta_disable_title":"","_joinchat":[]},"product_brand":[],"product_cat":[249],"product_tag":[301],"class_list":{"0":"post-6989","1":"product","2":"type-product","3":"status-publish","4":"has-post-thumbnail","6":"product_cat-literatura-geral","7":"product_tag-301","9":"first","10":"instock","11":"sale","12":"sold-individually","13":"shipping-taxable","14":"purchasable","15":"product-type-simple"},"jetpack_sharing_enabled":true,"_links":{"self":[{"href":"https:\/\/livrariadocampus.com.br\/loja\/wp-json\/wp\/v2\/product\/6989","targetHints":{"allow":["GET"]}}],"collection":[{"href":"https:\/\/livrariadocampus.com.br\/loja\/wp-json\/wp\/v2\/product"}],"about":[{"href":"https:\/\/livrariadocampus.com.br\/loja\/wp-json\/wp\/v2\/types\/product"}],"wp:featuredmedia":[{"embeddable":true,"href":"https:\/\/livrariadocampus.com.br\/loja\/wp-json\/wp\/v2\/media\/6990"}],"wp:attachment":[{"href":"https:\/\/livrariadocampus.com.br\/loja\/wp-json\/wp\/v2\/media?parent=6989"}],"wp:term":[{"taxonomy":"product_brand","embeddable":true,"href":"https:\/\/livrariadocampus.com.br\/loja\/wp-json\/wp\/v2\/product_brand?post=6989"},{"taxonomy":"product_cat","embeddable":true,"href":"https:\/\/livrariadocampus.com.br\/loja\/wp-json\/wp\/v2\/product_cat?post=6989"},{"taxonomy":"product_tag","embeddable":true,"href":"https:\/\/livrariadocampus.com.br\/loja\/wp-json\/wp\/v2\/product_tag?post=6989"}],"curies":[{"name":"wp","href":"https:\/\/api.w.org\/{rel}","templated":true}]}}