{"id":6985,"date":"2023-06-19T15:52:10","date_gmt":"2023-06-19T18:52:10","guid":{"rendered":"https:\/\/livrariadocampus.com.br\/loja\/?post_type=product&#038;p=6985"},"modified":"2024-01-15T12:22:25","modified_gmt":"2024-01-15T15:22:25","slug":"livro-mapas-mentais-da-medicina-2a-edicao-capa-comum-2023","status":"publish","type":"product","link":"https:\/\/livrariadocampus.com.br\/loja\/produto\/livro-mapas-mentais-da-medicina-2a-edicao-capa-comum-2023\/","title":{"rendered":"Livro Mapas Mentais da Medicina &#8211; 2\u00aa Edi\u00e7\u00e3o Capa comum \u2013 2023"},"content":{"rendered":"<p>O livro de Mapas Mentais em Medicina \u00e9 perfeito para estudantes que procuram um conte\u00fado de f\u00e1cil acesso e que possua highlights para relembrar assuntos antes de provas ou embasar condutas na pr\u00e1tica cl\u00ednica. Todos os conte\u00fados nele foram elencados dentro dos principais temas dentro de cada especialidade, sendo que cada mapa passou pela revis\u00e3o de especialistas com vasta experi\u00eancia na \u00e1rea em quest\u00e3o. Al\u00e9m disso, os mapas tamb\u00e9m servir\u00e3o como um gatilho para que o leitor possa construir o seu pr\u00f3prio mapa mental, criando conex\u00f5es cognitivas a fim de um aprendizado mais eficaz.<\/p>\n","protected":false},"excerpt":{"rendered":"<p>O livro de Mapas Mentais em Medicina \u00e9 perfeito para estudantes que procuram um conte\u00fado de f\u00e1cil acesso e que possua highlights para relembrar assuntos antes de provas ou embasar condutas na pr\u00e1tica cl\u00ednica. Todos os conte\u00fados nele foram elencados dentro dos principais temas dentro de cada especialidade, sendo que cada mapa passou pela revis\u00e3o&hellip;&nbsp;<a href=\"https:\/\/livrariadocampus.com.br\/loja\/produto\/livro-mapas-mentais-da-medicina-2a-edicao-capa-comum-2023\/\" class=\"\" rel=\"bookmark\">Continue a ler &raquo;<span class=\"screen-reader-text\">Livro Mapas Mentais da Medicina &#8211; 2\u00aa Edi\u00e7\u00e3o Capa comum \u2013 2023<\/span><\/a><\/p>\n","protected":false},"featured_media":6986,"template":"","meta":{"neve_meta_sidebar":"","neve_meta_container":"","neve_meta_enable_content_width":"off","neve_meta_content_width":100,"neve_meta_title_alignment":"","neve_meta_author_avatar":"","neve_post_elements_order":"","neve_meta_disable_header":"","neve_meta_disable_footer":"","neve_meta_disable_title":"","_joinchat":[]},"product_brand":[],"product_cat":[25,113,77,73],"product_tag":[],"class_list":{"0":"post-6985","1":"product","2":"type-product","3":"status-publish","4":"has-post-thumbnail","6":"product_cat-lancamentos","7":"product_cat-psicologia","8":"product_cat-psicoterapia","9":"product_cat-psiquiatria","11":"first","12":"instock","13":"sold-individually","14":"shipping-taxable","15":"purchasable","16":"product-type-simple"},"jetpack_sharing_enabled":true,"_links":{"self":[{"href":"https:\/\/livrariadocampus.com.br\/loja\/wp-json\/wp\/v2\/product\/6985","targetHints":{"allow":["GET"]}}],"collection":[{"href":"https:\/\/livrariadocampus.com.br\/loja\/wp-json\/wp\/v2\/product"}],"about":[{"href":"https:\/\/livrariadocampus.com.br\/loja\/wp-json\/wp\/v2\/types\/product"}],"wp:featuredmedia":[{"embeddable":true,"href":"https:\/\/livrariadocampus.com.br\/loja\/wp-json\/wp\/v2\/media\/6986"}],"wp:attachment":[{"href":"https:\/\/livrariadocampus.com.br\/loja\/wp-json\/wp\/v2\/media?parent=6985"}],"wp:term":[{"taxonomy":"product_brand","embeddable":true,"href":"https:\/\/livrariadocampus.com.br\/loja\/wp-json\/wp\/v2\/product_brand?post=6985"},{"taxonomy":"product_cat","embeddable":true,"href":"https:\/\/livrariadocampus.com.br\/loja\/wp-json\/wp\/v2\/product_cat?post=6985"},{"taxonomy":"product_tag","embeddable":true,"href":"https:\/\/livrariadocampus.com.br\/loja\/wp-json\/wp\/v2\/product_tag?post=6985"}],"curies":[{"name":"wp","href":"https:\/\/api.w.org\/{rel}","templated":true}]}}