{"id":6980,"date":"2023-06-16T15:24:32","date_gmt":"2023-06-16T18:24:32","guid":{"rendered":"https:\/\/livrariadocampus.com.br\/loja\/?post_type=product&#038;p=6980"},"modified":"2025-01-02T12:15:57","modified_gmt":"2025-01-02T15:15:57","slug":"tratado-de-psiquiatria-da-infancia-e-da-adolescencia-capa-dura-2022-lancamento","status":"publish","type":"product","link":"https:\/\/livrariadocampus.com.br\/loja\/produto\/tratado-de-psiquiatria-da-infancia-e-da-adolescencia-capa-dura-2022-lancamento\/","title":{"rendered":"Tratado de Psiquiatria da Inf\u00e2ncia e da Adolesc\u00eancia Capa dura \u2013 2022 LAN\u00c7AMENTO"},"content":{"rendered":"<p>Tratado de Psiquiatria da Inf\u00e2ncia e da Adolesc\u00eancia alcan\u00e7a a sua 4\u00aa edi\u00e7\u00e3o, totalmente revisto, atualizado e ampliado. Sua proposta segue integralmente a pr\u00e1tica da psiquiatria infantil, a qual est\u00e1 adequada \u00e0 realidade m\u00e9dico assistencial e sociocultural de nosso pa\u00eds. Da\u00ed, a sua singularidade e as caracter\u00edsticas pr\u00f3prias na literatura psiqui\u00e1trica da inf\u00e2ncia e da adolesc\u00eancia nacional. Eis algumas de suas virtudes cient\u00edficas e editoriais: 1 \u2013 Nova did\u00e1tica \u2013 redistribuiu-se cap\u00edtulos, tendo em vista uma melhor exposi\u00e7\u00e3o e compreensibilidade do seu conte\u00fado. 2 \u2013 Abordagem dos transtornos psiqui\u00e1tricos da inf\u00e2ncia e da adolesc\u00eancia \u2013 restrita \u00e0 investiga\u00e7\u00e3o de psiquiatras e psic\u00f3logos infantis. Como se sabe, a psicopatologia infantil difere por demais da do adulto. A crian\u00e7a \u00e9 um ser em desenvolvimento. S\u00e3o pr\u00f3prias e particularizadas a essa faixa et\u00e1ria a cl\u00ednica e a sintomatologia com suas altera\u00e7\u00f5es comportamentais e de car\u00e1ter psicol\u00f3gico. Os psiquiatras de adultos n\u00e3o est\u00e3o familiarizados com a tipicidade dos transtornos. 3 \u2013 Interfaces das Ci\u00eancias Humanas com a Psiquiatria, Sociologia, Filosofia e Antropologia. Refletem e interagem com os transtornos psiqui\u00e1tricos, sobretudo, do ponto de vista cultural. 4 \u2013 Abrang\u00eancia de conte\u00fado \u2013 suas 8 Se\u00e7\u00f5es e 106 Cap\u00edtulos, totalizando 1.272 p\u00e1ginas. Registra a vastid\u00e3o dos seus conhecimentos, o que s\u00e3o muito bem reconhecidos e titulados sob o termo \u201cTratado\u201d. 5 \u2013 Corpo autoral \u2013 formado por 3 Editores e 129 Colaboradores. Nenhum livro de psiquiatria da inf\u00e2ncia e da adolesc\u00eancia apresenta um n\u00famero de colaboradores dessa grandeza. Tratado de Psiquiatria da Inf\u00e2ncia e da Adolesc\u00eancia \u2013 4\u00aa edi\u00e7\u00e3o enfatiza que os transtornos psiqui\u00e1tricos produzem um quadro deficit\u00e1rio a longo e a m\u00e9dio prazo, que repercute no estudo na escola, no comportamento social e, mais tarde, na vida adulta. O livro tem como p\u00fablico-leitor Psiquiatras e Psic\u00f3logos com Especializa\u00e7\u00e3o na Inf\u00e2ncia e na Adolesc\u00eancia, Residentes de Psiquiatria e Internos, de Psicologia e estudantes de gradua\u00e7\u00e3o em Psiquiatria e Psicologia.<\/p>\n","protected":false},"excerpt":{"rendered":"<p>Tratado de Psiquiatria da Inf\u00e2ncia e da Adolesc\u00eancia alcan\u00e7a a sua 4\u00aa edi\u00e7\u00e3o, totalmente revisto, atualizado e ampliado. Sua proposta segue integralmente a pr\u00e1tica da psiquiatria infantil, a qual est\u00e1 adequada \u00e0 realidade m\u00e9dico assistencial e sociocultural de nosso pa\u00eds. Da\u00ed, a sua singularidade e as caracter\u00edsticas pr\u00f3prias na literatura psiqui\u00e1trica da inf\u00e2ncia e da&hellip;&nbsp;<a href=\"https:\/\/livrariadocampus.com.br\/loja\/produto\/tratado-de-psiquiatria-da-infancia-e-da-adolescencia-capa-dura-2022-lancamento\/\" class=\"\" rel=\"bookmark\">Continue a ler &raquo;<span class=\"screen-reader-text\">Tratado de Psiquiatria da Inf\u00e2ncia e da Adolesc\u00eancia Capa dura \u2013 2022 LAN\u00c7AMENTO<\/span><\/a><\/p>\n","protected":false},"featured_media":6981,"template":"","meta":{"neve_meta_sidebar":"","neve_meta_container":"","neve_meta_enable_content_width":"off","neve_meta_content_width":100,"neve_meta_title_alignment":"","neve_meta_author_avatar":"","neve_post_elements_order":"","neve_meta_disable_header":"","neve_meta_disable_footer":"","neve_meta_disable_title":"","_joinchat":[]},"product_brand":[],"product_cat":[257,56,105],"product_tag":[],"class_list":{"0":"post-6980","1":"product","2":"type-product","3":"status-publish","4":"has-post-thumbnail","6":"product_cat-neurologia-infantil","7":"product_cat-pediatria","8":"product_cat-psicologia-da-educacao","10":"first","11":"instock","12":"sold-individually","13":"shipping-taxable","14":"purchasable","15":"product-type-simple"},"jetpack_sharing_enabled":true,"_links":{"self":[{"href":"https:\/\/livrariadocampus.com.br\/loja\/wp-json\/wp\/v2\/product\/6980","targetHints":{"allow":["GET"]}}],"collection":[{"href":"https:\/\/livrariadocampus.com.br\/loja\/wp-json\/wp\/v2\/product"}],"about":[{"href":"https:\/\/livrariadocampus.com.br\/loja\/wp-json\/wp\/v2\/types\/product"}],"wp:featuredmedia":[{"embeddable":true,"href":"https:\/\/livrariadocampus.com.br\/loja\/wp-json\/wp\/v2\/media\/6981"}],"wp:attachment":[{"href":"https:\/\/livrariadocampus.com.br\/loja\/wp-json\/wp\/v2\/media?parent=6980"}],"wp:term":[{"taxonomy":"product_brand","embeddable":true,"href":"https:\/\/livrariadocampus.com.br\/loja\/wp-json\/wp\/v2\/product_brand?post=6980"},{"taxonomy":"product_cat","embeddable":true,"href":"https:\/\/livrariadocampus.com.br\/loja\/wp-json\/wp\/v2\/product_cat?post=6980"},{"taxonomy":"product_tag","embeddable":true,"href":"https:\/\/livrariadocampus.com.br\/loja\/wp-json\/wp\/v2\/product_tag?post=6980"}],"curies":[{"name":"wp","href":"https:\/\/api.w.org\/{rel}","templated":true}]}}