{"id":6978,"date":"2023-06-16T15:08:53","date_gmt":"2023-06-16T18:08:53","guid":{"rendered":"https:\/\/livrariadocampus.com.br\/loja\/?post_type=product&#038;p=6978"},"modified":"2025-01-02T12:10:13","modified_gmt":"2025-01-02T15:10:13","slug":"manual-de-eletrocardiografia-cardiopapers-2a-edicao-capa-dura-2023-lancamento","status":"publish","type":"product","link":"https:\/\/livrariadocampus.com.br\/loja\/produto\/manual-de-eletrocardiografia-cardiopapers-2a-edicao-capa-dura-2023-lancamento\/","title":{"rendered":"MANUAL DE ELETROCARDIOGRAFIA CARDIOPAPERS &#8211; 2\u00aa EDI\u00c7\u00c3O Capa dura \u2013  2023 LAN\u00c7AMENTO"},"content":{"rendered":"<p>Manual de Eletrocardiografia Cardiopapers, chega \u00e0 sua segunda edi\u00e7\u00e3o integralmente revisto e atualizado. \u00c9 um tutorial de forma\u00e7\u00e3o, atualiza\u00e7\u00e3o e especializa\u00e7\u00e3o m\u00e9dica. Conte\u00fado profundo e abrangente, estruturado sob a excel\u00eancia da did\u00e1tica.Uma de suas virtudes \u00e9 a de facilitar a assimila\u00e7\u00e3o e a compreens\u00e3o do texto.Correlacionar a atividade el\u00e9trica card\u00edaca com a cl\u00ednica e m\u00e9todos associados: testes de exerc\u00edcio (ergom\u00e9trico e cardiopulmonar), ecodopplercardiografia, cintilografia de perfus\u00e3o do mioc\u00e1rdio com radiof\u00e1rmacos, resson\u00e2ncia magn\u00e9tica card\u00edaca, cateterismo, dentre outros. Acervo cient\u00edfico seguindo rigorosamente as mais atuais e recentes diretrizes. Seu p\u00fablico leitor \u00e9 formado por Cardiologistas, Cl\u00ednicos, Intensivistas, Enfermeiros, Residentes em Cardiologia, Cl\u00ednica M\u00e9dica, Medicina Intensiva e Enfermagem, Estudantes de Gradua\u00e7\u00e3o em Medicina e Enfermagem.<br \/>\nLeia menos<\/p>\n","protected":false},"excerpt":{"rendered":"<p>Manual de Eletrocardiografia Cardiopapers, chega \u00e0 sua segunda edi\u00e7\u00e3o integralmente revisto e atualizado. \u00c9 um tutorial de forma\u00e7\u00e3o, atualiza\u00e7\u00e3o e especializa\u00e7\u00e3o m\u00e9dica. Conte\u00fado profundo e abrangente, estruturado sob a excel\u00eancia da did\u00e1tica.Uma de suas virtudes \u00e9 a de facilitar a assimila\u00e7\u00e3o e a compreens\u00e3o do texto.Correlacionar a atividade el\u00e9trica card\u00edaca com a cl\u00ednica e m\u00e9todos&hellip;&nbsp;<a href=\"https:\/\/livrariadocampus.com.br\/loja\/produto\/manual-de-eletrocardiografia-cardiopapers-2a-edicao-capa-dura-2023-lancamento\/\" class=\"\" rel=\"bookmark\">Continue a ler &raquo;<span class=\"screen-reader-text\">MANUAL DE ELETROCARDIOGRAFIA CARDIOPAPERS &#8211; 2\u00aa EDI\u00c7\u00c3O Capa dura \u2013  2023 LAN\u00c7AMENTO<\/span><\/a><\/p>\n","protected":false},"featured_media":6979,"template":"","meta":{"neve_meta_sidebar":"","neve_meta_container":"","neve_meta_enable_content_width":"off","neve_meta_content_width":100,"neve_meta_title_alignment":"","neve_meta_author_avatar":"","neve_post_elements_order":"","neve_meta_disable_header":"","neve_meta_disable_footer":"","neve_meta_disable_title":"","_joinchat":[]},"product_brand":[],"product_cat":[65,25,250],"product_tag":[],"class_list":{"0":"post-6978","1":"product","2":"type-product","3":"status-publish","4":"has-post-thumbnail","6":"product_cat-cardiologia","7":"product_cat-lancamentos","8":"product_cat-promocao","10":"first","11":"instock","12":"sold-individually","13":"shipping-taxable","14":"purchasable","15":"product-type-simple"},"jetpack_sharing_enabled":true,"_links":{"self":[{"href":"https:\/\/livrariadocampus.com.br\/loja\/wp-json\/wp\/v2\/product\/6978","targetHints":{"allow":["GET"]}}],"collection":[{"href":"https:\/\/livrariadocampus.com.br\/loja\/wp-json\/wp\/v2\/product"}],"about":[{"href":"https:\/\/livrariadocampus.com.br\/loja\/wp-json\/wp\/v2\/types\/product"}],"wp:featuredmedia":[{"embeddable":true,"href":"https:\/\/livrariadocampus.com.br\/loja\/wp-json\/wp\/v2\/media\/6979"}],"wp:attachment":[{"href":"https:\/\/livrariadocampus.com.br\/loja\/wp-json\/wp\/v2\/media?parent=6978"}],"wp:term":[{"taxonomy":"product_brand","embeddable":true,"href":"https:\/\/livrariadocampus.com.br\/loja\/wp-json\/wp\/v2\/product_brand?post=6978"},{"taxonomy":"product_cat","embeddable":true,"href":"https:\/\/livrariadocampus.com.br\/loja\/wp-json\/wp\/v2\/product_cat?post=6978"},{"taxonomy":"product_tag","embeddable":true,"href":"https:\/\/livrariadocampus.com.br\/loja\/wp-json\/wp\/v2\/product_tag?post=6978"}],"curies":[{"name":"wp","href":"https:\/\/api.w.org\/{rel}","templated":true}]}}