{"id":6976,"date":"2023-06-16T15:04:47","date_gmt":"2023-06-16T18:04:47","guid":{"rendered":"https:\/\/livrariadocampus.com.br\/loja\/?post_type=product&#038;p=6976"},"modified":"2023-06-16T15:25:52","modified_gmt":"2023-06-16T18:25:52","slug":"bases-da-ecocardiografia-uma-abordagem-baseada-na-metodologia-pocus-cardiopapers-capa-dura-2023","status":"publish","type":"product","link":"https:\/\/livrariadocampus.com.br\/loja\/produto\/bases-da-ecocardiografia-uma-abordagem-baseada-na-metodologia-pocus-cardiopapers-capa-dura-2023\/","title":{"rendered":"BASES DA ECOCARDIOGRAFIA &#8211; UMA ABORDAGEM BASEADA NA METODOLOGIA POCUS &#8211; CARDIOPAPERS Capa dura \u2013 2023 LAN\u00c7AMENTO"},"content":{"rendered":"<p>BASES DA ECOCARDIOGRAFIA &#8211; UMA ABORDAGEM BASEADA NA METODOLOGIA POCUS &#8211;<br \/>\nEdi\u00e7\u00e3o Portugu\u00eas  por Fabio Santos, Eduardo Cavalcanti Lapa Mastrocola (Autor)<br \/>\nVer todos os formatos e edi\u00e7\u00f5es<br \/>\nCapa dura<br \/>\na partir de R$ 128,70<br \/>\nOutras op\u00e7\u00f5es a partir de R$ 128,70<br \/>\nBases da Ecocardiografia \u2013 Uma abordagem baseada na metodologia POCUS \u00e9 uma obra pr\u00e1tica e objetiva que se destaca por sua metodologia de ensino sobre ecocardiografia simplificada. Sua did\u00e1tica \u00e9 linear e inteligente, acompanhado de ilustra\u00e7\u00f5es e fotos que complementam o texto. Todas essas qualidades tornam seu conte\u00fado de f\u00e1cil assimila\u00e7\u00e3o e aplica\u00e7\u00e3o. Eis os principais temas: Introdu\u00e7\u00e3o e conceitos b\u00e1sicos \u2013 conhecimentos introdut\u00f3rios de car\u00e1ter fundamental para a boa compreens\u00e3o do texto. Avalia\u00e7\u00e3o das c\u00e2maras card\u00edacas do ponto de vista anat\u00f4mico e funcional, e das doen\u00e7as do peric\u00e1rdio e valvopatias. Janelas avan\u00e7adas \u2013 paraesternais e apicais. Situa\u00e7\u00f5es especiais \u2013 pacientes sob ventila\u00e7\u00e3o mec\u00e2nica e outros procedimentos. Abordagem guiada por problemas \u2013 diversas condi\u00e7\u00f5es: dor tor\u00e1cica, dispneia\/insufici\u00eancia respirat\u00f3ria, choque, tromboembolismo pulmonar, s\u00edndrome coronariana aguda, insufici\u00eancia card\u00edaca. Ap\u00eandice \u2013 abrevia\u00e7\u00f5es, imagens normais e alteradas, valores normais Bases da Ecocardiografia \u2013 Uma abordagem baseada na metodologia POCUS apresenta 4 editores da s\u00e9rie, 1 editor de volume, 12 cap\u00edtulos, 2 ap\u00eandices. O livro tem como p\u00fablico-alvo: Ecocardiografistas, Cardiologistas, Cl\u00ednicos, Intensivistas, Residentes em Cardiologia, Cl\u00ednica M\u00e9dica e Medicina Intensiva<\/p>\n","protected":false},"excerpt":{"rendered":"<p>BASES DA ECOCARDIOGRAFIA &#8211; UMA ABORDAGEM BASEADA NA METODOLOGIA POCUS &#8211; Edi\u00e7\u00e3o Portugu\u00eas por Fabio Santos, Eduardo Cavalcanti Lapa Mastrocola (Autor) Ver todos os formatos e edi\u00e7\u00f5es Capa dura a partir de R$ 128,70 Outras op\u00e7\u00f5es a partir de R$ 128,70 Bases da Ecocardiografia \u2013 Uma abordagem baseada na metodologia POCUS \u00e9 uma obra pr\u00e1tica&hellip;&nbsp;<a href=\"https:\/\/livrariadocampus.com.br\/loja\/produto\/bases-da-ecocardiografia-uma-abordagem-baseada-na-metodologia-pocus-cardiopapers-capa-dura-2023\/\" class=\"\" rel=\"bookmark\">Continue a ler &raquo;<span class=\"screen-reader-text\">BASES DA ECOCARDIOGRAFIA &#8211; UMA ABORDAGEM BASEADA NA METODOLOGIA POCUS &#8211; CARDIOPAPERS Capa dura \u2013 2023 LAN\u00c7AMENTO<\/span><\/a><\/p>\n","protected":false},"featured_media":6977,"template":"","meta":{"neve_meta_sidebar":"","neve_meta_container":"","neve_meta_enable_content_width":"off","neve_meta_content_width":100,"neve_meta_title_alignment":"","neve_meta_author_avatar":"","neve_post_elements_order":"","neve_meta_disable_header":"","neve_meta_disable_footer":"","neve_meta_disable_title":"","_joinchat":[]},"product_brand":[],"product_cat":[65,25],"product_tag":[],"class_list":{"0":"post-6976","1":"product","2":"type-product","3":"status-publish","4":"has-post-thumbnail","6":"product_cat-cardiologia","7":"product_cat-lancamentos","9":"first","10":"instock","11":"sold-individually","12":"shipping-taxable","13":"purchasable","14":"product-type-simple"},"jetpack_sharing_enabled":true,"_links":{"self":[{"href":"https:\/\/livrariadocampus.com.br\/loja\/wp-json\/wp\/v2\/product\/6976","targetHints":{"allow":["GET"]}}],"collection":[{"href":"https:\/\/livrariadocampus.com.br\/loja\/wp-json\/wp\/v2\/product"}],"about":[{"href":"https:\/\/livrariadocampus.com.br\/loja\/wp-json\/wp\/v2\/types\/product"}],"wp:featuredmedia":[{"embeddable":true,"href":"https:\/\/livrariadocampus.com.br\/loja\/wp-json\/wp\/v2\/media\/6977"}],"wp:attachment":[{"href":"https:\/\/livrariadocampus.com.br\/loja\/wp-json\/wp\/v2\/media?parent=6976"}],"wp:term":[{"taxonomy":"product_brand","embeddable":true,"href":"https:\/\/livrariadocampus.com.br\/loja\/wp-json\/wp\/v2\/product_brand?post=6976"},{"taxonomy":"product_cat","embeddable":true,"href":"https:\/\/livrariadocampus.com.br\/loja\/wp-json\/wp\/v2\/product_cat?post=6976"},{"taxonomy":"product_tag","embeddable":true,"href":"https:\/\/livrariadocampus.com.br\/loja\/wp-json\/wp\/v2\/product_tag?post=6976"}],"curies":[{"name":"wp","href":"https:\/\/api.w.org\/{rel}","templated":true}]}}