{"id":6973,"date":"2023-06-16T13:37:14","date_gmt":"2023-06-16T16:37:14","guid":{"rendered":"https:\/\/livrariadocampus.com.br\/loja\/?post_type=product&#038;p=6973"},"modified":"2023-06-21T14:37:41","modified_gmt":"2023-06-21T17:37:41","slug":"doacao-de-orgaos-a-experiencia-de-enfermeiras-medicos-e-familiares-de-doadores-capa-comum-2004","status":"publish","type":"product","link":"https:\/\/livrariadocampus.com.br\/loja\/produto\/doacao-de-orgaos-a-experiencia-de-enfermeiras-medicos-e-familiares-de-doadores-capa-comum-2004\/","title":{"rendered":"Doa\u00e7\u00e3o de \u00f3rg\u00e3os: A experi\u00eancia de enfermeiras, m\u00e9dicos e familiares de doadores Capa comum \u2013 2004"},"content":{"rendered":"<p>Ao privilegiar as rela\u00e7\u00f5es humanas dos envolvidos no processo de doa\u00e7\u00e3o de \u00f3rg\u00e3os, a autora enfoca as enfermeiras que atuam em Unidades de Terapia Intensiva (UTI), os doadores de \u00f3rg\u00e3os, pacientes com morte encef\u00e1lica mantidos em vida artificial por meio de aparelhos, e suas fam\u00edlias. Composto de tr\u00eas estudos, o livro enfoca a doa\u00e7\u00e3o de \u00f3rg\u00e3os e, principalmente, o relacionamento de profissionais da \u00e1rea de sa\u00fade com a fam\u00edlia do doador, que se considera relegada a segundo plano ap\u00f3s cumprir os aspectos formais, e reclama de um maior acompanhamento emocional.<\/p>\n","protected":false},"excerpt":{"rendered":"<p>Ao privilegiar as rela\u00e7\u00f5es humanas dos envolvidos no processo de doa\u00e7\u00e3o de \u00f3rg\u00e3os, a autora enfoca as enfermeiras que atuam em Unidades de Terapia Intensiva (UTI), os doadores de \u00f3rg\u00e3os, pacientes com morte encef\u00e1lica mantidos em vida artificial por meio de aparelhos, e suas fam\u00edlias. Composto de tr\u00eas estudos, o livro enfoca a doa\u00e7\u00e3o de&hellip;&nbsp;<a href=\"https:\/\/livrariadocampus.com.br\/loja\/produto\/doacao-de-orgaos-a-experiencia-de-enfermeiras-medicos-e-familiares-de-doadores-capa-comum-2004\/\" class=\"\" rel=\"bookmark\">Continue a ler &raquo;<span class=\"screen-reader-text\">Doa\u00e7\u00e3o de \u00f3rg\u00e3os: A experi\u00eancia de enfermeiras, m\u00e9dicos e familiares de doadores Capa comum \u2013 2004<\/span><\/a><\/p>\n","protected":false},"featured_media":6975,"template":"","meta":{"neve_meta_sidebar":"","neve_meta_container":"","neve_meta_enable_content_width":"off","neve_meta_content_width":100,"neve_meta_title_alignment":"","neve_meta_author_avatar":"","neve_post_elements_order":"","neve_meta_disable_header":"","neve_meta_disable_footer":"","neve_meta_disable_title":"","_joinchat":[]},"product_brand":[],"product_cat":[249,250],"product_tag":[],"class_list":{"0":"post-6973","1":"product","2":"type-product","3":"status-publish","4":"has-post-thumbnail","6":"product_cat-literatura-geral","7":"product_cat-promocao","9":"first","10":"instock","11":"sale","12":"sold-individually","13":"shipping-taxable","14":"purchasable","15":"product-type-simple"},"jetpack_sharing_enabled":true,"_links":{"self":[{"href":"https:\/\/livrariadocampus.com.br\/loja\/wp-json\/wp\/v2\/product\/6973","targetHints":{"allow":["GET"]}}],"collection":[{"href":"https:\/\/livrariadocampus.com.br\/loja\/wp-json\/wp\/v2\/product"}],"about":[{"href":"https:\/\/livrariadocampus.com.br\/loja\/wp-json\/wp\/v2\/types\/product"}],"wp:featuredmedia":[{"embeddable":true,"href":"https:\/\/livrariadocampus.com.br\/loja\/wp-json\/wp\/v2\/media\/6975"}],"wp:attachment":[{"href":"https:\/\/livrariadocampus.com.br\/loja\/wp-json\/wp\/v2\/media?parent=6973"}],"wp:term":[{"taxonomy":"product_brand","embeddable":true,"href":"https:\/\/livrariadocampus.com.br\/loja\/wp-json\/wp\/v2\/product_brand?post=6973"},{"taxonomy":"product_cat","embeddable":true,"href":"https:\/\/livrariadocampus.com.br\/loja\/wp-json\/wp\/v2\/product_cat?post=6973"},{"taxonomy":"product_tag","embeddable":true,"href":"https:\/\/livrariadocampus.com.br\/loja\/wp-json\/wp\/v2\/product_tag?post=6973"}],"curies":[{"name":"wp","href":"https:\/\/api.w.org\/{rel}","templated":true}]}}