{"id":6968,"date":"2023-06-16T12:43:49","date_gmt":"2023-06-16T15:43:49","guid":{"rendered":"https:\/\/livrariadocampus.com.br\/loja\/?post_type=product&#038;p=6968"},"modified":"2023-06-16T12:43:49","modified_gmt":"2023-06-16T15:43:49","slug":"a-economia-mundial-da-energia-capa-comum-2010-por-jean-marie-martin-autor-elcio-fernandes-tradutor","status":"publish","type":"product","link":"https:\/\/livrariadocampus.com.br\/loja\/produto\/a-economia-mundial-da-energia-capa-comum-2010-por-jean-marie-martin-autor-elcio-fernandes-tradutor\/","title":{"rendered":"A economia mundial da energia Capa comum \u20132010 por Jean-Marie Martin (Autor), \u00c9lcio Fernandes (Tradutor)"},"content":{"rendered":"<p>ecialistas europeus em assuntos relacionados \u00e0 quest\u00e3o da energia, Jean-Marie Martin, faz um balan\u00e7o da situa\u00e7\u00e3o energ\u00e9tica mundial, em seus aspectos t\u00e9cnicos e econ\u00f4micos, apontando as perspectivas atuais, com especial \u00eanfase nos problemas ambientais e no futuro da energia nuclear.<\/p>\n","protected":false},"excerpt":{"rendered":"<p>ecialistas europeus em assuntos relacionados \u00e0 quest\u00e3o da energia, Jean-Marie Martin, faz um balan\u00e7o da situa\u00e7\u00e3o energ\u00e9tica mundial, em seus aspectos t\u00e9cnicos e econ\u00f4micos, apontando as perspectivas atuais, com especial \u00eanfase nos problemas ambientais e no futuro da energia nuclear.<\/p>\n","protected":false},"featured_media":6969,"template":"","meta":{"neve_meta_sidebar":"","neve_meta_container":"","neve_meta_enable_content_width":"off","neve_meta_content_width":100,"neve_meta_title_alignment":"","neve_meta_author_avatar":"","neve_post_elements_order":"","neve_meta_disable_header":"","neve_meta_disable_footer":"","neve_meta_disable_title":"","_joinchat":[]},"product_brand":[],"product_cat":[249],"product_tag":[],"class_list":{"0":"post-6968","1":"product","2":"type-product","3":"status-publish","4":"has-post-thumbnail","6":"product_cat-literatura-geral","8":"first","9":"instock","10":"sale","11":"sold-individually","12":"shipping-taxable","13":"purchasable","14":"product-type-simple"},"jetpack_sharing_enabled":true,"_links":{"self":[{"href":"https:\/\/livrariadocampus.com.br\/loja\/wp-json\/wp\/v2\/product\/6968","targetHints":{"allow":["GET"]}}],"collection":[{"href":"https:\/\/livrariadocampus.com.br\/loja\/wp-json\/wp\/v2\/product"}],"about":[{"href":"https:\/\/livrariadocampus.com.br\/loja\/wp-json\/wp\/v2\/types\/product"}],"wp:featuredmedia":[{"embeddable":true,"href":"https:\/\/livrariadocampus.com.br\/loja\/wp-json\/wp\/v2\/media\/6969"}],"wp:attachment":[{"href":"https:\/\/livrariadocampus.com.br\/loja\/wp-json\/wp\/v2\/media?parent=6968"}],"wp:term":[{"taxonomy":"product_brand","embeddable":true,"href":"https:\/\/livrariadocampus.com.br\/loja\/wp-json\/wp\/v2\/product_brand?post=6968"},{"taxonomy":"product_cat","embeddable":true,"href":"https:\/\/livrariadocampus.com.br\/loja\/wp-json\/wp\/v2\/product_cat?post=6968"},{"taxonomy":"product_tag","embeddable":true,"href":"https:\/\/livrariadocampus.com.br\/loja\/wp-json\/wp\/v2\/product_tag?post=6968"}],"curies":[{"name":"wp","href":"https:\/\/api.w.org\/{rel}","templated":true}]}}