{"id":6966,"date":"2023-06-16T12:04:13","date_gmt":"2023-06-16T15:04:13","guid":{"rendered":"https:\/\/livrariadocampus.com.br\/loja\/?post_type=product&#038;p=6966"},"modified":"2025-02-20T15:16:31","modified_gmt":"2025-02-20T18:16:31","slug":"cuidar-em-oncologia-diretrizes-e-perspectivas-capa-comum-2006-por-regina-celia-popim-autor-magali-roseira-boemer-autor","status":"publish","type":"product","link":"https:\/\/livrariadocampus.com.br\/loja\/produto\/cuidar-em-oncologia-diretrizes-e-perspectivas-capa-comum-2006-por-regina-celia-popim-autor-magali-roseira-boemer-autor\/","title":{"rendered":"cuidar em oncologia: Diretrizes e perspectivas Capa comum \u2013  2006 por Regina Celia Popim (Autor), Magali Roseira Boemer (Autor)"},"content":{"rendered":"<p>s autoras analisam o relacionamento da equipe de enfermagem com o paciente oncol\u00f3gico e seus familiares, em situa\u00e7\u00e3o de interna\u00e7\u00e3o hospitalar, rela\u00e7\u00e3o esta que se d\u00e1 em uma dimens\u00e3o social, face a face. Baseadas na fenomenologia de Alfred Sch\u00fctz, caracterizam este trabalho como um retorno \u00e0 subjetividade, tido como o \u00faltimo fundamento das forma\u00e7\u00f5es objetivas de sentido e de classifica\u00e7\u00e3o de todos os problemas de validade.<\/p>\n","protected":false},"excerpt":{"rendered":"<p>s autoras analisam o relacionamento da equipe de enfermagem com o paciente oncol\u00f3gico e seus familiares, em situa\u00e7\u00e3o de interna\u00e7\u00e3o hospitalar, rela\u00e7\u00e3o esta que se d\u00e1 em uma dimens\u00e3o social, face a face. Baseadas na fenomenologia de Alfred Sch\u00fctz, caracterizam este trabalho como um retorno \u00e0 subjetividade, tido como o \u00faltimo fundamento das forma\u00e7\u00f5es objetivas&hellip;&nbsp;<a href=\"https:\/\/livrariadocampus.com.br\/loja\/produto\/cuidar-em-oncologia-diretrizes-e-perspectivas-capa-comum-2006-por-regina-celia-popim-autor-magali-roseira-boemer-autor\/\" class=\"\" rel=\"bookmark\">Continue a ler &raquo;<span class=\"screen-reader-text\">cuidar em oncologia: Diretrizes e perspectivas Capa comum \u2013  2006 por Regina Celia Popim (Autor), Magali Roseira Boemer (Autor)<\/span><\/a><\/p>\n","protected":false},"featured_media":6967,"template":"","meta":{"neve_meta_sidebar":"","neve_meta_container":"","neve_meta_enable_content_width":"off","neve_meta_content_width":100,"neve_meta_title_alignment":"","neve_meta_author_avatar":"","neve_post_elements_order":"","neve_meta_disable_header":"","neve_meta_disable_footer":"","neve_meta_disable_title":"","_joinchat":[]},"product_brand":[],"product_cat":[249,250],"product_tag":[],"class_list":{"0":"post-6966","1":"product","2":"type-product","3":"status-publish","4":"has-post-thumbnail","6":"product_cat-literatura-geral","7":"product_cat-promocao","9":"first","10":"instock","11":"sold-individually","12":"shipping-taxable","13":"purchasable","14":"product-type-simple"},"jetpack_sharing_enabled":true,"_links":{"self":[{"href":"https:\/\/livrariadocampus.com.br\/loja\/wp-json\/wp\/v2\/product\/6966","targetHints":{"allow":["GET"]}}],"collection":[{"href":"https:\/\/livrariadocampus.com.br\/loja\/wp-json\/wp\/v2\/product"}],"about":[{"href":"https:\/\/livrariadocampus.com.br\/loja\/wp-json\/wp\/v2\/types\/product"}],"wp:featuredmedia":[{"embeddable":true,"href":"https:\/\/livrariadocampus.com.br\/loja\/wp-json\/wp\/v2\/media\/6967"}],"wp:attachment":[{"href":"https:\/\/livrariadocampus.com.br\/loja\/wp-json\/wp\/v2\/media?parent=6966"}],"wp:term":[{"taxonomy":"product_brand","embeddable":true,"href":"https:\/\/livrariadocampus.com.br\/loja\/wp-json\/wp\/v2\/product_brand?post=6966"},{"taxonomy":"product_cat","embeddable":true,"href":"https:\/\/livrariadocampus.com.br\/loja\/wp-json\/wp\/v2\/product_cat?post=6966"},{"taxonomy":"product_tag","embeddable":true,"href":"https:\/\/livrariadocampus.com.br\/loja\/wp-json\/wp\/v2\/product_tag?post=6966"}],"curies":[{"name":"wp","href":"https:\/\/api.w.org\/{rel}","templated":true}]}}