{"id":6962,"date":"2023-06-16T11:35:04","date_gmt":"2023-06-16T14:35:04","guid":{"rendered":"https:\/\/livrariadocampus.com.br\/loja\/?post_type=product&#038;p=6962"},"modified":"2023-06-16T11:35:04","modified_gmt":"2023-06-16T14:35:04","slug":"elegia-erotica-romana-o-amor-a-poesia-e-o-ocidente-capa-comum-2015-edicao-frances-por-paul-veyne-autor-mariana-echalar-tradutor","status":"publish","type":"product","link":"https:\/\/livrariadocampus.com.br\/loja\/produto\/elegia-erotica-romana-o-amor-a-poesia-e-o-ocidente-capa-comum-2015-edicao-frances-por-paul-veyne-autor-mariana-echalar-tradutor\/","title":{"rendered":"Elegia Er\u00f3tica Romana: O amor, a poesia e o Ocidente Capa comum \u2013 2015 Edi\u00e7\u00e3o Franc\u00eas  por Paul Veyne (Autor), Mariana Echalar (Tradutor)"},"content":{"rendered":"<p>Catulo, Prop\u00e9rcio, Tibulo, Ov\u00eddio, goliardos da Antiguidade cl\u00e1ssica, s\u00e3o recriados nestas p\u00e1ginas atrav\u00e9s da extraordin\u00e1ria vis\u00e3o de Paul Veyne, que estabelece o v\u00ednculo cr\u00edtico em que o amor e a poesia produzem uma estiliza\u00e7\u00e3o da vida cotidiana e a revestem de brilho e intensidade.<\/p>\n","protected":false},"excerpt":{"rendered":"<p>Catulo, Prop\u00e9rcio, Tibulo, Ov\u00eddio, goliardos da Antiguidade cl\u00e1ssica, s\u00e3o recriados nestas p\u00e1ginas atrav\u00e9s da extraordin\u00e1ria vis\u00e3o de Paul Veyne, que estabelece o v\u00ednculo cr\u00edtico em que o amor e a poesia produzem uma estiliza\u00e7\u00e3o da vida cotidiana e a revestem de brilho e intensidade.<\/p>\n","protected":false},"featured_media":6963,"template":"","meta":{"neve_meta_sidebar":"","neve_meta_container":"","neve_meta_enable_content_width":"off","neve_meta_content_width":100,"neve_meta_title_alignment":"","neve_meta_author_avatar":"","neve_post_elements_order":"","neve_meta_disable_header":"","neve_meta_disable_footer":"","neve_meta_disable_title":"","_joinchat":[]},"product_brand":[],"product_cat":[249,250],"product_tag":[],"class_list":{"0":"post-6962","1":"product","2":"type-product","3":"status-publish","4":"has-post-thumbnail","6":"product_cat-literatura-geral","7":"product_cat-promocao","9":"first","10":"instock","11":"sale","12":"sold-individually","13":"shipping-taxable","14":"purchasable","15":"product-type-simple"},"jetpack_sharing_enabled":true,"_links":{"self":[{"href":"https:\/\/livrariadocampus.com.br\/loja\/wp-json\/wp\/v2\/product\/6962","targetHints":{"allow":["GET"]}}],"collection":[{"href":"https:\/\/livrariadocampus.com.br\/loja\/wp-json\/wp\/v2\/product"}],"about":[{"href":"https:\/\/livrariadocampus.com.br\/loja\/wp-json\/wp\/v2\/types\/product"}],"wp:featuredmedia":[{"embeddable":true,"href":"https:\/\/livrariadocampus.com.br\/loja\/wp-json\/wp\/v2\/media\/6963"}],"wp:attachment":[{"href":"https:\/\/livrariadocampus.com.br\/loja\/wp-json\/wp\/v2\/media?parent=6962"}],"wp:term":[{"taxonomy":"product_brand","embeddable":true,"href":"https:\/\/livrariadocampus.com.br\/loja\/wp-json\/wp\/v2\/product_brand?post=6962"},{"taxonomy":"product_cat","embeddable":true,"href":"https:\/\/livrariadocampus.com.br\/loja\/wp-json\/wp\/v2\/product_cat?post=6962"},{"taxonomy":"product_tag","embeddable":true,"href":"https:\/\/livrariadocampus.com.br\/loja\/wp-json\/wp\/v2\/product_tag?post=6962"}],"curies":[{"name":"wp","href":"https:\/\/api.w.org\/{rel}","templated":true}]}}