{"id":6960,"date":"2023-06-15T16:26:18","date_gmt":"2023-06-15T19:26:18","guid":{"rendered":"https:\/\/livrariadocampus.com.br\/loja\/?post_type=product&#038;p=6960"},"modified":"2024-09-24T17:53:04","modified_gmt":"2024-09-24T20:53:04","slug":"fisioterapia-em-gerontologia-clinica-capa-dura-2021-edicao-portugues-por-flavia-maria-campos-de-abreu-autor","status":"publish","type":"product","link":"https:\/\/livrariadocampus.com.br\/loja\/produto\/fisioterapia-em-gerontologia-clinica-capa-dura-2021-edicao-portugues-por-flavia-maria-campos-de-abreu-autor\/","title":{"rendered":"Fisioterapia em Gerontologia Cl\u00ednica Capa dura \u2013  2021 Edi\u00e7\u00e3o Portugu\u00eas  por Fl\u00e1via Maria Campos de Abreu (Autor)"},"content":{"rendered":"<p>isioterapia em Gerontologia Cl\u00ednica \u00e9 um livro atualizado com a nova realidade demogr\u00e1fica, marcada pelo expressivo crescimento da popula\u00e7\u00e3o de idosos, que acentua o constante desafio da promo\u00e7\u00e3o da sa\u00fade, preven\u00e7\u00e3o de doen\u00e7as, reabilita\u00e7\u00e3o e os cuidados paliativos.<\/p>\n<p>O progressivo envelhecimento da popula\u00e7\u00e3o mundial tem sido acompanhado pelo crescente n\u00famero de profissionais e equipes multidisciplinares envolvidos com o envelhecimento, a autonomia, a sa\u00fade e a qualidade de vida dos idosos.<\/p>\n<p>Nesse cen\u00e1rio, a Fisioterapia, como a ci\u00eancia da sa\u00fade que estuda, previne e trata dist\u00farbios cin\u00e9ticos funcionais, assume um papel de relevo ao atuar na sa\u00fade, envelhecimento, funcionalidade e independ\u00eancia da pessoa idosa.<\/p>\n<p>Fisioterapia em Gerontologia Cl\u00ednica \u00e9 uma obra de refer\u00eancia a todos os profissionais de sa\u00fade que atuam no cuidado ao paciente idoso e est\u00e1 dividida em 2 se\u00e7\u00f5es, 31 cap\u00edtulos, em um total de 456 p\u00e1ginas.<\/p>\n<p>As duas se\u00e7\u00f5es s\u00e3o as que seguem:<\/p>\n<p>Se\u00e7\u00e3o 1 \u2013 Aspectos Gerais \u2013 estudos dos principais conceitos que envolvem o envelhecimento: anat\u00f4micos, fisiol\u00f3gicos, patol\u00f3gicos, psicol\u00f3gicos, tecidos cognitivo e osteomuscular, fraturas e defici\u00eancias nutricionais.<\/p>\n<p>Se\u00e7\u00e3o 2 \u2013 Pr\u00e1tica de Reabilita\u00e7\u00e3o \u2013 t\u00e9cnicas aplicadas. Manobras, mobiliza\u00e7\u00f5es e outros recursos destinados \u00e0s doen\u00e7as mais comuns do envelhecimento: neurol\u00f3gicas, cardiorrespirat\u00f3rias, end\u00f3crinas, metab\u00f3licas, nutricionais, urogenitais e outras.<\/p>\n<p>O livro tem como p\u00fablico-alvo Fisioterapeutas, pesquisadores, profissionais e estudantes das diversas \u00e1reas de atua\u00e7\u00e3o em Geriatria e Gerontologia.<\/p>\n<p>Leia mais<br \/>\n   Relatar informa\u00e7\u00f5es incorretas sobre o produto.<\/p>\n","protected":false},"excerpt":{"rendered":"<p>isioterapia em Gerontologia Cl\u00ednica \u00e9 um livro atualizado com a nova realidade demogr\u00e1fica, marcada pelo expressivo crescimento da popula\u00e7\u00e3o de idosos, que acentua o constante desafio da promo\u00e7\u00e3o da sa\u00fade, preven\u00e7\u00e3o de doen\u00e7as, reabilita\u00e7\u00e3o e os cuidados paliativos. O progressivo envelhecimento da popula\u00e7\u00e3o mundial tem sido acompanhado pelo crescente n\u00famero de profissionais e equipes multidisciplinares&hellip;&nbsp;<a href=\"https:\/\/livrariadocampus.com.br\/loja\/produto\/fisioterapia-em-gerontologia-clinica-capa-dura-2021-edicao-portugues-por-flavia-maria-campos-de-abreu-autor\/\" class=\"\" rel=\"bookmark\">Continue a ler &raquo;<span class=\"screen-reader-text\">Fisioterapia em Gerontologia Cl\u00ednica Capa dura \u2013  2021 Edi\u00e7\u00e3o Portugu\u00eas  por Fl\u00e1via Maria Campos de Abreu (Autor)<\/span><\/a><\/p>\n","protected":false},"featured_media":6961,"template":"","meta":{"neve_meta_sidebar":"","neve_meta_container":"","neve_meta_enable_content_width":"off","neve_meta_content_width":100,"neve_meta_title_alignment":"","neve_meta_author_avatar":"","neve_post_elements_order":"","neve_meta_disable_header":"","neve_meta_disable_footer":"","neve_meta_disable_title":"","_joinchat":[]},"product_brand":[],"product_cat":[181,250],"product_tag":[],"class_list":{"0":"post-6960","1":"product","2":"type-product","3":"status-publish","4":"has-post-thumbnail","6":"product_cat-fisioterapia-e-reabilitacao","7":"product_cat-promocao","9":"first","10":"instock","11":"sold-individually","12":"shipping-taxable","13":"purchasable","14":"product-type-simple"},"jetpack_sharing_enabled":true,"_links":{"self":[{"href":"https:\/\/livrariadocampus.com.br\/loja\/wp-json\/wp\/v2\/product\/6960","targetHints":{"allow":["GET"]}}],"collection":[{"href":"https:\/\/livrariadocampus.com.br\/loja\/wp-json\/wp\/v2\/product"}],"about":[{"href":"https:\/\/livrariadocampus.com.br\/loja\/wp-json\/wp\/v2\/types\/product"}],"wp:featuredmedia":[{"embeddable":true,"href":"https:\/\/livrariadocampus.com.br\/loja\/wp-json\/wp\/v2\/media\/6961"}],"wp:attachment":[{"href":"https:\/\/livrariadocampus.com.br\/loja\/wp-json\/wp\/v2\/media?parent=6960"}],"wp:term":[{"taxonomy":"product_brand","embeddable":true,"href":"https:\/\/livrariadocampus.com.br\/loja\/wp-json\/wp\/v2\/product_brand?post=6960"},{"taxonomy":"product_cat","embeddable":true,"href":"https:\/\/livrariadocampus.com.br\/loja\/wp-json\/wp\/v2\/product_cat?post=6960"},{"taxonomy":"product_tag","embeddable":true,"href":"https:\/\/livrariadocampus.com.br\/loja\/wp-json\/wp\/v2\/product_tag?post=6960"}],"curies":[{"name":"wp","href":"https:\/\/api.w.org\/{rel}","templated":true}]}}