{"id":6958,"date":"2023-06-15T16:21:53","date_gmt":"2023-06-15T19:21:53","guid":{"rendered":"https:\/\/livrariadocampus.com.br\/loja\/?post_type=product&#038;p=6958"},"modified":"2023-06-15T16:27:06","modified_gmt":"2023-06-15T19:27:06","slug":"fisioterapia-em-cardiologia-da-unidade-de-terapia-intensiva-a-reabilitacao","status":"publish","type":"product","link":"https:\/\/livrariadocampus.com.br\/loja\/produto\/fisioterapia-em-cardiologia-da-unidade-de-terapia-intensiva-a-reabilitacao\/","title":{"rendered":"Fisioterapia em Cardiologia &#8211; Da Unidade de Terapia Intensiva \u00e0 Reabilita\u00e7\u00e3o"},"content":{"rendered":"<p>Este livro aborda as diversas \u00e1reas de atua\u00e7\u00e3o da fisioterapia em cardiologia.Principais caracter\u00edsticas:\u2022 Pr\u00e9 e p\u00f3s-operat\u00f3rio de diversas doen\u00e7as card\u00edacas\u2022 Cardiologia pedi\u00e1trica\u2022 Temas relacionados \u00e0 terapia intensiva e \u00e0s complica\u00e7\u00f5es das cardiopatias\u2022 Preven\u00e7\u00e3o dos fatores de risco da doen\u00e7a arterial coronariana\u2022 Transplante card\u00edaco\u2022 Reabilita\u00e7\u00e3o cardiovascular\u2022 Estrutura\u00e7\u00e3o de um servi\u00e7o de fisioterapia em cardiologia<\/p>\n","protected":false},"excerpt":{"rendered":"<p>Este livro aborda as diversas \u00e1reas de atua\u00e7\u00e3o da fisioterapia em cardiologia.Principais caracter\u00edsticas:\u2022 Pr\u00e9 e p\u00f3s-operat\u00f3rio de diversas doen\u00e7as card\u00edacas\u2022 Cardiologia pedi\u00e1trica\u2022 Temas relacionados \u00e0 terapia intensiva e \u00e0s complica\u00e7\u00f5es das cardiopatias\u2022 Preven\u00e7\u00e3o dos fatores de risco da doen\u00e7a arterial coronariana\u2022 Transplante card\u00edaco\u2022 Reabilita\u00e7\u00e3o cardiovascular\u2022 Estrutura\u00e7\u00e3o de um servi\u00e7o de fisioterapia em cardiologia<\/p>\n","protected":false},"featured_media":6959,"template":"","meta":{"neve_meta_sidebar":"","neve_meta_container":"","neve_meta_enable_content_width":"off","neve_meta_content_width":100,"neve_meta_title_alignment":"","neve_meta_author_avatar":"","neve_post_elements_order":"","neve_meta_disable_header":"","neve_meta_disable_footer":"","neve_meta_disable_title":"","_joinchat":[]},"product_brand":[],"product_cat":[181,250],"product_tag":[],"class_list":{"0":"post-6958","1":"product","2":"type-product","3":"status-publish","4":"has-post-thumbnail","6":"product_cat-fisioterapia-e-reabilitacao","7":"product_cat-promocao","9":"first","10":"instock","11":"sale","12":"shipping-taxable","13":"purchasable","14":"product-type-simple"},"jetpack_sharing_enabled":true,"_links":{"self":[{"href":"https:\/\/livrariadocampus.com.br\/loja\/wp-json\/wp\/v2\/product\/6958","targetHints":{"allow":["GET"]}}],"collection":[{"href":"https:\/\/livrariadocampus.com.br\/loja\/wp-json\/wp\/v2\/product"}],"about":[{"href":"https:\/\/livrariadocampus.com.br\/loja\/wp-json\/wp\/v2\/types\/product"}],"wp:featuredmedia":[{"embeddable":true,"href":"https:\/\/livrariadocampus.com.br\/loja\/wp-json\/wp\/v2\/media\/6959"}],"wp:attachment":[{"href":"https:\/\/livrariadocampus.com.br\/loja\/wp-json\/wp\/v2\/media?parent=6958"}],"wp:term":[{"taxonomy":"product_brand","embeddable":true,"href":"https:\/\/livrariadocampus.com.br\/loja\/wp-json\/wp\/v2\/product_brand?post=6958"},{"taxonomy":"product_cat","embeddable":true,"href":"https:\/\/livrariadocampus.com.br\/loja\/wp-json\/wp\/v2\/product_cat?post=6958"},{"taxonomy":"product_tag","embeddable":true,"href":"https:\/\/livrariadocampus.com.br\/loja\/wp-json\/wp\/v2\/product_tag?post=6958"}],"curies":[{"name":"wp","href":"https:\/\/api.w.org\/{rel}","templated":true}]}}