{"id":6955,"date":"2023-06-15T16:09:54","date_gmt":"2023-06-15T19:09:54","guid":{"rendered":"https:\/\/livrariadocampus.com.br\/loja\/?post_type=product&#038;p=6955"},"modified":"2023-06-15T16:27:52","modified_gmt":"2023-06-15T19:27:52","slug":"concursos-de-fisioterapia-1000-questoes-comentadas-com-dicas-e-bizus-com-foco-na-preparacao-para-concursos-publicos-2019-edicao-portugues-por-jose-decio-fernandes-de-araujo-autor-jose-pinheiro","status":"publish","type":"product","link":"https:\/\/livrariadocampus.com.br\/loja\/produto\/concursos-de-fisioterapia-1000-questoes-comentadas-com-dicas-e-bizus-com-foco-na-preparacao-para-concursos-publicos-2019-edicao-portugues-por-jose-decio-fernandes-de-araujo-autor-jose-pinheiro\/","title":{"rendered":"Concursos de Fisioterapia &#8211; 1000 Quest\u00f5es Comentadas com Dicas e Bizus: com foco na prepara\u00e7\u00e3o para concursos p\u00fablicos 2019 Edi\u00e7\u00e3o Portugu\u00eas  por Jos\u00e9 D\u00e9cio Fernandes de Ara\u00fajo (Autor), Jos\u00e9 Pinheiro Batista Medeiros"},"content":{"rendered":"<p>O livro 1.000 Quest\u00f5es Comentadas com Dicas e Bizus \u00e9 uma obra voltada para direcionar o acad\u00eamico e\/ou profissional de Fisioterapia na prepara\u00e7\u00e3o para concursos, sele\u00e7\u00f5es e resid\u00eancias. Tamb\u00e9m possui o objetivo de otimizar os estudos proporcionando uma metodologia eficiente para resolu\u00e7\u00e3o de quest\u00f5es com abordagem pr\u00e1tica, objetiva e eficaz. Nesse livro voc\u00ea ir\u00e1 adquirir uma vis\u00e3o geral dos temas mais frequentes em provas de concursos, sempre focando em dicas de acertos e resolu\u00e7\u00e3o de quest\u00f5es por meio de esquemas de estudo. Este trabalho contempla 15 cap\u00edtulos onde trazemos dicas infal\u00edveis com coment\u00e1rios que ir\u00e3o otimizar sua rotina de estudos.Seu p\u00fablico-leitor \u00e9 formado por candidatos a fisioterapeutas e estudantes de gradua\u00e7\u00e3o em Fisioterapia que desejam ingressar na carreira p\u00fablica em n\u00edvel municipal, estadual ou federal ou preparar-se para resid\u00eancias multiprofissionais em fisioterapia. Tamb\u00e9m profissionais Fisioterapeutas que desejam revisar ou rever um conhecimento sistematizado por assunto.Esta obra apresenta diversos esquemas de estudo com bizus e t\u00e9cnicas de memoriza\u00e7\u00e3o que s\u00e3o diferenciais para prepara\u00e7\u00e3o de concursos. Estudar por quest\u00f5es comentadas de concursos anteriores \u00e9 a melhor ferramenta para passar em concursos p\u00fablicos; Obra direcionada para prepara\u00e7\u00e3o para Concursos p\u00fablicos Municipais, Estaduais e Federais; Concursos da EBSERH, Tribunais e Minist\u00e9rios; Resid\u00eancias Multiprofissionais em Fisioterapia; Sele\u00e7\u00f5es para o Corpo de Sa\u00fade da Marinha, Ex\u00e9rcito e Aeron\u00e1utica.<br \/>\nLeia mais<\/p>\n","protected":false},"excerpt":{"rendered":"<p>O livro 1.000 Quest\u00f5es Comentadas com Dicas e Bizus \u00e9 uma obra voltada para direcionar o acad\u00eamico e\/ou profissional de Fisioterapia na prepara\u00e7\u00e3o para concursos, sele\u00e7\u00f5es e resid\u00eancias. Tamb\u00e9m possui o objetivo de otimizar os estudos proporcionando uma metodologia eficiente para resolu\u00e7\u00e3o de quest\u00f5es com abordagem pr\u00e1tica, objetiva e eficaz. Nesse livro voc\u00ea ir\u00e1 adquirir&hellip;&nbsp;<a href=\"https:\/\/livrariadocampus.com.br\/loja\/produto\/concursos-de-fisioterapia-1000-questoes-comentadas-com-dicas-e-bizus-com-foco-na-preparacao-para-concursos-publicos-2019-edicao-portugues-por-jose-decio-fernandes-de-araujo-autor-jose-pinheiro\/\" class=\"\" rel=\"bookmark\">Continue a ler &raquo;<span class=\"screen-reader-text\">Concursos de Fisioterapia &#8211; 1000 Quest\u00f5es Comentadas com Dicas e Bizus: com foco na prepara\u00e7\u00e3o para concursos p\u00fablicos 2019 Edi\u00e7\u00e3o Portugu\u00eas  por Jos\u00e9 D\u00e9cio Fernandes de Ara\u00fajo (Autor), Jos\u00e9 Pinheiro Batista Medeiros<\/span><\/a><\/p>\n","protected":false},"featured_media":6956,"template":"","meta":{"neve_meta_sidebar":"","neve_meta_container":"","neve_meta_enable_content_width":"off","neve_meta_content_width":100,"neve_meta_title_alignment":"","neve_meta_author_avatar":"","neve_post_elements_order":"","neve_meta_disable_header":"","neve_meta_disable_footer":"","neve_meta_disable_title":"","_joinchat":[]},"product_brand":[],"product_cat":[181,250],"product_tag":[],"class_list":{"0":"post-6955","1":"product","2":"type-product","3":"status-publish","4":"has-post-thumbnail","6":"product_cat-fisioterapia-e-reabilitacao","7":"product_cat-promocao","9":"first","10":"instock","11":"sale","12":"sold-individually","13":"shipping-taxable","14":"purchasable","15":"product-type-simple"},"jetpack_sharing_enabled":true,"_links":{"self":[{"href":"https:\/\/livrariadocampus.com.br\/loja\/wp-json\/wp\/v2\/product\/6955","targetHints":{"allow":["GET"]}}],"collection":[{"href":"https:\/\/livrariadocampus.com.br\/loja\/wp-json\/wp\/v2\/product"}],"about":[{"href":"https:\/\/livrariadocampus.com.br\/loja\/wp-json\/wp\/v2\/types\/product"}],"wp:featuredmedia":[{"embeddable":true,"href":"https:\/\/livrariadocampus.com.br\/loja\/wp-json\/wp\/v2\/media\/6956"}],"wp:attachment":[{"href":"https:\/\/livrariadocampus.com.br\/loja\/wp-json\/wp\/v2\/media?parent=6955"}],"wp:term":[{"taxonomy":"product_brand","embeddable":true,"href":"https:\/\/livrariadocampus.com.br\/loja\/wp-json\/wp\/v2\/product_brand?post=6955"},{"taxonomy":"product_cat","embeddable":true,"href":"https:\/\/livrariadocampus.com.br\/loja\/wp-json\/wp\/v2\/product_cat?post=6955"},{"taxonomy":"product_tag","embeddable":true,"href":"https:\/\/livrariadocampus.com.br\/loja\/wp-json\/wp\/v2\/product_tag?post=6955"}],"curies":[{"name":"wp","href":"https:\/\/api.w.org\/{rel}","templated":true}]}}