{"id":6947,"date":"2023-06-15T15:42:32","date_gmt":"2023-06-15T18:42:32","guid":{"rendered":"https:\/\/livrariadocampus.com.br\/loja\/?post_type=product&#038;p=6947"},"modified":"2024-07-16T15:56:54","modified_gmt":"2024-07-16T18:56:54","slug":"nelson-tratado-de-pediatria-2-volumes-capa-dura-18-edicao-2009","status":"publish","type":"product","link":"https:\/\/livrariadocampus.com.br\/loja\/produto\/nelson-tratado-de-pediatria-2-volumes-capa-dura-18-edicao-2009\/","title":{"rendered":"Nelson Tratado De Pediatria &#8211; 2 Volumes Capa dura \u2013 18 EDI\u00c7\u00c3O 2009"},"content":{"rendered":"<p>Nelson Tratado de Pediatria h\u00e1 mais de 70 anos \u00e9 a obra de refer\u00eancia para a pediatria no mundo todo. Mantendo a tradi\u00e7\u00e3o a nova edi\u00e7\u00e3o foi completamente atualizada e teve acr\u00e9scimo significativo de conte\u00fado para garantir que o estudante e o profissional de sa\u00fade tenham acesso ao conhecimento mais recente e confi\u00e1vel para melhor diagnosticar e tratar seus pacientes.A pediatria \u00e9 uma especialidade com in\u00fameras particularidades regionais. Por isso a Elsevier desenvolveu esta nova edi\u00e7\u00e3o com adapta\u00e7\u00f5es para a realidade brasileira. Acreditamos que uma obra relevante e de porte internacional como o Nelson Tratado de Pediatria poder\u00e1 agregar ainda mais valor aos pediatras brasileiros neste novo formato.A nova edi\u00e7\u00e3o brasileira inova portanto ao adaptar o conte\u00fado deste texto de refer\u00eancia internacional a importantes particularidades da realidade brasileira. As adapta\u00e7\u00f5es foram feitas em t\u00f3picos relevantes do ponto de vista cl\u00ednico e epidemiol\u00f3gico como a abordagem de crian\u00e7as com necessidades especiais nutri\u00e7\u00e3o calend\u00e1rio de vacinas doen\u00e7as infecciosas prevalentes em nosso meio riscos ambientais \u00e0 sa\u00fade entre outros.<\/p>\n","protected":false},"excerpt":{"rendered":"<p>Nelson Tratado de Pediatria h\u00e1 mais de 70 anos \u00e9 a obra de refer\u00eancia para a pediatria no mundo todo. Mantendo a tradi\u00e7\u00e3o a nova edi\u00e7\u00e3o foi completamente atualizada e teve acr\u00e9scimo significativo de conte\u00fado para garantir que o estudante e o profissional de sa\u00fade tenham acesso ao conhecimento mais recente e confi\u00e1vel para melhor&hellip;&nbsp;<a href=\"https:\/\/livrariadocampus.com.br\/loja\/produto\/nelson-tratado-de-pediatria-2-volumes-capa-dura-18-edicao-2009\/\" class=\"\" rel=\"bookmark\">Continue a ler &raquo;<span class=\"screen-reader-text\">Nelson Tratado De Pediatria &#8211; 2 Volumes Capa dura \u2013 18 EDI\u00c7\u00c3O 2009<\/span><\/a><\/p>\n","protected":false},"featured_media":6948,"template":"","meta":{"neve_meta_sidebar":"","neve_meta_container":"","neve_meta_enable_content_width":"off","neve_meta_content_width":100,"neve_meta_title_alignment":"","neve_meta_author_avatar":"","neve_post_elements_order":"","neve_meta_disable_header":"","neve_meta_disable_footer":"","neve_meta_disable_title":"","_joinchat":[]},"product_brand":[],"product_cat":[182,76,250],"product_tag":[],"class_list":{"0":"post-6947","1":"product","2":"type-product","3":"status-publish","4":"has-post-thumbnail","6":"product_cat-pediatria-neonatologia","7":"product_cat-pediatria-neonatologia-pediatria-neonatologia","8":"product_cat-promocao","10":"first","11":"instock","12":"sale","13":"sold-individually","14":"shipping-taxable","15":"purchasable","16":"product-type-simple"},"jetpack_sharing_enabled":true,"_links":{"self":[{"href":"https:\/\/livrariadocampus.com.br\/loja\/wp-json\/wp\/v2\/product\/6947","targetHints":{"allow":["GET"]}}],"collection":[{"href":"https:\/\/livrariadocampus.com.br\/loja\/wp-json\/wp\/v2\/product"}],"about":[{"href":"https:\/\/livrariadocampus.com.br\/loja\/wp-json\/wp\/v2\/types\/product"}],"wp:featuredmedia":[{"embeddable":true,"href":"https:\/\/livrariadocampus.com.br\/loja\/wp-json\/wp\/v2\/media\/6948"}],"wp:attachment":[{"href":"https:\/\/livrariadocampus.com.br\/loja\/wp-json\/wp\/v2\/media?parent=6947"}],"wp:term":[{"taxonomy":"product_brand","embeddable":true,"href":"https:\/\/livrariadocampus.com.br\/loja\/wp-json\/wp\/v2\/product_brand?post=6947"},{"taxonomy":"product_cat","embeddable":true,"href":"https:\/\/livrariadocampus.com.br\/loja\/wp-json\/wp\/v2\/product_cat?post=6947"},{"taxonomy":"product_tag","embeddable":true,"href":"https:\/\/livrariadocampus.com.br\/loja\/wp-json\/wp\/v2\/product_tag?post=6947"}],"curies":[{"name":"wp","href":"https:\/\/api.w.org\/{rel}","templated":true}]}}