{"id":6945,"date":"2023-06-15T15:36:25","date_gmt":"2023-06-15T18:36:25","guid":{"rendered":"https:\/\/livrariadocampus.com.br\/loja\/?post_type=product&#038;p=6945"},"modified":"2024-07-16T15:58:01","modified_gmt":"2024-07-16T18:58:01","slug":"nelson-tratado-de-pediatria-2-volumes-capa-dura-2013","status":"publish","type":"product","link":"https:\/\/livrariadocampus.com.br\/loja\/produto\/nelson-tratado-de-pediatria-2-volumes-capa-dura-2013\/","title":{"rendered":"Nelson Tratado de Pediatria &#8211; 2 Volumes 19 EDI\u00c7\u00c3O\u2013  2013 PROMO\u00c7\u00c3O"},"content":{"rendered":"<p>Nelson Tratado de Pediatria \u00e9 reconhecido mundialmente como a obra refer\u00eancia mais confi\u00e1vel na pediatria. A 19\u00aa edi\u00e7\u00e3o, atualizada, conta com dois novos editores e material online. Voc\u00ea ter\u00e1 a orienta\u00e7\u00e3o que necessita para oferecer o que h\u00e1 de melhor aos seus pacientes. A nova edi\u00e7\u00e3o do Nelson Tratado de Pediatria apresenta assuntos da realidade brasileira atrav\u00e9s de links e de notas sobre as principais normas e diretrizes fundamentais como: calend\u00e1rio vacinal, alimenta\u00e7\u00e3o no primeiro ano de vida, tratamento de doen\u00e7as como a AIDS, tuberculose e hansen\u00edase, aspectos espec\u00edficos da legisla\u00e7\u00e3o brasileira e, especialmente, as doen\u00e7as que se tornaram raras nos pa\u00edses desenvolvidos e nos grandes centros, mas que ainda amea\u00e7am um grande n\u00famero de brasileiros, muitas das quais est\u00e3o sofrendo mudan\u00e7as em sua distribui\u00e7\u00e3o dentro do territ\u00f3rio nacional. O livro Nelson Tratado de Pediatria 19\u00aa Edi\u00e7\u00e3o \u00e9 h\u00e1 mais de 75 anos \u00e9 a obra de refer\u00eancia para a pediatria no mundo todo!<br \/>\nFique atualizado sobre recentes avan\u00e7os e temas atuais, como envenenamento por melamina, perman\u00eancia prolongada da crian\u00e7a gravemente enferma em ventila\u00e7\u00e3o mec\u00e2nica, identidade sexual e homossexualidade do adolescente, transtornos comportamentais espec\u00edficos de cada idade e psicose associada \u00e0 epilepsia.<br \/>\nExplore o conte\u00fado que foi substancialmente enriquecido com a grande experi\u00eancia cl\u00ednica em pesquisa dos dois novos editores \u2013 Joseph W. St. Geme III, MD, e Nina F. Schor, MD, PhD \u2013 que contribuem para importantes subespecialidades, entre as quais doen\u00e7as infecciosas e neurologia pedi\u00e1tricas.<br \/>\nOriente a transi\u00e7\u00e3o das crian\u00e7as com doen\u00e7as cr\u00f4nicas para os cuidados de sa\u00fade de adultos por meio de discuss\u00f5es sobre as necessidades gerais de sa\u00fade dos pacientes com cardiopatias cong\u00eanitas, diabetes e fibrose c\u00edstica.<br \/>\nIdentifique, diagnostique e trate afec\u00e7\u00f5es gen\u00e9ticas com mais efici\u00eancia usando a se\u00e7\u00e3o que foi ampliada e faz extensa cobertura de doen\u00e7as, dist\u00farbios e s\u00edndromes.<\/p>\n<p>Leia mais<\/p>\n","protected":false},"excerpt":{"rendered":"<p>Nelson Tratado de Pediatria \u00e9 reconhecido mundialmente como a obra refer\u00eancia mais confi\u00e1vel na pediatria. A 19\u00aa edi\u00e7\u00e3o, atualizada, conta com dois novos editores e material online. Voc\u00ea ter\u00e1 a orienta\u00e7\u00e3o que necessita para oferecer o que h\u00e1 de melhor aos seus pacientes. A nova edi\u00e7\u00e3o do Nelson Tratado de Pediatria apresenta assuntos da realidade&hellip;&nbsp;<a href=\"https:\/\/livrariadocampus.com.br\/loja\/produto\/nelson-tratado-de-pediatria-2-volumes-capa-dura-2013\/\" class=\"\" rel=\"bookmark\">Continue a ler &raquo;<span class=\"screen-reader-text\">Nelson Tratado de Pediatria &#8211; 2 Volumes 19 EDI\u00c7\u00c3O\u2013  2013 PROMO\u00c7\u00c3O<\/span><\/a><\/p>\n","protected":false},"featured_media":6946,"template":"","meta":{"neve_meta_sidebar":"","neve_meta_container":"","neve_meta_enable_content_width":"off","neve_meta_content_width":100,"neve_meta_title_alignment":"","neve_meta_author_avatar":"","neve_post_elements_order":"","neve_meta_disable_header":"","neve_meta_disable_footer":"","neve_meta_disable_title":"","_joinchat":[]},"product_brand":[],"product_cat":[56,182,76,250],"product_tag":[299],"class_list":{"0":"post-6945","1":"product","2":"type-product","3":"status-publish","4":"has-post-thumbnail","6":"product_cat-pediatria","7":"product_cat-pediatria-neonatologia","8":"product_cat-pediatria-neonatologia-pediatria-neonatologia","9":"product_cat-promocao","10":"product_tag-299","12":"first","13":"instock","14":"sale","15":"sold-individually","16":"shipping-taxable","17":"purchasable","18":"product-type-simple"},"jetpack_sharing_enabled":true,"_links":{"self":[{"href":"https:\/\/livrariadocampus.com.br\/loja\/wp-json\/wp\/v2\/product\/6945","targetHints":{"allow":["GET"]}}],"collection":[{"href":"https:\/\/livrariadocampus.com.br\/loja\/wp-json\/wp\/v2\/product"}],"about":[{"href":"https:\/\/livrariadocampus.com.br\/loja\/wp-json\/wp\/v2\/types\/product"}],"wp:featuredmedia":[{"embeddable":true,"href":"https:\/\/livrariadocampus.com.br\/loja\/wp-json\/wp\/v2\/media\/6946"}],"wp:attachment":[{"href":"https:\/\/livrariadocampus.com.br\/loja\/wp-json\/wp\/v2\/media?parent=6945"}],"wp:term":[{"taxonomy":"product_brand","embeddable":true,"href":"https:\/\/livrariadocampus.com.br\/loja\/wp-json\/wp\/v2\/product_brand?post=6945"},{"taxonomy":"product_cat","embeddable":true,"href":"https:\/\/livrariadocampus.com.br\/loja\/wp-json\/wp\/v2\/product_cat?post=6945"},{"taxonomy":"product_tag","embeddable":true,"href":"https:\/\/livrariadocampus.com.br\/loja\/wp-json\/wp\/v2\/product_tag?post=6945"}],"curies":[{"name":"wp","href":"https:\/\/api.w.org\/{rel}","templated":true}]}}