{"id":6939,"date":"2023-06-15T13:17:54","date_gmt":"2023-06-15T16:17:54","guid":{"rendered":"https:\/\/livrariadocampus.com.br\/loja\/?post_type=product&#038;p=6939"},"modified":"2023-06-15T13:17:55","modified_gmt":"2023-06-15T16:17:55","slug":"saude-mental-desafios-contemporaneos-capa-comum-lancamento-2022-por-isabel-c-weiss-de-souza-editor-elisa-h-kozasa-edi","status":"publish","type":"product","link":"https:\/\/livrariadocampus.com.br\/loja\/produto\/saude-mental-desafios-contemporaneos-capa-comum-lancamento-2022-por-isabel-c-weiss-de-souza-editor-elisa-h-kozasa-edi\/","title":{"rendered":"Sa\u00fade Mental: Desafios contempor\u00e2neos Capa comum \u2013 LAN\u00c7AMENTO 2022 por Isabel C. Weiss de Souza (Editor), Elisa H. Kozasa (Edi"},"content":{"rendered":"<p>Sa\u00fade mental: desafios contempor\u00e2neos compartilha registros de profissionais das mais diversas especialidades, atuantes na \u00e1rea da sa\u00fade seja em cl\u00ednica e\/ou pesquisa, que viveram a pandemia e trabalharam em hospitais, cl\u00ednicas, consult\u00f3rios, organiza\u00e7\u00f5es, escolas, universidades e ambulat\u00f3rios.<br \/>\nDiante do desconhecido, muito aprendemos no per\u00edodo que compreende os anos de 2020 a 2022, quando o livro foi escrito e organizado. As principais doen\u00e7as mentais, os principais desafios enfrentados nestas condi\u00e7\u00f5es, as principais pesquisas publicadas no per\u00edodo encontram-se registradas neste livro pelos profissionais de diversas regi\u00f5es do Brasil, sendo o conhecimento aqui compartilhado, muitas vezes, ilustrado pela experi\u00eancia de pacientes na forma de vinhetas de casos cl\u00ednicos.<br \/>\nA obra traz assuntos como:<br \/>\n\u2022 Ansiedade<br \/>\n\u2022 Depress\u00e3o<br \/>\n\u2022 Burnout<br \/>\n\u2022 Alcoolismo<br \/>\n\u2022 Abuso de Jogos Eletr\u00f4nicos (Games)<br \/>\n\u2022 Ensino a Dist\u00e2ncia (EAD)<br \/>\n\u2022 Terapia Comunit\u00e1ria<br \/>\n\u2022 Telemedicina e Psicoterapia On-line<br \/>\n\u2022 Aten\u00e7\u00e3o Prim\u00e1ria \u00e0 Sa\u00fade<br \/>\n\u2022 Crian\u00e7as e adolescentes no isolamento<br \/>\n\u2022 A sa\u00fade do trabalhador de sa\u00fade<\/p>\n<p>Leia mais<\/p>\n","protected":false},"excerpt":{"rendered":"<p>Sa\u00fade mental: desafios contempor\u00e2neos compartilha registros de profissionais das mais diversas especialidades, atuantes na \u00e1rea da sa\u00fade seja em cl\u00ednica e\/ou pesquisa, que viveram a pandemia e trabalharam em hospitais, cl\u00ednicas, consult\u00f3rios, organiza\u00e7\u00f5es, escolas, universidades e ambulat\u00f3rios. Diante do desconhecido, muito aprendemos no per\u00edodo que compreende os anos de 2020 a 2022, quando o livro&hellip;&nbsp;<a href=\"https:\/\/livrariadocampus.com.br\/loja\/produto\/saude-mental-desafios-contemporaneos-capa-comum-lancamento-2022-por-isabel-c-weiss-de-souza-editor-elisa-h-kozasa-edi\/\" class=\"\" rel=\"bookmark\">Continue a ler &raquo;<span class=\"screen-reader-text\">Sa\u00fade Mental: Desafios contempor\u00e2neos Capa comum \u2013 LAN\u00c7AMENTO 2022 por Isabel C. Weiss de Souza (Editor), Elisa H. Kozasa (Edi<\/span><\/a><\/p>\n","protected":false},"featured_media":6940,"template":"","meta":{"neve_meta_sidebar":"","neve_meta_container":"","neve_meta_enable_content_width":"off","neve_meta_content_width":100,"neve_meta_title_alignment":"","neve_meta_author_avatar":"","neve_post_elements_order":"","neve_meta_disable_header":"","neve_meta_disable_footer":"","neve_meta_disable_title":"","_joinchat":[]},"product_brand":[],"product_cat":[25,76,250,113,73],"product_tag":[],"class_list":{"0":"post-6939","1":"product","2":"type-product","3":"status-publish","4":"has-post-thumbnail","6":"product_cat-lancamentos","7":"product_cat-pediatria-neonatologia-pediatria-neonatologia","8":"product_cat-promocao","9":"product_cat-psicologia","10":"product_cat-psiquiatria","12":"first","13":"instock","14":"sale","15":"shipping-taxable","16":"purchasable","17":"product-type-simple"},"jetpack_sharing_enabled":true,"_links":{"self":[{"href":"https:\/\/livrariadocampus.com.br\/loja\/wp-json\/wp\/v2\/product\/6939","targetHints":{"allow":["GET"]}}],"collection":[{"href":"https:\/\/livrariadocampus.com.br\/loja\/wp-json\/wp\/v2\/product"}],"about":[{"href":"https:\/\/livrariadocampus.com.br\/loja\/wp-json\/wp\/v2\/types\/product"}],"wp:featuredmedia":[{"embeddable":true,"href":"https:\/\/livrariadocampus.com.br\/loja\/wp-json\/wp\/v2\/media\/6940"}],"wp:attachment":[{"href":"https:\/\/livrariadocampus.com.br\/loja\/wp-json\/wp\/v2\/media?parent=6939"}],"wp:term":[{"taxonomy":"product_brand","embeddable":true,"href":"https:\/\/livrariadocampus.com.br\/loja\/wp-json\/wp\/v2\/product_brand?post=6939"},{"taxonomy":"product_cat","embeddable":true,"href":"https:\/\/livrariadocampus.com.br\/loja\/wp-json\/wp\/v2\/product_cat?post=6939"},{"taxonomy":"product_tag","embeddable":true,"href":"https:\/\/livrariadocampus.com.br\/loja\/wp-json\/wp\/v2\/product_tag?post=6939"}],"curies":[{"name":"wp","href":"https:\/\/api.w.org\/{rel}","templated":true}]}}