{"id":6935,"date":"2023-06-15T13:09:12","date_gmt":"2023-06-15T16:09:12","guid":{"rendered":"https:\/\/livrariadocampus.com.br\/loja\/?post_type=product&#038;p=6935"},"modified":"2023-06-15T13:09:12","modified_gmt":"2023-06-15T16:09:12","slug":"saude-mental-na-atencao-primaria-abordagem-multiprofissional-capa-comum-2021","status":"publish","type":"product","link":"https:\/\/livrariadocampus.com.br\/loja\/produto\/saude-mental-na-atencao-primaria-abordagem-multiprofissional-capa-comum-2021\/","title":{"rendered":"Sa\u00fade mental na aten\u00e7\u00e3o prim\u00e1ria: Abordagem multiprofissional Capa comum \u20132021"},"content":{"rendered":"<p>O livro tem a inten\u00e7\u00e3o de explicitar a abordagem sist\u00eamica no cotidiano dos profissionais que trabalham no primeiro n\u00edvel da aten\u00e7\u00e3o \u00e0 sa\u00fade e facilitar a pr\u00e1tica reflexiva aos leitores que estejam sedimentando este conhecimento. Os t\u00edtulos dos cap\u00edtulos foram selecionados tentando responder a muitas quest\u00f5es vivenciadas como d\u00favidas de alunos de gradua\u00e7\u00e3o e p\u00f3s-gradua\u00e7\u00e3o que acompanharam as autoras nos \u00faltimos anos e pertenciam a diversas categorias profissionais.<br \/>\n   Relatar informa\u00e7\u00f5es incorretas sobre o produto.<\/p>\n","protected":false},"excerpt":{"rendered":"<p>O livro tem a inten\u00e7\u00e3o de explicitar a abordagem sist\u00eamica no cotidiano dos profissionais que trabalham no primeiro n\u00edvel da aten\u00e7\u00e3o \u00e0 sa\u00fade e facilitar a pr\u00e1tica reflexiva aos leitores que estejam sedimentando este conhecimento. Os t\u00edtulos dos cap\u00edtulos foram selecionados tentando responder a muitas quest\u00f5es vivenciadas como d\u00favidas de alunos de gradua\u00e7\u00e3o e p\u00f3s-gradua\u00e7\u00e3o&hellip;&nbsp;<a href=\"https:\/\/livrariadocampus.com.br\/loja\/produto\/saude-mental-na-atencao-primaria-abordagem-multiprofissional-capa-comum-2021\/\" class=\"\" rel=\"bookmark\">Continue a ler &raquo;<span class=\"screen-reader-text\">Sa\u00fade mental na aten\u00e7\u00e3o prim\u00e1ria: Abordagem multiprofissional Capa comum \u20132021<\/span><\/a><\/p>\n","protected":false},"featured_media":6936,"template":"","meta":{"neve_meta_sidebar":"","neve_meta_container":"","neve_meta_enable_content_width":"off","neve_meta_content_width":100,"neve_meta_title_alignment":"","neve_meta_author_avatar":"","neve_post_elements_order":"","neve_meta_disable_header":"","neve_meta_disable_footer":"","neve_meta_disable_title":"","_joinchat":[]},"product_brand":[],"product_cat":[76,113,73],"product_tag":[],"class_list":{"0":"post-6935","1":"product","2":"type-product","3":"status-publish","4":"has-post-thumbnail","6":"product_cat-pediatria-neonatologia-pediatria-neonatologia","7":"product_cat-psicologia","8":"product_cat-psiquiatria","10":"first","11":"instock","12":"sale","13":"shipping-taxable","14":"purchasable","15":"product-type-simple"},"jetpack_sharing_enabled":true,"_links":{"self":[{"href":"https:\/\/livrariadocampus.com.br\/loja\/wp-json\/wp\/v2\/product\/6935","targetHints":{"allow":["GET"]}}],"collection":[{"href":"https:\/\/livrariadocampus.com.br\/loja\/wp-json\/wp\/v2\/product"}],"about":[{"href":"https:\/\/livrariadocampus.com.br\/loja\/wp-json\/wp\/v2\/types\/product"}],"wp:featuredmedia":[{"embeddable":true,"href":"https:\/\/livrariadocampus.com.br\/loja\/wp-json\/wp\/v2\/media\/6936"}],"wp:attachment":[{"href":"https:\/\/livrariadocampus.com.br\/loja\/wp-json\/wp\/v2\/media?parent=6935"}],"wp:term":[{"taxonomy":"product_brand","embeddable":true,"href":"https:\/\/livrariadocampus.com.br\/loja\/wp-json\/wp\/v2\/product_brand?post=6935"},{"taxonomy":"product_cat","embeddable":true,"href":"https:\/\/livrariadocampus.com.br\/loja\/wp-json\/wp\/v2\/product_cat?post=6935"},{"taxonomy":"product_tag","embeddable":true,"href":"https:\/\/livrariadocampus.com.br\/loja\/wp-json\/wp\/v2\/product_tag?post=6935"}],"curies":[{"name":"wp","href":"https:\/\/api.w.org\/{rel}","templated":true}]}}