{"id":6932,"date":"2023-06-15T13:01:20","date_gmt":"2023-06-15T16:01:20","guid":{"rendered":"https:\/\/livrariadocampus.com.br\/loja\/?post_type=product&#038;p=6932"},"modified":"2025-01-02T12:10:28","modified_gmt":"2025-01-02T15:10:28","slug":"manual-do-residente-de-clinica-medica-capa-flexivel-lancamento-2022","status":"publish","type":"product","link":"https:\/\/livrariadocampus.com.br\/loja\/produto\/manual-do-residente-de-clinica-medica-capa-flexivel-lancamento-2022\/","title":{"rendered":"Manual do Residente de Cl\u00ednica M\u00e9dica Capa flex\u00edvel \u2013  LAN\u00c7AMENTO 2022"},"content":{"rendered":"<p>Manual para consulta r\u00e1pida sobre os principais temas que um residente de cl\u00ednica m\u00e9dica, um interno e outros m\u00e9dicos podem necessitar no atendimento inicial de um paciente adulto em ambiente ambulatorial, de enfermaria, pronto-socorro e unidade de terapia intensiva.<\/p>\n<p>   Relatar informa\u00e7\u00f5es incorretas sobre o produto.<\/p>\n","protected":false},"excerpt":{"rendered":"<p>Manual para consulta r\u00e1pida sobre os principais temas que um residente de cl\u00ednica m\u00e9dica, um interno e outros m\u00e9dicos podem necessitar no atendimento inicial de um paciente adulto em ambiente ambulatorial, de enfermaria, pronto-socorro e unidade de terapia intensiva. Relatar informa\u00e7\u00f5es incorretas sobre o produto.<\/p>\n","protected":false},"featured_media":6933,"template":"","meta":{"neve_meta_sidebar":"","neve_meta_container":"","neve_meta_enable_content_width":"off","neve_meta_content_width":100,"neve_meta_title_alignment":"","neve_meta_author_avatar":"","neve_post_elements_order":"","neve_meta_disable_header":"","neve_meta_disable_footer":"","neve_meta_disable_title":"","_joinchat":[]},"product_brand":[],"product_cat":[58,25,250],"product_tag":[297],"class_list":{"0":"post-6932","1":"product","2":"type-product","3":"status-publish","4":"has-post-thumbnail","6":"product_cat-clinica-medica","7":"product_cat-lancamentos","8":"product_cat-promocao","9":"product_tag-297","11":"first","12":"instock","13":"shipping-taxable","14":"purchasable","15":"product-type-simple"},"jetpack_sharing_enabled":true,"_links":{"self":[{"href":"https:\/\/livrariadocampus.com.br\/loja\/wp-json\/wp\/v2\/product\/6932","targetHints":{"allow":["GET"]}}],"collection":[{"href":"https:\/\/livrariadocampus.com.br\/loja\/wp-json\/wp\/v2\/product"}],"about":[{"href":"https:\/\/livrariadocampus.com.br\/loja\/wp-json\/wp\/v2\/types\/product"}],"wp:featuredmedia":[{"embeddable":true,"href":"https:\/\/livrariadocampus.com.br\/loja\/wp-json\/wp\/v2\/media\/6933"}],"wp:attachment":[{"href":"https:\/\/livrariadocampus.com.br\/loja\/wp-json\/wp\/v2\/media?parent=6932"}],"wp:term":[{"taxonomy":"product_brand","embeddable":true,"href":"https:\/\/livrariadocampus.com.br\/loja\/wp-json\/wp\/v2\/product_brand?post=6932"},{"taxonomy":"product_cat","embeddable":true,"href":"https:\/\/livrariadocampus.com.br\/loja\/wp-json\/wp\/v2\/product_cat?post=6932"},{"taxonomy":"product_tag","embeddable":true,"href":"https:\/\/livrariadocampus.com.br\/loja\/wp-json\/wp\/v2\/product_tag?post=6932"}],"curies":[{"name":"wp","href":"https:\/\/api.w.org\/{rel}","templated":true}]}}