{"id":6930,"date":"2023-06-15T12:57:23","date_gmt":"2023-06-15T15:57:23","guid":{"rendered":"https:\/\/livrariadocampus.com.br\/loja\/?post_type=product&#038;p=6930"},"modified":"2024-09-23T15:56:02","modified_gmt":"2024-09-23T18:56:02","slug":"guia-pratico-de-otorrinolaringologia-e-cirurgia-de-cabeca-e-pescoco-laringologia-e-voz-volume-i-volume-1-capa-dura-lancamento-2022","status":"publish","type":"product","link":"https:\/\/livrariadocampus.com.br\/loja\/produto\/guia-pratico-de-otorrinolaringologia-e-cirurgia-de-cabeca-e-pescoco-laringologia-e-voz-volume-i-volume-1-capa-dura-lancamento-2022\/","title":{"rendered":"Guia Pr\u00e1tico de Otorrinolaringologia e Cirurgia de Cabe\u00e7a e Pesco\u00e7o: Laringologia e Voz\u2013Volume I: Volume 1 Capa dura LAN\u00c7AMENTO 2022"},"content":{"rendered":"<p>Esta obra re\u00fane informa\u00e7\u00f5es sobre anatomia e fisiologia da laringe normal e da fisiopatologia, al\u00e9m de diagn\u00f3stico e terap\u00eautica das doen\u00e7as benignas e malignas deste \u00f3rg\u00e3o. Divide-se em cinco partes: Anatomia e fisiologia da laringe; Asp\u00e9ctos diagn\u00f3sticos; Doen\u00e7as da laringe; Tumores da laringe; e T\u00e9cnicas cir\u00fargicas e terap\u00eauticas. No total, s\u00e3o 61 cap\u00edtulos que cobrem de forma ampla a laringe normal e patol\u00f3gica. Os assuntos aqui abordados est\u00e3o em constante evolu\u00e7\u00e3o, com a incorpora\u00e7\u00e3o de inova\u00e7\u00f5es diagn\u00f3sticas e terap\u00eauticas. Assim, foram convidados experts para escrever cada um dos cap\u00edtulos, com o desafio de entregar o que h\u00e1 de mais atualizado no assunto. Os colaboradores, em sua maioria, s\u00e3o m\u00e9dicos e docentes ligados aos Departamentos de Otorrinolaringologia e de Cirurgia de Cabe\u00e7a e Pesco\u00e7o da Faculdade de Medicina da USP, retratando as pr\u00e1ticas adotadas no servi\u00e7o. Entretanto, a lista de autores tamb\u00e9m inclui renomados profissionais de outras Institui\u00e7\u00f5es nacionais e internacionais, que trouxeram importante contribui\u00e7\u00e3o. \u00c9 dirigido a m\u00e9dicos otorrinolaringologistas, cirurgi\u00f5es de cabe\u00e7a e pesco\u00e7o, radiologistas, oncologistas, radio-oncologistas, patologistas, assim como fonoaudi\u00f3logos, enfermeiros, fisioterapeutas e outros profissionais que atuam nesta \u00e1rea.<br \/>\nLeia mais<br \/>\n   Relatar informa\u00e7\u00f5es incorretas sobre o produto.<\/p>\n","protected":false},"excerpt":{"rendered":"<p>Esta obra re\u00fane informa\u00e7\u00f5es sobre anatomia e fisiologia da laringe normal e da fisiopatologia, al\u00e9m de diagn\u00f3stico e terap\u00eautica das doen\u00e7as benignas e malignas deste \u00f3rg\u00e3o. Divide-se em cinco partes: Anatomia e fisiologia da laringe; Asp\u00e9ctos diagn\u00f3sticos; Doen\u00e7as da laringe; Tumores da laringe; e T\u00e9cnicas cir\u00fargicas e terap\u00eauticas. No total, s\u00e3o 61 cap\u00edtulos que cobrem&hellip;&nbsp;<a href=\"https:\/\/livrariadocampus.com.br\/loja\/produto\/guia-pratico-de-otorrinolaringologia-e-cirurgia-de-cabeca-e-pescoco-laringologia-e-voz-volume-i-volume-1-capa-dura-lancamento-2022\/\" class=\"\" rel=\"bookmark\">Continue a ler &raquo;<span class=\"screen-reader-text\">Guia Pr\u00e1tico de Otorrinolaringologia e Cirurgia de Cabe\u00e7a e Pesco\u00e7o: Laringologia e Voz\u2013Volume I: Volume 1 Capa dura LAN\u00c7AMENTO 2022<\/span><\/a><\/p>\n","protected":false},"featured_media":6931,"template":"","meta":{"neve_meta_sidebar":"","neve_meta_container":"","neve_meta_enable_content_width":"off","neve_meta_content_width":100,"neve_meta_title_alignment":"","neve_meta_author_avatar":"","neve_post_elements_order":"","neve_meta_disable_header":"","neve_meta_disable_footer":"","neve_meta_disable_title":"","_joinchat":[]},"product_brand":[],"product_cat":[25,63,250],"product_tag":[],"class_list":{"0":"post-6930","1":"product","2":"type-product","3":"status-publish","4":"has-post-thumbnail","6":"product_cat-lancamentos","7":"product_cat-otorrinolaringologia","8":"product_cat-promocao","10":"first","11":"instock","12":"shipping-taxable","13":"purchasable","14":"product-type-simple"},"jetpack_sharing_enabled":true,"_links":{"self":[{"href":"https:\/\/livrariadocampus.com.br\/loja\/wp-json\/wp\/v2\/product\/6930","targetHints":{"allow":["GET"]}}],"collection":[{"href":"https:\/\/livrariadocampus.com.br\/loja\/wp-json\/wp\/v2\/product"}],"about":[{"href":"https:\/\/livrariadocampus.com.br\/loja\/wp-json\/wp\/v2\/types\/product"}],"wp:featuredmedia":[{"embeddable":true,"href":"https:\/\/livrariadocampus.com.br\/loja\/wp-json\/wp\/v2\/media\/6931"}],"wp:attachment":[{"href":"https:\/\/livrariadocampus.com.br\/loja\/wp-json\/wp\/v2\/media?parent=6930"}],"wp:term":[{"taxonomy":"product_brand","embeddable":true,"href":"https:\/\/livrariadocampus.com.br\/loja\/wp-json\/wp\/v2\/product_brand?post=6930"},{"taxonomy":"product_cat","embeddable":true,"href":"https:\/\/livrariadocampus.com.br\/loja\/wp-json\/wp\/v2\/product_cat?post=6930"},{"taxonomy":"product_tag","embeddable":true,"href":"https:\/\/livrariadocampus.com.br\/loja\/wp-json\/wp\/v2\/product_tag?post=6930"}],"curies":[{"name":"wp","href":"https:\/\/api.w.org\/{rel}","templated":true}]}}