{"id":6928,"date":"2023-06-15T12:51:59","date_gmt":"2023-06-15T15:51:59","guid":{"rendered":"https:\/\/livrariadocampus.com.br\/loja\/?post_type=product&#038;p=6928"},"modified":"2023-06-15T12:51:59","modified_gmt":"2023-06-15T15:51:59","slug":"condutas-praticas-em-cardiologia-smmr-hcfmusp-capa-dura-lancamento-2022","status":"publish","type":"product","link":"https:\/\/livrariadocampus.com.br\/loja\/produto\/condutas-praticas-em-cardiologia-smmr-hcfmusp-capa-dura-lancamento-2022\/","title":{"rendered":"Condutas Pr\u00e1ticas em Cardiologia &#8211; SMMR &#8211; HCFMUSP Capa dura  LAN\u00c7AMENTO 2022"},"content":{"rendered":"<p>A S\u00e9rie Manual do M\u00e9dico-Residente do Hospital das Cl\u00ednicas da Faculdade de Medicina da Universidade de S\u00e3o Paulo \u2013 HCFMUSP tem por objetivo difundir os conhecimentos da pr\u00e1tica e assist\u00eancia m\u00e9dica, altamente qualificadas, ora desenvolvidas no complexo HCFMUSP, por sinal, o maior da Am\u00e9rica Latina. O complexo HCFMUSP disp\u00f5e de um centro m\u00e9dico hospitalar amplo, bem estruturado e moderno, com os melhores recursos diagn\u00f3sticos e terap\u00eauticos para o treinamento adequado dos residentes. Assinala-se os residentes contarem permanentemente com m\u00e9dicos preceptores exclusivos, m\u00e9dicos-assistentes e docentes altamente capacitados para o ensino da Medicina em seu vi\u00e9s pr\u00e1tico \u2013 a base da Resid\u00eancia M\u00e9dica. A S\u00e9rie Manual do M\u00e9dico-Residente do Hospital das Cl\u00ednicas da Faculdade de Medicina da Universidade de S\u00e3o Paulo \u2013 HCFMUSP ser\u00e1 \u00fatil n\u00e3o apenas para os residentes do pr\u00f3prio HC, como ser\u00e1 tamb\u00e9m validada e seguida por outros centros acad\u00eamicos e de forma\u00e7\u00e3o profissional de Medicina nas diversas regi\u00f5es do Brasil. Atualmente, os programas de Resid\u00eancia M\u00e9dica dessa institui\u00e7\u00e3o abrangem quase todas as especialidades e \u00e1reas de atua\u00e7\u00e3o m\u00e9dica. Totalizam cerca de 1.600 m\u00e9dicos em treinamento. O presente volume \u2013 Condutas Pr\u00e1ticas em Cardiologia \u2013 traz a relevante experi\u00eancia e o not\u00e1vel acervo de conhecimentos, pesquisa, ensino e assist\u00eancia m\u00e9dica da Disciplina de Cardiologia da FMUSP. Segue a grade curricular de sua Resid\u00eancia M\u00e9dica. Apresenta todos os conhecimentos essenciais para as \u201cboas pr\u00e1ticas\u201d cardiol\u00f3gicas. \u00c9 objetivo e de did\u00e1tica linear e inteligente. Servir\u00e1 de refer\u00eancia e modelo para tantos outros cursos disseminados pelo Brasil. Condutas Pr\u00e1ticas em Cardiologia \u2013 S\u00e9rie Manual do M\u00e9dico-Residente do Hospital das Cl\u00ednicas da Universidade de S\u00e3o Paulo \u2013 HCFMUSP apresenta 2 Editores do Volume, 1 Coeditor do Volume, 172 Colaboradores, 88 Cap\u00edtulos, em um total de 672 p\u00e1ginas. Seu p\u00fablico-alvo \u00e9 formado por Residentes em Cardiologia, Profissionais formados em Cardiologia e interessados na atualiza\u00e7\u00e3o e reciclagem de seus conhecimentos.<\/p>\n","protected":false},"excerpt":{"rendered":"<p>A S\u00e9rie Manual do M\u00e9dico-Residente do Hospital das Cl\u00ednicas da Faculdade de Medicina da Universidade de S\u00e3o Paulo \u2013 HCFMUSP tem por objetivo difundir os conhecimentos da pr\u00e1tica e assist\u00eancia m\u00e9dica, altamente qualificadas, ora desenvolvidas no complexo HCFMUSP, por sinal, o maior da Am\u00e9rica Latina. O complexo HCFMUSP disp\u00f5e de um centro m\u00e9dico hospitalar amplo,&hellip;&nbsp;<a href=\"https:\/\/livrariadocampus.com.br\/loja\/produto\/condutas-praticas-em-cardiologia-smmr-hcfmusp-capa-dura-lancamento-2022\/\" class=\"\" rel=\"bookmark\">Continue a ler &raquo;<span class=\"screen-reader-text\">Condutas Pr\u00e1ticas em Cardiologia &#8211; SMMR &#8211; HCFMUSP Capa dura  LAN\u00c7AMENTO 2022<\/span><\/a><\/p>\n","protected":false},"featured_media":6929,"template":"","meta":{"neve_meta_sidebar":"","neve_meta_container":"","neve_meta_enable_content_width":"off","neve_meta_content_width":100,"neve_meta_title_alignment":"","neve_meta_author_avatar":"","neve_post_elements_order":"","neve_meta_disable_header":"","neve_meta_disable_footer":"","neve_meta_disable_title":"","_joinchat":[]},"product_brand":[],"product_cat":[65,25,250],"product_tag":[296],"class_list":{"0":"post-6928","1":"product","2":"type-product","3":"status-publish","4":"has-post-thumbnail","6":"product_cat-cardiologia","7":"product_cat-lancamentos","8":"product_cat-promocao","9":"product_tag-296","11":"first","12":"instock","13":"sale","14":"shipping-taxable","15":"purchasable","16":"product-type-simple"},"jetpack_sharing_enabled":true,"_links":{"self":[{"href":"https:\/\/livrariadocampus.com.br\/loja\/wp-json\/wp\/v2\/product\/6928","targetHints":{"allow":["GET"]}}],"collection":[{"href":"https:\/\/livrariadocampus.com.br\/loja\/wp-json\/wp\/v2\/product"}],"about":[{"href":"https:\/\/livrariadocampus.com.br\/loja\/wp-json\/wp\/v2\/types\/product"}],"wp:featuredmedia":[{"embeddable":true,"href":"https:\/\/livrariadocampus.com.br\/loja\/wp-json\/wp\/v2\/media\/6929"}],"wp:attachment":[{"href":"https:\/\/livrariadocampus.com.br\/loja\/wp-json\/wp\/v2\/media?parent=6928"}],"wp:term":[{"taxonomy":"product_brand","embeddable":true,"href":"https:\/\/livrariadocampus.com.br\/loja\/wp-json\/wp\/v2\/product_brand?post=6928"},{"taxonomy":"product_cat","embeddable":true,"href":"https:\/\/livrariadocampus.com.br\/loja\/wp-json\/wp\/v2\/product_cat?post=6928"},{"taxonomy":"product_tag","embeddable":true,"href":"https:\/\/livrariadocampus.com.br\/loja\/wp-json\/wp\/v2\/product_tag?post=6928"}],"curies":[{"name":"wp","href":"https:\/\/api.w.org\/{rel}","templated":true}]}}