{"id":6913,"date":"2023-06-14T10:59:26","date_gmt":"2023-06-14T13:59:26","guid":{"rendered":"https:\/\/livrariadocampus.com.br\/loja\/?post_type=product&#038;p=6913"},"modified":"2023-06-14T11:03:35","modified_gmt":"2023-06-14T14:03:35","slug":"cirurgia-robotica-principios-e-fundamentos-capa-dura-2021","status":"publish","type":"product","link":"https:\/\/livrariadocampus.com.br\/loja\/produto\/cirurgia-robotica-principios-e-fundamentos-capa-dura-2021\/","title":{"rendered":"Cirurgia Rob\u00f3tica &#8211; Princ\u00edpios e Fundamentos Capa dura \u2013 2021"},"content":{"rendered":"<p>Livro foi idealizado pelo Instituto de Cirurgia Rob\u00f3tica Ci\u00eancias M\u00e9dicas de Minas Gerais da Funda\u00e7\u00e3o Educacional Lucas Machado \u2013 Feluma, em parceria com institui\u00e7\u00f5es nacionais e internacionais, com o prop\u00f3sito de oferecer um texto atualizado aos profissionais que pretendem iniciar na cirurgia rob\u00f3tica, ou que desejam se aprofundar na \u00e1rea.<\/p>\n","protected":false},"excerpt":{"rendered":"<p>Livro foi idealizado pelo Instituto de Cirurgia Rob\u00f3tica Ci\u00eancias M\u00e9dicas de Minas Gerais da Funda\u00e7\u00e3o Educacional Lucas Machado \u2013 Feluma, em parceria com institui\u00e7\u00f5es nacionais e internacionais, com o prop\u00f3sito de oferecer um texto atualizado aos profissionais que pretendem iniciar na cirurgia rob\u00f3tica, ou que desejam se aprofundar na \u00e1rea.<\/p>\n","protected":false},"featured_media":6914,"template":"","meta":{"neve_meta_sidebar":"","neve_meta_container":"","neve_meta_enable_content_width":"off","neve_meta_content_width":100,"neve_meta_title_alignment":"","neve_meta_author_avatar":"","neve_post_elements_order":"","neve_meta_disable_header":"","neve_meta_disable_footer":"","neve_meta_disable_title":"","_joinchat":[]},"product_brand":[],"product_cat":[176,250,230],"product_tag":[],"class_list":{"0":"post-6913","1":"product","2":"type-product","3":"status-publish","4":"has-post-thumbnail","6":"product_cat-cirurgia","7":"product_cat-promocao","8":"product_cat-urologia-nefrologia","10":"first","11":"instock","12":"sale","13":"sold-individually","14":"shipping-taxable","15":"purchasable","16":"product-type-simple"},"jetpack_sharing_enabled":true,"_links":{"self":[{"href":"https:\/\/livrariadocampus.com.br\/loja\/wp-json\/wp\/v2\/product\/6913","targetHints":{"allow":["GET"]}}],"collection":[{"href":"https:\/\/livrariadocampus.com.br\/loja\/wp-json\/wp\/v2\/product"}],"about":[{"href":"https:\/\/livrariadocampus.com.br\/loja\/wp-json\/wp\/v2\/types\/product"}],"wp:featuredmedia":[{"embeddable":true,"href":"https:\/\/livrariadocampus.com.br\/loja\/wp-json\/wp\/v2\/media\/6914"}],"wp:attachment":[{"href":"https:\/\/livrariadocampus.com.br\/loja\/wp-json\/wp\/v2\/media?parent=6913"}],"wp:term":[{"taxonomy":"product_brand","embeddable":true,"href":"https:\/\/livrariadocampus.com.br\/loja\/wp-json\/wp\/v2\/product_brand?post=6913"},{"taxonomy":"product_cat","embeddable":true,"href":"https:\/\/livrariadocampus.com.br\/loja\/wp-json\/wp\/v2\/product_cat?post=6913"},{"taxonomy":"product_tag","embeddable":true,"href":"https:\/\/livrariadocampus.com.br\/loja\/wp-json\/wp\/v2\/product_tag?post=6913"}],"curies":[{"name":"wp","href":"https:\/\/api.w.org\/{rel}","templated":true}]}}