{"id":6909,"date":"2023-06-13T16:30:15","date_gmt":"2023-06-13T19:30:15","guid":{"rendered":"https:\/\/livrariadocampus.com.br\/loja\/?post_type=product&#038;p=6909"},"modified":"2024-02-20T14:27:05","modified_gmt":"2024-02-20T17:27:05","slug":"goldman-cecil-medicine-conjunto-de-2-volumes-25a-edicao-por-lee-goldman-md-autor-andrew-i-schafer-md-autor-parte-de-cecil-textbook-of-medicine","status":"publish","type":"product","link":"https:\/\/livrariadocampus.com.br\/loja\/produto\/goldman-cecil-medicine-conjunto-de-2-volumes-25a-edicao-por-lee-goldman-md-autor-andrew-i-schafer-md-autor-parte-de-cecil-textbook-of-medicine\/","title":{"rendered":": Cecil Textbook of Medicine 25 ED."},"content":{"rendered":"<p>Desde 1927, a Goldman-Cecil Medicine tem sido o recurso de medicina interna mais influente do mundo. Na inovadora 25\u00aa edi\u00e7\u00e3o , sua compra original garante que voc\u00ea estar\u00e1 atualizado sem a necessidade de uma assinatura . Por meio da nova e mais poderosa plataforma de eBook Expert Consult, este &#8220;texto vivo&#8221; fornece atualiza\u00e7\u00f5es cont\u00ednuas que integrar\u00e3o as pesquisas, diretrizes e tratamentos mais recentes em cada cap\u00edtulo, garantindo que o conte\u00fado seja t\u00e3o atual quanto no dia em que esta edi\u00e7\u00e3o foi publicada pela primeira vez.<\/p>\n","protected":false},"excerpt":{"rendered":"<p>Desde 1927, a Goldman-Cecil Medicine tem sido o recurso de medicina interna mais influente do mundo. Na inovadora 25\u00aa edi\u00e7\u00e3o , sua compra original garante que voc\u00ea estar\u00e1 atualizado sem a necessidade de uma assinatura . Por meio da nova e mais poderosa plataforma de eBook Expert Consult, este &#8220;texto vivo&#8221; fornece atualiza\u00e7\u00f5es cont\u00ednuas que&hellip;&nbsp;<a href=\"https:\/\/livrariadocampus.com.br\/loja\/produto\/goldman-cecil-medicine-conjunto-de-2-volumes-25a-edicao-por-lee-goldman-md-autor-andrew-i-schafer-md-autor-parte-de-cecil-textbook-of-medicine\/\" class=\"\" rel=\"bookmark\">Continue a ler &raquo;<span class=\"screen-reader-text\">: Cecil Textbook of Medicine 25 ED.<\/span><\/a><\/p>\n","protected":false},"featured_media":6910,"template":"","meta":{"neve_meta_sidebar":"","neve_meta_container":"","neve_meta_enable_content_width":"off","neve_meta_content_width":100,"neve_meta_title_alignment":"","neve_meta_author_avatar":"","neve_post_elements_order":"","neve_meta_disable_header":"","neve_meta_disable_footer":"","neve_meta_disable_title":"","_joinchat":[]},"product_brand":[],"product_cat":[58,241,250],"product_tag":[294],"class_list":{"0":"post-6909","1":"product","2":"type-product","3":"status-publish","4":"has-post-thumbnail","6":"product_cat-clinica-medica","7":"product_cat-concursos-medicos","8":"product_cat-promocao","9":"product_tag-294","11":"first","12":"instock","13":"sale","14":"featured","15":"sold-individually","16":"shipping-taxable","17":"purchasable","18":"product-type-simple"},"jetpack_sharing_enabled":true,"_links":{"self":[{"href":"https:\/\/livrariadocampus.com.br\/loja\/wp-json\/wp\/v2\/product\/6909","targetHints":{"allow":["GET"]}}],"collection":[{"href":"https:\/\/livrariadocampus.com.br\/loja\/wp-json\/wp\/v2\/product"}],"about":[{"href":"https:\/\/livrariadocampus.com.br\/loja\/wp-json\/wp\/v2\/types\/product"}],"wp:featuredmedia":[{"embeddable":true,"href":"https:\/\/livrariadocampus.com.br\/loja\/wp-json\/wp\/v2\/media\/6910"}],"wp:attachment":[{"href":"https:\/\/livrariadocampus.com.br\/loja\/wp-json\/wp\/v2\/media?parent=6909"}],"wp:term":[{"taxonomy":"product_brand","embeddable":true,"href":"https:\/\/livrariadocampus.com.br\/loja\/wp-json\/wp\/v2\/product_brand?post=6909"},{"taxonomy":"product_cat","embeddable":true,"href":"https:\/\/livrariadocampus.com.br\/loja\/wp-json\/wp\/v2\/product_cat?post=6909"},{"taxonomy":"product_tag","embeddable":true,"href":"https:\/\/livrariadocampus.com.br\/loja\/wp-json\/wp\/v2\/product_tag?post=6909"}],"curies":[{"name":"wp","href":"https:\/\/api.w.org\/{rel}","templated":true}]}}