{"id":6907,"date":"2023-06-13T16:25:41","date_gmt":"2023-06-13T19:25:41","guid":{"rendered":"https:\/\/livrariadocampus.com.br\/loja\/?post_type=product&#038;p=6907"},"modified":"2023-06-13T16:25:41","modified_gmt":"2023-06-13T19:25:41","slug":"williams-hematologia-setima-edicao-7a-edicao","status":"publish","type":"product","link":"https:\/\/livrariadocampus.com.br\/loja\/produto\/williams-hematologia-setima-edicao-7a-edicao\/","title":{"rendered":"Williams Hematologia, S\u00e9tima Edi\u00e7\u00e3o 7\u00aa Edi\u00e7\u00e3o"},"content":{"rendered":"<p>p\u00f3s seis edi\u00e7\u00f5es, Williams Hematology continua sendo o texto fundamental na literatura para hematologia. Sua abordagem discreta c\u00e9lula por c\u00e9lula sempre foi percebida como a mais facilmente acess\u00edvel por novatos e especialistas, e agora \u00e9 mais cl\u00ednica do que nunca atrav\u00e9s da inclus\u00e3o de novas caixas de pontos-chave e algoritmos que descrevem estrat\u00e9gias discretas para diagn\u00f3stico e tratamento. H\u00e1 tamb\u00e9m novos cap\u00edtulos sobre o uso de dispositivos de acesso venoso, controle da dor, uso terap\u00eautico de citocinas e citometria de fluxo. As mais recentes t\u00e9cnicas de biologia molecular e placas de 300 cores aprimoram suas habilidades de diagn\u00f3stico.<\/p>\n<p>Consulte Mais informa\u00e7\u00e3o<\/p>\n","protected":false},"excerpt":{"rendered":"<p>p\u00f3s seis edi\u00e7\u00f5es, Williams Hematology continua sendo o texto fundamental na literatura para hematologia. Sua abordagem discreta c\u00e9lula por c\u00e9lula sempre foi percebida como a mais facilmente acess\u00edvel por novatos e especialistas, e agora \u00e9 mais cl\u00ednica do que nunca atrav\u00e9s da inclus\u00e3o de novas caixas de pontos-chave e algoritmos que descrevem estrat\u00e9gias discretas para&hellip;&nbsp;<a href=\"https:\/\/livrariadocampus.com.br\/loja\/produto\/williams-hematologia-setima-edicao-7a-edicao\/\" class=\"\" rel=\"bookmark\">Continue a ler &raquo;<span class=\"screen-reader-text\">Williams Hematologia, S\u00e9tima Edi\u00e7\u00e3o 7\u00aa Edi\u00e7\u00e3o<\/span><\/a><\/p>\n","protected":false},"featured_media":6908,"template":"","meta":{"neve_meta_sidebar":"","neve_meta_container":"","neve_meta_enable_content_width":"off","neve_meta_content_width":100,"neve_meta_title_alignment":"","neve_meta_author_avatar":"","neve_post_elements_order":"","neve_meta_disable_header":"","neve_meta_disable_footer":"","neve_meta_disable_title":"","_joinchat":[]},"product_brand":[],"product_cat":[143,250],"product_tag":[],"class_list":{"0":"post-6907","1":"product","2":"type-product","3":"status-publish","4":"has-post-thumbnail","6":"product_cat-hematologia-oncologia","7":"product_cat-promocao","9":"first","10":"instock","11":"sale","12":"sold-individually","13":"shipping-taxable","14":"purchasable","15":"product-type-simple"},"jetpack_sharing_enabled":true,"_links":{"self":[{"href":"https:\/\/livrariadocampus.com.br\/loja\/wp-json\/wp\/v2\/product\/6907","targetHints":{"allow":["GET"]}}],"collection":[{"href":"https:\/\/livrariadocampus.com.br\/loja\/wp-json\/wp\/v2\/product"}],"about":[{"href":"https:\/\/livrariadocampus.com.br\/loja\/wp-json\/wp\/v2\/types\/product"}],"wp:featuredmedia":[{"embeddable":true,"href":"https:\/\/livrariadocampus.com.br\/loja\/wp-json\/wp\/v2\/media\/6908"}],"wp:attachment":[{"href":"https:\/\/livrariadocampus.com.br\/loja\/wp-json\/wp\/v2\/media?parent=6907"}],"wp:term":[{"taxonomy":"product_brand","embeddable":true,"href":"https:\/\/livrariadocampus.com.br\/loja\/wp-json\/wp\/v2\/product_brand?post=6907"},{"taxonomy":"product_cat","embeddable":true,"href":"https:\/\/livrariadocampus.com.br\/loja\/wp-json\/wp\/v2\/product_cat?post=6907"},{"taxonomy":"product_tag","embeddable":true,"href":"https:\/\/livrariadocampus.com.br\/loja\/wp-json\/wp\/v2\/product_tag?post=6907"}],"curies":[{"name":"wp","href":"https:\/\/api.w.org\/{rel}","templated":true}]}}