{"id":6905,"date":"2023-06-13T16:21:25","date_gmt":"2023-06-13T19:21:25","guid":{"rendered":"https:\/\/livrariadocampus.com.br\/loja\/?post_type=product&#038;p=6905"},"modified":"2023-06-13T16:21:25","modified_gmt":"2023-06-13T19:21:25","slug":"dicionario-medico-ilustrado-de-dorland-dorlands-medical-dictionary-32a-edicao","status":"publish","type":"product","link":"https:\/\/livrariadocampus.com.br\/loja\/produto\/dicionario-medico-ilustrado-de-dorland-dorlands-medical-dictionary-32a-edicao\/","title":{"rendered":"Dicion\u00e1rio M\u00e9dico Ilustrado de Dorland (Dorland&#8217;s Medical Dictionary) 32\u00aa Edi\u00e7\u00e3o"},"content":{"rendered":"<p>Completamente atualizado, esta refer\u00eancia amig\u00e1vel, confi\u00e1vel por mais de um s\u00e9culo por profissionais de sa\u00fade em todos os n\u00edveis profissionais, permite que voc\u00ea compreenda os significados de todos os termos m\u00e9dicos em uso atual. Entenda e use corretamente toda a terminologia mais recente no campo m\u00e9dico em constante evolu\u00e7\u00e3o de hoje com a 32\u00aa edi\u00e7\u00e3o do abrangente e altamente respeitado Dorlands Illustrated Medical Dictionary!<\/p>\n","protected":false},"excerpt":{"rendered":"<p>Completamente atualizado, esta refer\u00eancia amig\u00e1vel, confi\u00e1vel por mais de um s\u00e9culo por profissionais de sa\u00fade em todos os n\u00edveis profissionais, permite que voc\u00ea compreenda os significados de todos os termos m\u00e9dicos em uso atual. Entenda e use corretamente toda a terminologia mais recente no campo m\u00e9dico em constante evolu\u00e7\u00e3o de hoje com a 32\u00aa edi\u00e7\u00e3o&hellip;&nbsp;<a href=\"https:\/\/livrariadocampus.com.br\/loja\/produto\/dicionario-medico-ilustrado-de-dorland-dorlands-medical-dictionary-32a-edicao\/\" class=\"\" rel=\"bookmark\">Continue a ler &raquo;<span class=\"screen-reader-text\">Dicion\u00e1rio M\u00e9dico Ilustrado de Dorland (Dorland&#8217;s Medical Dictionary) 32\u00aa Edi\u00e7\u00e3o<\/span><\/a><\/p>\n","protected":false},"featured_media":6906,"template":"","meta":{"neve_meta_sidebar":"","neve_meta_container":"","neve_meta_enable_content_width":"off","neve_meta_content_width":100,"neve_meta_title_alignment":"","neve_meta_author_avatar":"","neve_post_elements_order":"","neve_meta_disable_header":"","neve_meta_disable_footer":"","neve_meta_disable_title":"","_joinchat":[]},"product_brand":[],"product_cat":[58,250],"product_tag":[],"class_list":{"0":"post-6905","1":"product","2":"type-product","3":"status-publish","4":"has-post-thumbnail","6":"product_cat-clinica-medica","7":"product_cat-promocao","9":"first","10":"instock","11":"sale","12":"sold-individually","13":"shipping-taxable","14":"purchasable","15":"product-type-simple"},"jetpack_sharing_enabled":true,"_links":{"self":[{"href":"https:\/\/livrariadocampus.com.br\/loja\/wp-json\/wp\/v2\/product\/6905","targetHints":{"allow":["GET"]}}],"collection":[{"href":"https:\/\/livrariadocampus.com.br\/loja\/wp-json\/wp\/v2\/product"}],"about":[{"href":"https:\/\/livrariadocampus.com.br\/loja\/wp-json\/wp\/v2\/types\/product"}],"wp:featuredmedia":[{"embeddable":true,"href":"https:\/\/livrariadocampus.com.br\/loja\/wp-json\/wp\/v2\/media\/6906"}],"wp:attachment":[{"href":"https:\/\/livrariadocampus.com.br\/loja\/wp-json\/wp\/v2\/media?parent=6905"}],"wp:term":[{"taxonomy":"product_brand","embeddable":true,"href":"https:\/\/livrariadocampus.com.br\/loja\/wp-json\/wp\/v2\/product_brand?post=6905"},{"taxonomy":"product_cat","embeddable":true,"href":"https:\/\/livrariadocampus.com.br\/loja\/wp-json\/wp\/v2\/product_cat?post=6905"},{"taxonomy":"product_tag","embeddable":true,"href":"https:\/\/livrariadocampus.com.br\/loja\/wp-json\/wp\/v2\/product_tag?post=6905"}],"curies":[{"name":"wp","href":"https:\/\/api.w.org\/{rel}","templated":true}]}}