{"id":6903,"date":"2023-06-13T16:16:43","date_gmt":"2023-06-13T19:16:43","guid":{"rendered":"https:\/\/livrariadocampus.com.br\/loja\/?post_type=product&#038;p=6903"},"modified":"2023-06-13T16:35:50","modified_gmt":"2023-06-13T19:35:50","slug":"wintrobes-clinical-hematology-2-vol-conjunto-12a-edicao-por-md-greer-john-p-editor-md-foerster-john-editor-md-rodgers-george-m-editor","status":"publish","type":"product","link":"https:\/\/livrariadocampus.com.br\/loja\/produto\/wintrobes-clinical-hematology-2-vol-conjunto-12a-edicao-por-md-greer-john-p-editor-md-foerster-john-editor-md-rodgers-george-m-editor\/","title":{"rendered":"Wintrobe&#8217;s Clinical Hematology, 2-Vol. Conjunto 12\u00aa Edi\u00e7\u00e3o por Md Greer, John P. (Editor), MD Foerster, John (Editor), MD Rodgers, George M. (Editor),"},"content":{"rendered":"<p>desde 1942 como o principal livro de hematologia, Wintrobe&#8217;s Clinical Hematology est\u00e1 agora em sua d\u00e9cima segunda edi\u00e7\u00e3o totalmente revisada. O texto continua sua tradi\u00e7\u00e3o de correlacionar a ci\u00eancia b\u00e1sica com a pr\u00e1tica cl\u00ednica da hematologia e est\u00e1 organizado para ajudar os m\u00e9dicos a encontrar respostas cl\u00ednicas de forma r\u00e1pida e f\u00e1cil.<\/p>\n<p>A d\u00e9cima segunda edi\u00e7\u00e3o est\u00e1 em cores pela primeira vez, inclui mais colaboradores internacionais e tem dois novos editores, Daniel A. Arber, MD e Robert T. Means, Jr., MD. Os destaques incluem cobertura expandida de gen\u00e9tica molecular e patog\u00eanese, mais ilustra\u00e7\u00f5es de hematopatologia e informa\u00e7\u00f5es atuais sobre novos medicamentos e seu r\u00e1pido desenvolvimento de bancada para cabeceira. Quatro novos cap\u00edtulos cobrem anemias exclusivas do per\u00edodo neonatal, patologia do LHC e outros dist\u00farbios histioc\u00edticos, tumores do ba\u00e7o e patologia e classifica\u00e7\u00e3o de dist\u00farbios mieloproliferativos e doen\u00e7as dos mast\u00f3citos.<\/p>\n<p>Um site complementar oferecer\u00e1 o texto totalmente pesquis\u00e1vel e um banco de imagens.<\/p>\n","protected":false},"excerpt":{"rendered":"<p>desde 1942 como o principal livro de hematologia, Wintrobe&#8217;s Clinical Hematology est\u00e1 agora em sua d\u00e9cima segunda edi\u00e7\u00e3o totalmente revisada. O texto continua sua tradi\u00e7\u00e3o de correlacionar a ci\u00eancia b\u00e1sica com a pr\u00e1tica cl\u00ednica da hematologia e est\u00e1 organizado para ajudar os m\u00e9dicos a encontrar respostas cl\u00ednicas de forma r\u00e1pida e f\u00e1cil. A d\u00e9cima segunda&hellip;&nbsp;<a href=\"https:\/\/livrariadocampus.com.br\/loja\/produto\/wintrobes-clinical-hematology-2-vol-conjunto-12a-edicao-por-md-greer-john-p-editor-md-foerster-john-editor-md-rodgers-george-m-editor\/\" class=\"\" rel=\"bookmark\">Continue a ler &raquo;<span class=\"screen-reader-text\">Wintrobe&#8217;s Clinical Hematology, 2-Vol. Conjunto 12\u00aa Edi\u00e7\u00e3o por Md Greer, John P. (Editor), MD Foerster, John (Editor), MD Rodgers, George M. (Editor),<\/span><\/a><\/p>\n","protected":false},"featured_media":6904,"template":"","meta":{"neve_meta_sidebar":"","neve_meta_container":"","neve_meta_enable_content_width":"off","neve_meta_content_width":100,"neve_meta_title_alignment":"","neve_meta_author_avatar":"","neve_post_elements_order":"","neve_meta_disable_header":"","neve_meta_disable_footer":"","neve_meta_disable_title":"","_joinchat":[]},"product_brand":[],"product_cat":[69,250],"product_tag":[293],"class_list":{"0":"post-6903","1":"product","2":"type-product","3":"status-publish","4":"has-post-thumbnail","6":"product_cat-hematologia-e-hemoterapia","7":"product_cat-promocao","8":"product_tag-293","10":"first","11":"instock","12":"sale","13":"sold-individually","14":"shipping-taxable","15":"purchasable","16":"product-type-simple"},"jetpack_sharing_enabled":true,"_links":{"self":[{"href":"https:\/\/livrariadocampus.com.br\/loja\/wp-json\/wp\/v2\/product\/6903","targetHints":{"allow":["GET"]}}],"collection":[{"href":"https:\/\/livrariadocampus.com.br\/loja\/wp-json\/wp\/v2\/product"}],"about":[{"href":"https:\/\/livrariadocampus.com.br\/loja\/wp-json\/wp\/v2\/types\/product"}],"wp:featuredmedia":[{"embeddable":true,"href":"https:\/\/livrariadocampus.com.br\/loja\/wp-json\/wp\/v2\/media\/6904"}],"wp:attachment":[{"href":"https:\/\/livrariadocampus.com.br\/loja\/wp-json\/wp\/v2\/media?parent=6903"}],"wp:term":[{"taxonomy":"product_brand","embeddable":true,"href":"https:\/\/livrariadocampus.com.br\/loja\/wp-json\/wp\/v2\/product_brand?post=6903"},{"taxonomy":"product_cat","embeddable":true,"href":"https:\/\/livrariadocampus.com.br\/loja\/wp-json\/wp\/v2\/product_cat?post=6903"},{"taxonomy":"product_tag","embeddable":true,"href":"https:\/\/livrariadocampus.com.br\/loja\/wp-json\/wp\/v2\/product_tag?post=6903"}],"curies":[{"name":"wp","href":"https:\/\/api.w.org\/{rel}","templated":true}]}}