{"id":6898,"date":"2023-06-13T16:06:24","date_gmt":"2023-06-13T19:06:24","guid":{"rendered":"https:\/\/livrariadocampus.com.br\/loja\/?post_type=product&#038;p=6898"},"modified":"2023-06-13T16:06:24","modified_gmt":"2023-06-13T19:06:24","slug":"diagnostico-por-imagem-medicina-nuclear-por-kathryn-a-morton-md-paige-b-clark-md-de-2007","status":"publish","type":"product","link":"https:\/\/livrariadocampus.com.br\/loja\/produto\/diagnostico-por-imagem-medicina-nuclear-por-kathryn-a-morton-md-paige-b-clark-md-de-2007\/","title":{"rendered":"Diagn\u00f3stico por Imagem: Medicina Nuclear por Kathryn A. Morton MD , Paige B. Clark MD ,  de 2007"},"content":{"rendered":"<p>De autoria de algumas das autoridades mais proeminentes do mundo em seu campo, este novo livro representa hoje a melhor fonte \u00fanica de orienta\u00e7\u00e3o sobre imagens nucleares! Oferece mais detalhes para cada diagn\u00f3stico \u00b7 imagens mais representativas \u00b7 mais dados do caso \u00b7 e refer\u00eancias mais atuais do que qualquer outra ferramenta de refer\u00eancia. Ao mesmo tempo, seu formato amig\u00e1vel permite que voc\u00ea acesse todas essas informa\u00e7\u00f5es com uma rapidez not\u00e1vel! Abrange os principais diagn\u00f3sticos de imagem em medicina nuclear, incluindo entidades comuns e incomuns. de terminologia \u00b7 achados de imagem \u00b7 fatos importantes \u00b7 diagn\u00f3stico diferencial \u00b7 patologia \u00b7 quest\u00f5es cl\u00ednicas \u00b7 uma lista de verifica\u00e7\u00e3o diagn\u00f3stica \u00b7 e refer\u00eancias selecionadas.Inclui uma extensa galeria de imagens para cada entidade, descrevendo casos comuns e variantes.<\/p>\n","protected":false},"excerpt":{"rendered":"<p>De autoria de algumas das autoridades mais proeminentes do mundo em seu campo, este novo livro representa hoje a melhor fonte \u00fanica de orienta\u00e7\u00e3o sobre imagens nucleares! Oferece mais detalhes para cada diagn\u00f3stico \u00b7 imagens mais representativas \u00b7 mais dados do caso \u00b7 e refer\u00eancias mais atuais do que qualquer outra ferramenta de refer\u00eancia. Ao&hellip;&nbsp;<a href=\"https:\/\/livrariadocampus.com.br\/loja\/produto\/diagnostico-por-imagem-medicina-nuclear-por-kathryn-a-morton-md-paige-b-clark-md-de-2007\/\" class=\"\" rel=\"bookmark\">Continue a ler &raquo;<span class=\"screen-reader-text\">Diagn\u00f3stico por Imagem: Medicina Nuclear por Kathryn A. Morton MD , Paige B. Clark MD ,  de 2007<\/span><\/a><\/p>\n","protected":false},"featured_media":6899,"template":"","meta":{"neve_meta_sidebar":"","neve_meta_container":"","neve_meta_enable_content_width":"off","neve_meta_content_width":100,"neve_meta_title_alignment":"","neve_meta_author_avatar":"","neve_post_elements_order":"","neve_meta_disable_header":"","neve_meta_disable_footer":"","neve_meta_disable_title":"","_joinchat":[]},"product_brand":[],"product_cat":[206],"product_tag":[292],"class_list":{"0":"post-6898","1":"product","2":"type-product","3":"status-publish","4":"has-post-thumbnail","6":"product_cat-radiologia","7":"product_tag-292","9":"first","10":"instock","11":"sale","12":"sold-individually","13":"shipping-taxable","14":"purchasable","15":"product-type-simple"},"jetpack_sharing_enabled":true,"_links":{"self":[{"href":"https:\/\/livrariadocampus.com.br\/loja\/wp-json\/wp\/v2\/product\/6898","targetHints":{"allow":["GET"]}}],"collection":[{"href":"https:\/\/livrariadocampus.com.br\/loja\/wp-json\/wp\/v2\/product"}],"about":[{"href":"https:\/\/livrariadocampus.com.br\/loja\/wp-json\/wp\/v2\/types\/product"}],"wp:featuredmedia":[{"embeddable":true,"href":"https:\/\/livrariadocampus.com.br\/loja\/wp-json\/wp\/v2\/media\/6899"}],"wp:attachment":[{"href":"https:\/\/livrariadocampus.com.br\/loja\/wp-json\/wp\/v2\/media?parent=6898"}],"wp:term":[{"taxonomy":"product_brand","embeddable":true,"href":"https:\/\/livrariadocampus.com.br\/loja\/wp-json\/wp\/v2\/product_brand?post=6898"},{"taxonomy":"product_cat","embeddable":true,"href":"https:\/\/livrariadocampus.com.br\/loja\/wp-json\/wp\/v2\/product_cat?post=6898"},{"taxonomy":"product_tag","embeddable":true,"href":"https:\/\/livrariadocampus.com.br\/loja\/wp-json\/wp\/v2\/product_tag?post=6898"}],"curies":[{"name":"wp","href":"https:\/\/api.w.org\/{rel}","templated":true}]}}