{"id":6868,"date":"2023-06-13T10:12:03","date_gmt":"2023-06-13T13:12:03","guid":{"rendered":"https:\/\/livrariadocampus.com.br\/loja\/?post_type=product&#038;p=6868"},"modified":"2024-09-24T17:53:28","modified_gmt":"2024-09-24T20:53:28","slug":"medicina-do-trabalho-capa-dura-2022-lancamento","status":"publish","type":"product","link":"https:\/\/livrariadocampus.com.br\/loja\/produto\/medicina-do-trabalho-capa-dura-2022-lancamento\/","title":{"rendered":"Medicina do Trabalho Capa dura   2022  LAN\u00c7AMENTO"},"content":{"rendered":"<p>A S\u00e9rie Manual do M\u00e9dico-Residente do Hospital das Cl\u00ednicas da Faculdade de Medicina da Universidade de S\u00e3o Paulo \u2013 HCFMUSP tem por objetivo difundir os conhecimentos da pr\u00e1tica e assist\u00eancia m\u00e9dica, altamente qualificadas, ora desenvolvidas no complexo HCFMUSP, por sinal, o maior da Am\u00e9rica Latina. O complexo HCFMUSP disp\u00f5e de um centro m\u00e9dico hospitalar amplo, bem estruturado e moderno, com os melhores recursos diagn\u00f3sticos e terap\u00eauticos para o treinamento adequado dos residentes. Assinala-se os residentes contarem permanentemente com m\u00e9dicos preceptores exclusivos, m\u00e9dicos-assistentes e docentes altamente capacitados para o ensino da Medicina em seu vi\u00e9s pr\u00e1tico \u2013 a base da Resid\u00eancia M\u00e9dica. A S\u00e9rie Manual do M\u00e9dico-Residente do Hospital das Cl\u00ednicas da Faculdade de Medicina da Universidade de S\u00e3o Paulo \u2013 HCFMUSP ser\u00e1 \u00fatil n\u00e3o apenas para os residentes do pr\u00f3prio HC, como ser\u00e1 tamb\u00e9m validada e seguida por outros centros acad\u00eamicos e de forma\u00e7\u00e3o profissional de Medicina nas diversas regi\u00f5es do Brasil. Atualmente, os programas de Resid\u00eancia M\u00e9dica dessa institui\u00e7\u00e3o abrangem quase todas as especialidades e \u00e1reas de atua\u00e7\u00e3o m\u00e9dica. Totalizam cerca de 1.600 m\u00e9dicos em treinamento. O presente volume \u2013 Medicina do Trabalho \u2013 reflete o alto n\u00edvel alcan\u00e7ado pela pr\u00e1tica e pelos conhecimentos dos docentes da Universidade de S\u00e3o Paulo (USP) e dos ilustres colaboradores que integram diversos centros acad\u00eamicos no Brasil. Pode-se dizer, a elite dos professores, verdadeiros curadores da Medicina do Trabalho brasileira. O livro condensa os mais atuais e contempor\u00e2neos temas, todos essenciais para a obten\u00e7\u00e3o do T\u00edtulo de Especialista. Medicina do Trabalho apresenta 1 Editor do Volume, 59 Colaboradores, 8 Se\u00e7\u00f5es, 57 Cap\u00edtulos e 524 p\u00e1ginas. O livro cont\u00e9m as seguintes Se\u00e7\u00f5es: I. Medicina do Trabalho \u2013 Aspectos Hist\u00f3ricos e Compet\u00eancias; II. \u00c9tica em Medicina do Trabalho; III. Sociologia, Legisla\u00e7\u00e3o, Previd\u00eancia Social e Per\u00edcia M\u00e9dica; IV. Ergonomia Aplicada \u00e0 Sa\u00fade do Trabalhador; V. No\u00e7\u00f5es B\u00e1sicas de Bioestat\u00edstica e Epidemiologia para o M\u00e9dico do Trabalho; VI. Patologia do Trabalho; VII. Administra\u00e7\u00e3o e Planejamento de Servi\u00e7os de Sa\u00fade e Seguran\u00e7a no Trabalho; VIII. Princ\u00edpios B\u00e1sicos em Promo\u00e7\u00e3o da Sa\u00fade.<br \/>\nLeia <\/p>\n","protected":false},"excerpt":{"rendered":"<p>A S\u00e9rie Manual do M\u00e9dico-Residente do Hospital das Cl\u00ednicas da Faculdade de Medicina da Universidade de S\u00e3o Paulo \u2013 HCFMUSP tem por objetivo difundir os conhecimentos da pr\u00e1tica e assist\u00eancia m\u00e9dica, altamente qualificadas, ora desenvolvidas no complexo HCFMUSP, por sinal, o maior da Am\u00e9rica Latina. O complexo HCFMUSP disp\u00f5e de um centro m\u00e9dico hospitalar amplo,&hellip;&nbsp;<a href=\"https:\/\/livrariadocampus.com.br\/loja\/produto\/medicina-do-trabalho-capa-dura-2022-lancamento\/\" class=\"\" rel=\"bookmark\">Continue a ler &raquo;<span class=\"screen-reader-text\">Medicina do Trabalho Capa dura   2022  LAN\u00c7AMENTO<\/span><\/a><\/p>\n","protected":false},"featured_media":6872,"template":"","meta":{"neve_meta_sidebar":"","neve_meta_container":"","neve_meta_enable_content_width":"off","neve_meta_content_width":100,"neve_meta_title_alignment":"","neve_meta_author_avatar":"","neve_post_elements_order":"","neve_meta_disable_header":"","neve_meta_disable_footer":"","neve_meta_disable_title":"","_joinchat":[]},"product_brand":[],"product_cat":[15,25,52],"product_tag":[288],"class_list":{"0":"post-6868","1":"product","2":"type-product","3":"status-publish","4":"has-post-thumbnail","6":"product_cat-outros","7":"product_cat-lancamentos","8":"product_cat-medicina-do-trabalho","9":"product_tag-288","11":"first","12":"instock","13":"shipping-taxable","14":"purchasable","15":"product-type-simple"},"jetpack_sharing_enabled":true,"_links":{"self":[{"href":"https:\/\/livrariadocampus.com.br\/loja\/wp-json\/wp\/v2\/product\/6868","targetHints":{"allow":["GET"]}}],"collection":[{"href":"https:\/\/livrariadocampus.com.br\/loja\/wp-json\/wp\/v2\/product"}],"about":[{"href":"https:\/\/livrariadocampus.com.br\/loja\/wp-json\/wp\/v2\/types\/product"}],"wp:featuredmedia":[{"embeddable":true,"href":"https:\/\/livrariadocampus.com.br\/loja\/wp-json\/wp\/v2\/media\/6872"}],"wp:attachment":[{"href":"https:\/\/livrariadocampus.com.br\/loja\/wp-json\/wp\/v2\/media?parent=6868"}],"wp:term":[{"taxonomy":"product_brand","embeddable":true,"href":"https:\/\/livrariadocampus.com.br\/loja\/wp-json\/wp\/v2\/product_brand?post=6868"},{"taxonomy":"product_cat","embeddable":true,"href":"https:\/\/livrariadocampus.com.br\/loja\/wp-json\/wp\/v2\/product_cat?post=6868"},{"taxonomy":"product_tag","embeddable":true,"href":"https:\/\/livrariadocampus.com.br\/loja\/wp-json\/wp\/v2\/product_tag?post=6868"}],"curies":[{"name":"wp","href":"https:\/\/api.w.org\/{rel}","templated":true}]}}