{"id":6855,"date":"2023-06-12T18:01:13","date_gmt":"2023-06-12T21:01:13","guid":{"rendered":"https:\/\/livrariadocampus.com.br\/loja\/?post_type=product&#038;p=6855"},"modified":"2024-09-23T15:27:31","modified_gmt":"2024-09-23T18:27:31","slug":"cirurgia-da-mao-capa-dura-2021","status":"publish","type":"product","link":"https:\/\/livrariadocampus.com.br\/loja\/produto\/cirurgia-da-mao-capa-dura-2021\/","title":{"rendered":"Cirurgia da M\u00e3o Capa dura \u2013  2021"},"content":{"rendered":"<p>A S\u00e9rie Manual do M\u00e9dico-Residente do Hospital das Cl\u00ednicas da Faculdade de Medicina da Universidade de S\u00e3o Paulo \u2013 HCFMUSP tem por objetivo difundir os conhecimentos da pr\u00e1tica e assist\u00eancia m\u00e9dica, altamente qualificadas, ora desenvolvidas no complexo HCFMUSP, por sinal, o maior da Am\u00e9rica Latina. O complexo HCFMUSP disp\u00f5e de um centro m\u00e9dico hospitalar amplo, bem estruturado e moderno, com os melhores recursos diagn\u00f3sticos e terap\u00eauticos para o treinamento adequado dos residentes. Assinala-se os residentes contarem permanentemente com m\u00e9dicos preceptores exclusivos, m\u00e9dicos-assistentes e docentes altamente capacitados para o ensino da Medicina em seu vi\u00e9s pr\u00e1tico \u2013 a base da resid\u00eancia m\u00e9dica. A S\u00e9rie Manual do M\u00e9dico-Residente do Hospital das Cl\u00ednicas da Faculdade de Medicina da Universidade de S\u00e3o Paulo \u2013 HCFMUSP ser\u00e1 \u00fatil n\u00e3o apenas para os residentes do pr\u00f3prio HC, como ser\u00e1 tamb\u00e9m validada e seguida por outros centros acad\u00eamicos e de forma\u00e7\u00e3o profissional de Medicina nas diversas regi\u00f5es do Brasil. Atualmente, os programas de resid\u00eancia m\u00e9dica dessa institui\u00e7\u00e3o abrangem quase todas as especialidades e \u00e1reas de atua\u00e7\u00e3o m\u00e9dica. Totalizam cerca de 1.600 m\u00e9dicos em treinamento. O presente volume \u2013 Cirurgia da M\u00e3o \u2013 inter-relaciona \u00e0 teoria, t\u00e9cnica e pr\u00e1tica tr\u00eas nobres especialidades: Ortopedia, Cirurgia Pl\u00e1stica e Neurocirurgia. Acrescenta as t\u00e9cnicas pr\u00f3prias da Microcirurgia Reconstrutiva. Complementa com a casu\u00edstica e os coment\u00e1rios da equipe do Centro de Atendimento de Emerg\u00eancia da Cirurgia da M\u00e3o. Todo esse not\u00e1vel acervo de conhecimentos e t\u00e9cnicas tem sua origem no Instituto de Ortopedia e Traumatologia do HCFMUSP.<\/p>\n","protected":false},"excerpt":{"rendered":"<p>A S\u00e9rie Manual do M\u00e9dico-Residente do Hospital das Cl\u00ednicas da Faculdade de Medicina da Universidade de S\u00e3o Paulo \u2013 HCFMUSP tem por objetivo difundir os conhecimentos da pr\u00e1tica e assist\u00eancia m\u00e9dica, altamente qualificadas, ora desenvolvidas no complexo HCFMUSP, por sinal, o maior da Am\u00e9rica Latina. O complexo HCFMUSP disp\u00f5e de um centro m\u00e9dico hospitalar amplo,&hellip;&nbsp;<a href=\"https:\/\/livrariadocampus.com.br\/loja\/produto\/cirurgia-da-mao-capa-dura-2021\/\" class=\"\" rel=\"bookmark\">Continue a ler &raquo;<span class=\"screen-reader-text\">Cirurgia da M\u00e3o Capa dura \u2013  2021<\/span><\/a><\/p>\n","protected":false},"featured_media":6858,"template":"","meta":{"neve_meta_sidebar":"","neve_meta_container":"","neve_meta_enable_content_width":"off","neve_meta_content_width":100,"neve_meta_title_alignment":"","neve_meta_author_avatar":"","neve_post_elements_order":"","neve_meta_disable_header":"","neve_meta_disable_footer":"","neve_meta_disable_title":"","_joinchat":[]},"product_brand":[],"product_cat":[132],"product_tag":[285],"class_list":{"0":"post-6855","1":"product","2":"type-product","3":"status-publish","4":"has-post-thumbnail","6":"product_cat-ortopedia-traumatologia","7":"product_tag-285","9":"first","10":"instock","11":"shipping-taxable","12":"purchasable","13":"product-type-simple"},"jetpack_sharing_enabled":true,"_links":{"self":[{"href":"https:\/\/livrariadocampus.com.br\/loja\/wp-json\/wp\/v2\/product\/6855","targetHints":{"allow":["GET"]}}],"collection":[{"href":"https:\/\/livrariadocampus.com.br\/loja\/wp-json\/wp\/v2\/product"}],"about":[{"href":"https:\/\/livrariadocampus.com.br\/loja\/wp-json\/wp\/v2\/types\/product"}],"wp:featuredmedia":[{"embeddable":true,"href":"https:\/\/livrariadocampus.com.br\/loja\/wp-json\/wp\/v2\/media\/6858"}],"wp:attachment":[{"href":"https:\/\/livrariadocampus.com.br\/loja\/wp-json\/wp\/v2\/media?parent=6855"}],"wp:term":[{"taxonomy":"product_brand","embeddable":true,"href":"https:\/\/livrariadocampus.com.br\/loja\/wp-json\/wp\/v2\/product_brand?post=6855"},{"taxonomy":"product_cat","embeddable":true,"href":"https:\/\/livrariadocampus.com.br\/loja\/wp-json\/wp\/v2\/product_cat?post=6855"},{"taxonomy":"product_tag","embeddable":true,"href":"https:\/\/livrariadocampus.com.br\/loja\/wp-json\/wp\/v2\/product_tag?post=6855"}],"curies":[{"name":"wp","href":"https:\/\/api.w.org\/{rel}","templated":true}]}}