{"id":6847,"date":"2023-06-12T17:21:49","date_gmt":"2023-06-12T20:21:49","guid":{"rendered":"https:\/\/livrariadocampus.com.br\/loja\/?post_type=product&#038;p=6847"},"modified":"2024-09-23T15:36:49","modified_gmt":"2024-09-23T18:36:49","slug":"localizacao-em-neurologia-clinica-capa-dura-2023-por-brazis-paul-w-brazis-joseph-c-masdeu-jose-biller-autor","status":"publish","type":"product","link":"https:\/\/livrariadocampus.com.br\/loja\/produto\/localizacao-em-neurologia-clinica-capa-dura-2023-por-brazis-paul-w-brazis-joseph-c-masdeu-jose-biller-autor\/","title":{"rendered":"Localiza\u00e7\u00e3o Em Neurologia Cl\u00ednica Capa dura \u2013  2023 por BRAZIS \/ PAUL W BRAZIS JOSEPH C MASDEU JOSE BILLER (Autor)"},"content":{"rendered":"<p>SINOPSE As habilidades de localiza\u00e7\u00e3o anat\u00f4mica baseada no exame f\u00edsico s\u00e3o essenciais para qualquer m\u00e9dico que trata pacientes com processos de doen\u00e7as neurol\u00f3gicas. Agora totalmente revisado e atualizado, Localiza\u00e7\u00e3o em Neurologia Cl\u00ednica, 8\u00aa Edi\u00e7\u00e3o, usa descri\u00e7\u00f5es f\u00e1ceis de ler, ilustra\u00e7\u00f5es em cores e v\u00eddeos para ajudar os leitores a entender e localizar a origem dos sinais e sintomas de um paciente. Este texto padr\u00e3o ouro agora apresenta dezenas de v\u00eddeos cl\u00ednicos que ajudam os m\u00e9dicos a melhorar a precis\u00e3o do diagn\u00f3stico e evitar exames desnecess\u00e1rios. Oferece cobertura abrangente de todas as regi\u00f5es do c\u00e9rebro, bem como nervos cranianos, espinhais e perif\u00e9ricos. Fornece discuss\u00f5es detalhadas de anatomia relevante e de les\u00f5es relacionadas a cada caracter\u00edstica anat\u00f4mica. Inclui quase 100 NOVOS v\u00eddeos cl\u00ednicos projetados para ajudar a identificar a origem dos sinais e sintomas dos pacientes. Apresenta v\u00e1rios desenhos de linha de alta qualidade e 100 tabelas \u00fateis que o ajudam a compreender rapidamente aspectos importantes dessa \u00e1rea desafiadora da neurologia cl\u00ednica. Enrique\u00e7a sua experi\u00eancia de leitura de ebook Leia diretamente em seu(s) dispositivo(s) preferido(s), como computador, tablet ou <\/p>\n","protected":false},"excerpt":{"rendered":"<p>SINOPSE As habilidades de localiza\u00e7\u00e3o anat\u00f4mica baseada no exame f\u00edsico s\u00e3o essenciais para qualquer m\u00e9dico que trata pacientes com processos de doen\u00e7as neurol\u00f3gicas. Agora totalmente revisado e atualizado, Localiza\u00e7\u00e3o em Neurologia Cl\u00ednica, 8\u00aa Edi\u00e7\u00e3o, usa descri\u00e7\u00f5es f\u00e1ceis de ler, ilustra\u00e7\u00f5es em cores e v\u00eddeos para ajudar os leitores a entender e localizar a origem dos&hellip;&nbsp;<a href=\"https:\/\/livrariadocampus.com.br\/loja\/produto\/localizacao-em-neurologia-clinica-capa-dura-2023-por-brazis-paul-w-brazis-joseph-c-masdeu-jose-biller-autor\/\" class=\"\" rel=\"bookmark\">Continue a ler &raquo;<span class=\"screen-reader-text\">Localiza\u00e7\u00e3o Em Neurologia Cl\u00ednica Capa dura \u2013  2023 por BRAZIS \/ PAUL W BRAZIS JOSEPH C MASDEU JOSE BILLER (Autor)<\/span><\/a><\/p>\n","protected":false},"featured_media":6848,"template":"","meta":{"neve_meta_sidebar":"","neve_meta_container":"","neve_meta_enable_content_width":"off","neve_meta_content_width":100,"neve_meta_title_alignment":"","neve_meta_author_avatar":"","neve_post_elements_order":"","neve_meta_disable_header":"","neve_meta_disable_footer":"","neve_meta_disable_title":"","_joinchat":[]},"product_brand":[],"product_cat":[25,111,64],"product_tag":[283],"class_list":{"0":"post-6847","1":"product","2":"type-product","3":"status-publish","4":"has-post-thumbnail","6":"product_cat-lancamentos","7":"product_cat-neurologia","8":"product_cat-neuroogia-e-neurocirurgia","9":"product_tag-283","11":"first","12":"instock","13":"shipping-taxable","14":"purchasable","15":"product-type-simple"},"jetpack_sharing_enabled":true,"_links":{"self":[{"href":"https:\/\/livrariadocampus.com.br\/loja\/wp-json\/wp\/v2\/product\/6847","targetHints":{"allow":["GET"]}}],"collection":[{"href":"https:\/\/livrariadocampus.com.br\/loja\/wp-json\/wp\/v2\/product"}],"about":[{"href":"https:\/\/livrariadocampus.com.br\/loja\/wp-json\/wp\/v2\/types\/product"}],"wp:featuredmedia":[{"embeddable":true,"href":"https:\/\/livrariadocampus.com.br\/loja\/wp-json\/wp\/v2\/media\/6848"}],"wp:attachment":[{"href":"https:\/\/livrariadocampus.com.br\/loja\/wp-json\/wp\/v2\/media?parent=6847"}],"wp:term":[{"taxonomy":"product_brand","embeddable":true,"href":"https:\/\/livrariadocampus.com.br\/loja\/wp-json\/wp\/v2\/product_brand?post=6847"},{"taxonomy":"product_cat","embeddable":true,"href":"https:\/\/livrariadocampus.com.br\/loja\/wp-json\/wp\/v2\/product_cat?post=6847"},{"taxonomy":"product_tag","embeddable":true,"href":"https:\/\/livrariadocampus.com.br\/loja\/wp-json\/wp\/v2\/product_tag?post=6847"}],"curies":[{"name":"wp","href":"https:\/\/api.w.org\/{rel}","templated":true}]}}