{"id":6845,"date":"2023-06-12T17:16:06","date_gmt":"2023-06-12T20:16:06","guid":{"rendered":"https:\/\/livrariadocampus.com.br\/loja\/?post_type=product&#038;p=6845"},"modified":"2025-01-17T15:06:31","modified_gmt":"2025-01-17T18:06:31","slug":"manual-do-residente-de-psiquiatria-capa-comum-2023-lancamento","status":"publish","type":"product","link":"https:\/\/livrariadocampus.com.br\/loja\/produto\/manual-do-residente-de-psiquiatria-capa-comum-2023-lancamento\/","title":{"rendered":"Manual do Residente de Psiquiatria Capa comum \u2013  2023 lan\u00e7amento"},"content":{"rendered":"<p>\u2022 Este livro facilita a aprendizagem e a reten\u00e7\u00e3o de conceitos fundamentais de psiquiatria necess\u00e1rios para uma s\u00f3lida base de conhecimento e compet\u00eancia cl\u00ednica. Trata-se de um guia completo de estudo, estruturado em temas-chave da psiquiatria cl\u00ednica.<br \/>\n\u2022 Mesmo com o car\u00e1ter pragm\u00e1tico do texto, o conte\u00fado n\u00e3o negligencia a import\u00e2ncia de fatores como integridade \u00e9tica, esp\u00edrito cr\u00edtico, sensibilidade cultural, empatia e compaix\u00e3o por seus pacientes no exerc\u00edcio da psiquiatria cl\u00ednica.<br \/>\n\u2022 Descreve o processo de entrevista e avalia\u00e7\u00e3o e apresenta os principais transtornos psiqui\u00e1tricos em adultos, com cap\u00edtulos sobre modalidades terap\u00eauticas (psicofarmacologia, psicoterapias e terapias biol\u00f3gicas) e \u00e1reas de atua\u00e7\u00e3o (interconsultas e psiquiatria forense).<br \/>\n\u2022 As se\u00e7\u00f5es \u201cPsiquiatria na Inf\u00e2ncia e Adolesc\u00eancia\u201d e \u201cPsicogeriatria\u201d apresentam os principais transtornos em suas respectivas subespecialidades. \u201cEmerg\u00eancias Psiqui\u00e1tricas\u201d apresenta defini\u00e7\u00f5es e descri\u00e7\u00e3o do processo de avalia\u00e7\u00e3o em emerg\u00eancia, com especial aten\u00e7\u00e3o ao reconhecimento e diagn\u00f3stico diferencial entre altera\u00e7\u00f5es psiqui\u00e1tricas prim\u00e1rias e secund\u00e1rias, aos principais transtornos envolvendo intoxica\u00e7\u00e3o\/abstin\u00eancia de subst\u00e2ncia e intoxica\u00e7\u00f5es por abuso de medicamentos.<\/p>\n<p>Leia <\/p>\n","protected":false},"excerpt":{"rendered":"<p>\u2022 Este livro facilita a aprendizagem e a reten\u00e7\u00e3o de conceitos fundamentais de psiquiatria necess\u00e1rios para uma s\u00f3lida base de conhecimento e compet\u00eancia cl\u00ednica. Trata-se de um guia completo de estudo, estruturado em temas-chave da psiquiatria cl\u00ednica. \u2022 Mesmo com o car\u00e1ter pragm\u00e1tico do texto, o conte\u00fado n\u00e3o negligencia a import\u00e2ncia de fatores como integridade&hellip;&nbsp;<a href=\"https:\/\/livrariadocampus.com.br\/loja\/produto\/manual-do-residente-de-psiquiatria-capa-comum-2023-lancamento\/\" class=\"\" rel=\"bookmark\">Continue a ler &raquo;<span class=\"screen-reader-text\">Manual do Residente de Psiquiatria Capa comum \u2013  2023 lan\u00e7amento<\/span><\/a><\/p>\n","protected":false},"featured_media":6846,"template":"","meta":{"neve_meta_sidebar":"","neve_meta_container":"","neve_meta_enable_content_width":"off","neve_meta_content_width":100,"neve_meta_title_alignment":"","neve_meta_author_avatar":"","neve_post_elements_order":"","neve_meta_disable_header":"","neve_meta_disable_footer":"","neve_meta_disable_title":"","_joinchat":[]},"product_brand":[],"product_cat":[25,113,66],"product_tag":[282],"class_list":{"0":"post-6845","1":"product","2":"type-product","3":"status-publish","4":"has-post-thumbnail","6":"product_cat-lancamentos","7":"product_cat-psicologia","8":"product_cat-psiquiatria-e-psicologia","9":"product_tag-282","11":"first","12":"instock","13":"sold-individually","14":"shipping-taxable","15":"purchasable","16":"product-type-simple"},"jetpack_sharing_enabled":true,"_links":{"self":[{"href":"https:\/\/livrariadocampus.com.br\/loja\/wp-json\/wp\/v2\/product\/6845","targetHints":{"allow":["GET"]}}],"collection":[{"href":"https:\/\/livrariadocampus.com.br\/loja\/wp-json\/wp\/v2\/product"}],"about":[{"href":"https:\/\/livrariadocampus.com.br\/loja\/wp-json\/wp\/v2\/types\/product"}],"wp:featuredmedia":[{"embeddable":true,"href":"https:\/\/livrariadocampus.com.br\/loja\/wp-json\/wp\/v2\/media\/6846"}],"wp:attachment":[{"href":"https:\/\/livrariadocampus.com.br\/loja\/wp-json\/wp\/v2\/media?parent=6845"}],"wp:term":[{"taxonomy":"product_brand","embeddable":true,"href":"https:\/\/livrariadocampus.com.br\/loja\/wp-json\/wp\/v2\/product_brand?post=6845"},{"taxonomy":"product_cat","embeddable":true,"href":"https:\/\/livrariadocampus.com.br\/loja\/wp-json\/wp\/v2\/product_cat?post=6845"},{"taxonomy":"product_tag","embeddable":true,"href":"https:\/\/livrariadocampus.com.br\/loja\/wp-json\/wp\/v2\/product_tag?post=6845"}],"curies":[{"name":"wp","href":"https:\/\/api.w.org\/{rel}","templated":true}]}}