{"id":6843,"date":"2023-06-12T17:11:50","date_gmt":"2023-06-12T20:11:50","guid":{"rendered":"https:\/\/livrariadocampus.com.br\/loja\/?post_type=product&#038;p=6843"},"modified":"2023-06-12T17:11:50","modified_gmt":"2023-06-12T20:11:50","slug":"mastologia-capa-dura-2019","status":"publish","type":"product","link":"https:\/\/livrariadocampus.com.br\/loja\/produto\/mastologia-capa-dura-2019\/","title":{"rendered":"Mastologia Capa dura \u2013 2019"},"content":{"rendered":"<p>\nA S\u00e9rie Manual do M\u00e9dico-Residente do Hospital das Cl\u00ednicas da Faculdade de Medicina da Universidade de S\u00e3o Paulo &#8211; HCFMUSP tem por objetivo difundir os conhecimentos da pr\u00e1tica e assist\u00eancia m\u00e9dica, altamente qualificadas, ora desenvolvidas no complexo HCFMUSP, por sinal, o maior da Am\u00e9rica Latina. O complexo HCFMUSP disp\u00f5e de um centro m\u00e9dico hospitalar amplo, bem estruturado e moderno, com os melhores recursos diagn\u00f3sticos e terap\u00eauticos para o treinamento adequado dos residentes. Assinala-se os residentes contarem permanentemente com m\u00e9dicos preceptores exclusivos, m\u00e9dicos-assistentes e docentes altamente capacitados para o ensino da Medicina em seu vi\u00e9s pr\u00e1tico &#8211; a base da resid\u00eancia m\u00e9dica. A S\u00e9rie Manual do M\u00e9dico-Residente do Hospital das Cl\u00ednicas da Faculdade de Medicina da Universidade de S\u00e3o Paulo- HCFMUSP ser\u00e1 \u00fatil n\u00e3o apenas para os residentes do pr\u00f3prio HC, como ser\u00e1 tamb\u00e9m validada e seguida por outros centros acad\u00eamicos e deforma\u00e7\u00e3o profissional de Medicina nas diversas regi\u00f5es do Brasil. Atualmente, os programas de resid\u00eancia m\u00e9dica dessa institui\u00e7\u00e3o abrangem quase todas as especialidades e \u00e1reas de atua\u00e7\u00e3o m\u00e9dica. Totalizam cerca de 1.600 m\u00e9dicos em treinamento. O presente volume &#8211; Mastologia &#8211; apresenta as diretrizes, os protocolos e os procedimentos diagn\u00f3sticos e terap\u00eauticos praticados no Setor de Mastologia da Disciplina de Ginecologia do Hospital das Cl\u00ednicas da Faculdade de Medicina da Universidade de S\u00e3o Paulo e no Instituto do C\u00e2ncer do Estado de S\u00e3o Paulo, ICESP. Est\u00e1 estruturado em cinco partes distintas: 1. Altera\u00e7\u00f5es Benignas da Mama; 2. Les\u00f5es N\u00e3o Proliferativas da Mama; 3. Les\u00f5es Proliferativas da Mama; 4. C\u00e2ncer de Mama; 5. Condi\u00e7\u00f5es Especiai<\/p>\n","protected":false},"excerpt":{"rendered":"<p>A S\u00e9rie Manual do M\u00e9dico-Residente do Hospital das Cl\u00ednicas da Faculdade de Medicina da Universidade de S\u00e3o Paulo &#8211; HCFMUSP tem por objetivo difundir os conhecimentos da pr\u00e1tica e assist\u00eancia m\u00e9dica, altamente qualificadas, ora desenvolvidas no complexo HCFMUSP, por sinal, o maior da Am\u00e9rica Latina. O complexo HCFMUSP disp\u00f5e de um centro m\u00e9dico hospitalar amplo,&hellip;&nbsp;<a href=\"https:\/\/livrariadocampus.com.br\/loja\/produto\/mastologia-capa-dura-2019\/\" class=\"\" rel=\"bookmark\">Continue a ler &raquo;<span class=\"screen-reader-text\">Mastologia Capa dura \u2013 2019<\/span><\/a><\/p>\n","protected":false},"featured_media":6844,"template":"","meta":{"neve_meta_sidebar":"","neve_meta_container":"","neve_meta_enable_content_width":"off","neve_meta_content_width":100,"neve_meta_title_alignment":"","neve_meta_author_avatar":"","neve_post_elements_order":"","neve_meta_disable_header":"","neve_meta_disable_footer":"","neve_meta_disable_title":"","_joinchat":[]},"product_brand":[],"product_cat":[145],"product_tag":[281],"class_list":{"0":"post-6843","1":"product","2":"type-product","3":"status-publish","4":"has-post-thumbnail","6":"product_cat-ginecologia-obstetricia-mastol","7":"product_tag-281","9":"first","10":"instock","11":"sale","12":"sold-individually","13":"shipping-taxable","14":"purchasable","15":"product-type-simple"},"jetpack_sharing_enabled":true,"_links":{"self":[{"href":"https:\/\/livrariadocampus.com.br\/loja\/wp-json\/wp\/v2\/product\/6843","targetHints":{"allow":["GET"]}}],"collection":[{"href":"https:\/\/livrariadocampus.com.br\/loja\/wp-json\/wp\/v2\/product"}],"about":[{"href":"https:\/\/livrariadocampus.com.br\/loja\/wp-json\/wp\/v2\/types\/product"}],"wp:featuredmedia":[{"embeddable":true,"href":"https:\/\/livrariadocampus.com.br\/loja\/wp-json\/wp\/v2\/media\/6844"}],"wp:attachment":[{"href":"https:\/\/livrariadocampus.com.br\/loja\/wp-json\/wp\/v2\/media?parent=6843"}],"wp:term":[{"taxonomy":"product_brand","embeddable":true,"href":"https:\/\/livrariadocampus.com.br\/loja\/wp-json\/wp\/v2\/product_brand?post=6843"},{"taxonomy":"product_cat","embeddable":true,"href":"https:\/\/livrariadocampus.com.br\/loja\/wp-json\/wp\/v2\/product_cat?post=6843"},{"taxonomy":"product_tag","embeddable":true,"href":"https:\/\/livrariadocampus.com.br\/loja\/wp-json\/wp\/v2\/product_tag?post=6843"}],"curies":[{"name":"wp","href":"https:\/\/api.w.org\/{rel}","templated":true}]}}