{"id":6839,"date":"2023-06-12T12:39:46","date_gmt":"2023-06-12T15:39:46","guid":{"rendered":"https:\/\/livrariadocampus.com.br\/loja\/?post_type=product&#038;p=6839"},"modified":"2024-09-23T15:28:08","modified_gmt":"2024-09-23T18:28:08","slug":"vade-mecum-metodo-2023-capa-comum-2023","status":"publish","type":"product","link":"https:\/\/livrariadocampus.com.br\/loja\/produto\/vade-mecum-metodo-2023-capa-comum-2023\/","title":{"rendered":"Vade Mecum M\u00e9todo 2023 Capa comum \u2013  2023"},"content":{"rendered":"<p>ATUALIZADO AT\u00c9 11.01.2023<\/p>\n<p>CF e ADCT \u2013 atualizados at\u00e9 a EC 128, de 22.12.2022<\/p>\n<p>C\u00f3digo Civil \u2013 atualizado pelas Leis 14.405, de 12.07.2022, e 14.451, de 21.09.2022<\/p>\n<p>C\u00f3digo Penal \u2013 atualizado pelas Leis 14.478, de 21.12.2022, e 14.532, de 11.01.2023<\/p>\n<p>CLT \u2013 atualizada pelas Leis 14.438, de 24.08.2022, 14.442, de 02.09.2022, e 14.457, de 21.09.2022<\/p>\n<p>C\u00f3digo de Tr\u00e2nsito Brasileiro \u2013 atualizado pela Lei 14.440, de 02.09.2022<\/p>\n<p>C\u00f3digo Florestal \u2013 atualizado pela Lei 14.406, de 12.07.2022<\/p>\n<p>Estatuto da Cidade \u2013 atualizado pela Lei 14.489, de 21.12.2022<\/p>\n<p>Estatuto da Advocacia e da OAB \u2013 atualizado pela Lei 14.508, de 27.12.2022<\/p>\n<p>Estatuto da Pessoa com Defici\u00eancia \u2013 atualizado pela Lei 14.510, de 27.12.2022<\/p>\n<p>Lei do Racismo \u2013 atualizada pela Lei 14.532, de 11.01.2023<\/p>\n<p>Lei de Seguran\u00e7a P\u00fablica \u2013 atualizada pela Lei 14.531, de 10.01.2023<\/p>\n<p>Suspens\u00e3o dos registros para aquisi\u00e7\u00e3o e transfer\u00eancia de armas e muni\u00e7\u00f5es \u2013 Decreto 11.366, de 1\u00ba.01.2023<\/p>\n<p>Lei das Criptomoedas \u2013 Lei 14.478, de 21.12.2022<\/p>\n<p>Lei de Defesa da Concorr\u00eancia \u2013 atualizada pela Lei 14.470, de 16.11.2022<\/p>\n<p>Lei Geral de Prote\u00e7\u00e3o de Dados \u2013 atualizada pela Lei 14.460, de 25.10.2022<\/p>\n<p>Programa Emprega + Mulheres \u2013 Lei 14.457, de 21.09.2022<\/p>\n<p>Pagamento de aux\u00edlio-alimenta\u00e7\u00e3o \u2013 Lei 14.442, de 02.09.2022<\/p>\n<p>Medidas trabalhistas alternativas e Programa Emergencial de Manuten\u00e7\u00e3o do Emprego e da Renda \u2013 Lei 14.437, de 15.08.2022<\/p>\n<p>Lei do FGTS \u2013 atualizada pela Lei 14.438, de 24.08.2022<\/p>\n<p>Lei de Benef\u00edcios da Previd\u00eancia Social \u2013 atualizada pelas Leis 14.431, de 03.08.2022, 14.438, de 24.08.2022, e 14.441, de 02.09.2022<\/p>\n<p>Lei Org\u00e2nica da Seguridade Social \u2013 atualizada pela Lei 14.438, de 24.08.2022<\/p>\n<p>Marco Legal da Securitiza\u00e7\u00e3o \u2013 Lei 14.430, de 03.08.2022<\/p>\n<p>M\u00ednimo existencial no superendividamento \u2013 Decreto 11.150, de 26.07.2022<\/p>\n<p>MUITAS VANTAGENS PARA VOC\u00ca!<\/p>\n<p>\u00cdndice Alfab\u00e9tico-Remissivo Unificado, incluindo verbetes para CF, C\u00f3digos, Estatutos, Legisla\u00e7\u00e3o Complementar, Regimentos Internos, S\u00famulas, OJs, Precedentes e Enunciados, para facilitar ainda mais a consulta e ganhar mais tempo nas provas<\/p>\n<p>\u00cdndice Remissivo por C\u00f3digo<\/p>\n<p>Atualiza\u00e7\u00e3o on-line gratuita no formato da p\u00e1gina<\/p>\n<p>Material suplementar para download: sele\u00e7\u00e3o de normas complementares e tabelas comparativas de reformas e dos principais impactos legislativos<\/p>\n<p>                O PROJETO GR\u00c1FICO OFERECE:<\/p>\n<p>                Leitura confort\u00e1vel<\/p>\n<p>                Cor espec\u00edfica para cada uma das divis\u00f5es<\/p>\n<p>                \u00cdndice Alfab\u00e9tico-Remissivo Unificado<\/p>\n<p>                As mais recentes atualiza\u00e7\u00f5es legislativas destacadas em cores<\/p>\n<p>                \u00cdndice das PRINCIPAIS ATUALIZA\u00c7\u00d5ES na contracapa<\/p>\n<p>                Fitas marcadoras e tarjas laterais internas<\/p>\n<p>Este \u00e9 o seu mais completo parceiro de estudos e provas! O Vade Mecum M\u00e9todo foi feito cuidadosamente para acompanh\u00e1-lo nas provas da OAB, gradua\u00e7\u00e3o, concursos p\u00fablicos e no seu dia a dia profissional.<\/p>\n<p>Leia mais<\/p>\n","protected":false},"excerpt":{"rendered":"<p>ATUALIZADO AT\u00c9 11.01.2023 CF e ADCT \u2013 atualizados at\u00e9 a EC 128, de 22.12.2022 C\u00f3digo Civil \u2013 atualizado pelas Leis 14.405, de 12.07.2022, e 14.451, de 21.09.2022 C\u00f3digo Penal \u2013 atualizado pelas Leis 14.478, de 21.12.2022, e 14.532, de 11.01.2023 CLT \u2013 atualizada pelas Leis 14.438, de 24.08.2022, 14.442, de 02.09.2022, e 14.457, de 21.09.2022&hellip;&nbsp;<a href=\"https:\/\/livrariadocampus.com.br\/loja\/produto\/vade-mecum-metodo-2023-capa-comum-2023\/\" class=\"\" rel=\"bookmark\">Continue a ler &raquo;<span class=\"screen-reader-text\">Vade Mecum M\u00e9todo 2023 Capa comum \u2013  2023<\/span><\/a><\/p>\n","protected":false},"featured_media":6840,"template":"","meta":{"neve_meta_sidebar":"","neve_meta_container":"","neve_meta_enable_content_width":"off","neve_meta_content_width":100,"neve_meta_title_alignment":"","neve_meta_author_avatar":"","neve_post_elements_order":"","neve_meta_disable_header":"","neve_meta_disable_footer":"","neve_meta_disable_title":"","_joinchat":[]},"product_brand":[],"product_cat":[15],"product_tag":[],"class_list":{"0":"post-6839","1":"product","2":"type-product","3":"status-publish","4":"has-post-thumbnail","6":"product_cat-outros","8":"first","9":"instock","10":"shipping-taxable","11":"purchasable","12":"product-type-simple"},"jetpack_sharing_enabled":true,"_links":{"self":[{"href":"https:\/\/livrariadocampus.com.br\/loja\/wp-json\/wp\/v2\/product\/6839","targetHints":{"allow":["GET"]}}],"collection":[{"href":"https:\/\/livrariadocampus.com.br\/loja\/wp-json\/wp\/v2\/product"}],"about":[{"href":"https:\/\/livrariadocampus.com.br\/loja\/wp-json\/wp\/v2\/types\/product"}],"wp:featuredmedia":[{"embeddable":true,"href":"https:\/\/livrariadocampus.com.br\/loja\/wp-json\/wp\/v2\/media\/6840"}],"wp:attachment":[{"href":"https:\/\/livrariadocampus.com.br\/loja\/wp-json\/wp\/v2\/media?parent=6839"}],"wp:term":[{"taxonomy":"product_brand","embeddable":true,"href":"https:\/\/livrariadocampus.com.br\/loja\/wp-json\/wp\/v2\/product_brand?post=6839"},{"taxonomy":"product_cat","embeddable":true,"href":"https:\/\/livrariadocampus.com.br\/loja\/wp-json\/wp\/v2\/product_cat?post=6839"},{"taxonomy":"product_tag","embeddable":true,"href":"https:\/\/livrariadocampus.com.br\/loja\/wp-json\/wp\/v2\/product_tag?post=6839"}],"curies":[{"name":"wp","href":"https:\/\/api.w.org\/{rel}","templated":true}]}}