{"id":6835,"date":"2023-06-12T12:30:29","date_gmt":"2023-06-12T15:30:29","guid":{"rendered":"https:\/\/livrariadocampus.com.br\/loja\/?post_type=product&#038;p=6835"},"modified":"2023-06-12T12:40:47","modified_gmt":"2023-06-12T15:40:47","slug":"infectologia-bases-clinicas-e-tratamento-2-edicao-2023","status":"publish","type":"product","link":"https:\/\/livrariadocampus.com.br\/loja\/produto\/infectologia-bases-clinicas-e-tratamento-2-edicao-2023\/","title":{"rendered":"Infectologia &#8211; Bases Cl\u00ednicas e Tratamento 2 EDI\u00c7\u00c3O 2023"},"content":{"rendered":"<p>Desde tempos remotos, as doen\u00e7as infecciosas, end\u00eamica e epidemicamente, fazem parte da hist\u00f3ria da humanidade, muitas vezes sendo eventos centrais dela. Hansen\u00edase, c\u00f3lera, peste, gripe espanhola, bem como outras doen\u00e7as, deixaram suas marcas. Mais recentemente, AIDS e COVID-19 revelaram o preparo e o despreparo da sociedade para lidar com o novo: nunca se viu tamanho ac\u00famulo de conhecimento cient\u00edfico em t\u00e3o pouco tempo; por outro lado, as mesmas rea\u00e7\u00f5es de isolamento e preconceito, no caso da AIDS, e o impacto da iniquidade e da desinforma\u00e7\u00e3o, no caso da pandemia de COVID-19, afloraram imediatamente.Entretanto, dois aspectos da vida moderna mudaram o campo das doen\u00e7as infecciosas: a mobilidade e as novas t\u00e9cnicas para tratamento de doen\u00e7as graves. O primeiro coloca sociedades separadas geograficamente a um voo de dist\u00e2ncia, permitindo a r\u00e1pida propaga\u00e7\u00e3o de doen\u00e7as e expondo cidad\u00e3os de determinadas regi\u00f5es a pat\u00f3genos tipicamente causadores de doen\u00e7as em outras localidades. J\u00e1 as novas t\u00e9cnicas de tratamento, como transplantes de \u00f3rg\u00e3os s\u00f3lidos e medula \u00f3ssea, exp\u00f5em os pacientes a infec\u00e7\u00f5es por microrganismos pouco patog\u00eanicos, mas que causam infec\u00e7\u00f5es devastadoras.Neste livro, busca-se abranger esses aspectos da infectologia de modo objetivo, mas sem perder o rigor cient\u00edfico. Com mais de 70 cap\u00edtulos e ricamente ilustrado, s\u00e3o apresentadas informa\u00e7\u00f5es fundamentais sobre hospedeiros e pat\u00f3genos. Al\u00e9m disso, as se\u00e7\u00f5es s\u00e3o estruturadas conforme o agente, o local da infec\u00e7\u00e3o e as s\u00edndromes cl\u00ednicas, proporcionando rico conhecimento sobre patog\u00eanese, diagn\u00f3stico e tratamento.Escrito por autores com viv\u00eancia cl\u00ednica e experi\u00eancia de ensino e pesquisa, este conte\u00fado \u00e9 indispens\u00e1vel para estudantes, m\u00e9dicos infectologistas e generalistas, assim como para todos os profissionais de sa\u00fade que desejam se aprofundar nessa \u00e1rea em constante expans\u00e3o.?<\/p>\n","protected":false},"excerpt":{"rendered":"<p>Desde tempos remotos, as doen\u00e7as infecciosas, end\u00eamica e epidemicamente, fazem parte da hist\u00f3ria da humanidade, muitas vezes sendo eventos centrais dela. Hansen\u00edase, c\u00f3lera, peste, gripe espanhola, bem como outras doen\u00e7as, deixaram suas marcas. Mais recentemente, AIDS e COVID-19 revelaram o preparo e o despreparo da sociedade para lidar com o novo: nunca se viu tamanho&hellip;&nbsp;<a href=\"https:\/\/livrariadocampus.com.br\/loja\/produto\/infectologia-bases-clinicas-e-tratamento-2-edicao-2023\/\" class=\"\" rel=\"bookmark\">Continue a ler &raquo;<span class=\"screen-reader-text\">Infectologia &#8211; Bases Cl\u00ednicas e Tratamento 2 EDI\u00c7\u00c3O 2023<\/span><\/a><\/p>\n","protected":false},"featured_media":6836,"template":"","meta":{"neve_meta_sidebar":"","neve_meta_container":"","neve_meta_enable_content_width":"off","neve_meta_content_width":100,"neve_meta_title_alignment":"","neve_meta_author_avatar":"","neve_post_elements_order":"","neve_meta_disable_header":"","neve_meta_disable_footer":"","neve_meta_disable_title":"","_joinchat":[]},"product_brand":[],"product_cat":[57,25,150],"product_tag":[],"class_list":{"0":"post-6835","1":"product","2":"type-product","3":"status-publish","4":"has-post-thumbnail","6":"product_cat-doenca-infecciosas","7":"product_cat-lancamentos","8":"product_cat-microbiologia","10":"first","11":"instock","12":"sale","13":"shipping-taxable","14":"purchasable","15":"product-type-simple"},"jetpack_sharing_enabled":true,"_links":{"self":[{"href":"https:\/\/livrariadocampus.com.br\/loja\/wp-json\/wp\/v2\/product\/6835","targetHints":{"allow":["GET"]}}],"collection":[{"href":"https:\/\/livrariadocampus.com.br\/loja\/wp-json\/wp\/v2\/product"}],"about":[{"href":"https:\/\/livrariadocampus.com.br\/loja\/wp-json\/wp\/v2\/types\/product"}],"wp:featuredmedia":[{"embeddable":true,"href":"https:\/\/livrariadocampus.com.br\/loja\/wp-json\/wp\/v2\/media\/6836"}],"wp:attachment":[{"href":"https:\/\/livrariadocampus.com.br\/loja\/wp-json\/wp\/v2\/media?parent=6835"}],"wp:term":[{"taxonomy":"product_brand","embeddable":true,"href":"https:\/\/livrariadocampus.com.br\/loja\/wp-json\/wp\/v2\/product_brand?post=6835"},{"taxonomy":"product_cat","embeddable":true,"href":"https:\/\/livrariadocampus.com.br\/loja\/wp-json\/wp\/v2\/product_cat?post=6835"},{"taxonomy":"product_tag","embeddable":true,"href":"https:\/\/livrariadocampus.com.br\/loja\/wp-json\/wp\/v2\/product_tag?post=6835"}],"curies":[{"name":"wp","href":"https:\/\/api.w.org\/{rel}","templated":true}]}}