{"id":6813,"date":"2023-06-09T13:51:44","date_gmt":"2023-06-09T16:51:44","guid":{"rendered":"https:\/\/livrariadocampus.com.br\/loja\/?post_type=product&#038;p=6813"},"modified":"2024-04-01T16:25:19","modified_gmt":"2024-04-01T19:25:19","slug":"promocao","status":"publish","type":"product","link":"https:\/\/livrariadocampus.com.br\/loja\/produto\/promocao\/","title":{"rendered":"Wallach &#8211; Interpreta\u00e7\u00e3o de Exames Laboratoriais Capa comum \u2013  2022 LAN\u00c7AMENTO"},"content":{"rendered":"<p>Para estar em conson\u00e2ncia com os constantes avan\u00e7os desse campo, a 11a edi\u00e7\u00e3o de Wallach | Interpreta\u00e7\u00e3o de Exames Laboratoriais foi inteiramente revisada e atualizada, inclusive levando em considera\u00e7\u00e3o os feedbacks de leitores das edi\u00e7\u00f5es passadas. A obra foi reorganizada para que a consulta ao conte\u00fado seja mais simples e objetiva, como um guia pr\u00e1tico deve ser, com \u00eanfase aos usos precisos e eficientes dos exames laboratoriais.Os cap\u00edtulos sobre gen\u00e9tica, diagn\u00f3stico molecular e exames neurol\u00f3gicos foram atualizados com as informa\u00e7\u00f5es mais recentes, o \u00edndice alfab\u00e9tico foi ampliado para refinar a busca, e as dificuldades e limita\u00e7\u00f5es comuns dos exames foram detalhadas.Indicado para m\u00e9dicos de cuidados prim\u00e1rios, subespecialistas, m\u00e9dicos assistentes, enfermeiros e estudantes de medicina e enfermagem, este livro agrega valor a outros exames diagn\u00f3sticos e complementa as informa\u00e7\u00f5es necess\u00e1rias para a detec\u00e7\u00e3o precoce de doen\u00e7as e a individualiza\u00e7\u00e3o de planos de tratamento.?<br \/>\nLeia<\/p>\n","protected":false},"excerpt":{"rendered":"<p>Para estar em conson\u00e2ncia com os constantes avan\u00e7os desse campo, a 11a edi\u00e7\u00e3o de Wallach | Interpreta\u00e7\u00e3o de Exames Laboratoriais foi inteiramente revisada e atualizada, inclusive levando em considera\u00e7\u00e3o os feedbacks de leitores das edi\u00e7\u00f5es passadas. A obra foi reorganizada para que a consulta ao conte\u00fado seja mais simples e objetiva, como um guia pr\u00e1tico&hellip;&nbsp;<a href=\"https:\/\/livrariadocampus.com.br\/loja\/produto\/promocao\/\" class=\"\" rel=\"bookmark\">Continue a ler &raquo;<span class=\"screen-reader-text\">Wallach &#8211; Interpreta\u00e7\u00e3o de Exames Laboratoriais Capa comum \u2013  2022 LAN\u00c7AMENTO<\/span><\/a><\/p>\n","protected":false},"featured_media":6814,"template":"","meta":{"neve_meta_sidebar":"","neve_meta_container":"","neve_meta_enable_content_width":"off","neve_meta_content_width":100,"neve_meta_title_alignment":"","neve_meta_author_avatar":"","neve_post_elements_order":"","neve_meta_disable_header":"","neve_meta_disable_footer":"","neve_meta_disable_title":"","_joinchat":[]},"product_brand":[],"product_cat":[72,25],"product_tag":[276],"class_list":{"0":"post-6813","1":"product","2":"type-product","3":"status-publish","4":"has-post-thumbnail","6":"product_cat-laboratorio-clinico","7":"product_cat-lancamentos","8":"product_tag-978-8527738132","10":"first","11":"instock","12":"sale","13":"shipping-taxable","14":"purchasable","15":"product-type-simple"},"jetpack_sharing_enabled":true,"_links":{"self":[{"href":"https:\/\/livrariadocampus.com.br\/loja\/wp-json\/wp\/v2\/product\/6813","targetHints":{"allow":["GET"]}}],"collection":[{"href":"https:\/\/livrariadocampus.com.br\/loja\/wp-json\/wp\/v2\/product"}],"about":[{"href":"https:\/\/livrariadocampus.com.br\/loja\/wp-json\/wp\/v2\/types\/product"}],"wp:featuredmedia":[{"embeddable":true,"href":"https:\/\/livrariadocampus.com.br\/loja\/wp-json\/wp\/v2\/media\/6814"}],"wp:attachment":[{"href":"https:\/\/livrariadocampus.com.br\/loja\/wp-json\/wp\/v2\/media?parent=6813"}],"wp:term":[{"taxonomy":"product_brand","embeddable":true,"href":"https:\/\/livrariadocampus.com.br\/loja\/wp-json\/wp\/v2\/product_brand?post=6813"},{"taxonomy":"product_cat","embeddable":true,"href":"https:\/\/livrariadocampus.com.br\/loja\/wp-json\/wp\/v2\/product_cat?post=6813"},{"taxonomy":"product_tag","embeddable":true,"href":"https:\/\/livrariadocampus.com.br\/loja\/wp-json\/wp\/v2\/product_tag?post=6813"}],"curies":[{"name":"wp","href":"https:\/\/api.w.org\/{rel}","templated":true}]}}