{"id":6810,"date":"2023-06-09T13:46:45","date_gmt":"2023-06-09T16:46:45","guid":{"rendered":"https:\/\/livrariadocampus.com.br\/loja\/?post_type=product&#038;p=6810"},"modified":"2025-03-28T15:46:40","modified_gmt":"2025-03-28T18:46:40","slug":"obstetricia-capa-comum-14-edicao-2022","status":"publish","type":"product","link":"https:\/\/livrariadocampus.com.br\/loja\/produto\/obstetricia-capa-comum-14-edicao-2022\/","title":{"rendered":"Obstetr\u00edcia Capa comum \u201314 EDI\u00c7\u00c3O 2022"},"content":{"rendered":"<p>Conta com a colabora\u00e7\u00e3o de um grupo de not\u00e1veis especialistas cuja expertise \u00e9 refletida nos 122 cap\u00edtulos que a integram.Entre as principais novidades, est\u00e3o o conte\u00fado online, dispon\u00edvel no Ambiente de Aprendizagem Virtual do Grupo GEN para todos os leitores que adquirirem esta edi\u00e7\u00e3o, e a inclus\u00e3o de novos cap\u00edtulos com temas que retratam o car\u00e1ter atual da obra, como: Assist\u00eancia \u00e0s Gestantes e Pu\u00e9rperas frente \u00e0 Pandemia de Covid-19; Atividade F\u00edsica na Gesta\u00e7\u00e3o; Pol\u00edticas de Aten\u00e7\u00e3o \u00e0 Gesta\u00e7\u00e3o, ao Parto e ao Puerp\u00e9rio no Brasil; Cuidados com Pessoas e Fam\u00edlias LGBTQIA+; Viol\u00eancia entre Parceiros \u00cdntimos durante a Gesta\u00e7\u00e3o e Maus-Tratos no Parto; Poluentes e Gravidez; Classifica\u00e7\u00e3o de Risco e Escores de Gravidade; e Seguran\u00e7a do Paciente na Assist\u00eancia Obst\u00e9trica.Consagrado como um dos textos mais significativos da literatura brasileira na \u00e1rea de Obstetr\u00edcia, este cl\u00e1ssico se mant\u00e9m como uma importante refer\u00eancia para a forma\u00e7\u00e3o de gera\u00e7\u00f5es de estudantes e profissionais da sa\u00fade.?<br \/>\nLeia <\/p>\n","protected":false},"excerpt":{"rendered":"<p>Conta com a colabora\u00e7\u00e3o de um grupo de not\u00e1veis especialistas cuja expertise \u00e9 refletida nos 122 cap\u00edtulos que a integram.Entre as principais novidades, est\u00e3o o conte\u00fado online, dispon\u00edvel no Ambiente de Aprendizagem Virtual do Grupo GEN para todos os leitores que adquirirem esta edi\u00e7\u00e3o, e a inclus\u00e3o de novos cap\u00edtulos com temas que retratam o&hellip;&nbsp;<a href=\"https:\/\/livrariadocampus.com.br\/loja\/produto\/obstetricia-capa-comum-14-edicao-2022\/\" class=\"\" rel=\"bookmark\">Continue a ler &raquo;<span class=\"screen-reader-text\">Obstetr\u00edcia Capa comum \u201314 EDI\u00c7\u00c3O 2022<\/span><\/a><\/p>\n","protected":false},"featured_media":6811,"template":"","meta":{"neve_meta_sidebar":"","neve_meta_container":"","neve_meta_enable_content_width":"off","neve_meta_content_width":100,"neve_meta_title_alignment":"","neve_meta_author_avatar":"","neve_post_elements_order":"","neve_meta_disable_header":"","neve_meta_disable_footer":"","neve_meta_disable_title":"","_joinchat":[]},"product_brand":[],"product_cat":[15],"product_tag":[],"class_list":{"0":"post-6810","1":"product","2":"type-product","3":"status-publish","4":"has-post-thumbnail","6":"product_cat-outros","8":"first","9":"outofstock","10":"shipping-taxable","11":"product-type-simple"},"jetpack_sharing_enabled":true,"_links":{"self":[{"href":"https:\/\/livrariadocampus.com.br\/loja\/wp-json\/wp\/v2\/product\/6810","targetHints":{"allow":["GET"]}}],"collection":[{"href":"https:\/\/livrariadocampus.com.br\/loja\/wp-json\/wp\/v2\/product"}],"about":[{"href":"https:\/\/livrariadocampus.com.br\/loja\/wp-json\/wp\/v2\/types\/product"}],"wp:featuredmedia":[{"embeddable":true,"href":"https:\/\/livrariadocampus.com.br\/loja\/wp-json\/wp\/v2\/media\/6811"}],"wp:attachment":[{"href":"https:\/\/livrariadocampus.com.br\/loja\/wp-json\/wp\/v2\/media?parent=6810"}],"wp:term":[{"taxonomy":"product_brand","embeddable":true,"href":"https:\/\/livrariadocampus.com.br\/loja\/wp-json\/wp\/v2\/product_brand?post=6810"},{"taxonomy":"product_cat","embeddable":true,"href":"https:\/\/livrariadocampus.com.br\/loja\/wp-json\/wp\/v2\/product_cat?post=6810"},{"taxonomy":"product_tag","embeddable":true,"href":"https:\/\/livrariadocampus.com.br\/loja\/wp-json\/wp\/v2\/product_tag?post=6810"}],"curies":[{"name":"wp","href":"https:\/\/api.w.org\/{rel}","templated":true}]}}