{"id":6806,"date":"2023-06-09T12:33:19","date_gmt":"2023-06-09T15:33:19","guid":{"rendered":"https:\/\/livrariadocampus.com.br\/loja\/?post_type=product&#038;p=6806"},"modified":"2023-06-09T14:24:26","modified_gmt":"2023-06-09T17:24:26","slug":"casos-clinico-comentados-em-ginecologia-e-obstetricia-edicao-2021","status":"publish","type":"product","link":"https:\/\/livrariadocampus.com.br\/loja\/produto\/casos-clinico-comentados-em-ginecologia-e-obstetricia-edicao-2021\/","title":{"rendered":"CASOS  CLINICO Comentados em Ginecologia e Obstetr\u00edcia  EDI\u00c7\u00c3O 2021"},"content":{"rendered":"<p>Casos Cl\u00ednicos Comentados em Ginecologia e Obstetr\u00edcia \u00e9 livro destinado a exercitar o racioc\u00ednio cl\u00ednico do leitor, testar o seu grau de conhecimento frente aos temas apresentados e motiv\u00e1-lo ao estudo e \u00e0 atualiza\u00e7\u00e3o. Para tal, construiu-se did\u00e1tica pr\u00f3pria e que abrange as seguintes Se\u00e7\u00f5es e Partes: 1. Casos Cl\u00ednicos \u2013 Ginecologia: a) discuss\u00e3o do tema; b) hip\u00f3teses diagn\u00f3sticas; c) diagn\u00f3stico diferencial; e d) condutas de acordo com as mais recentes diretrizes e protocolos. 2. Casos Cl\u00ednicos \u2013 Obstetr\u00edcia: acompanha a mesma did\u00e1tica. 3. Quest\u00f5es de M\u00faltipla Escolha: apresentam cinco alternativas inteligentes. A inten\u00e7\u00e3o \u00e9 dificultar o leitor, para que ele utilize seus conhecimentos e perspic\u00e1cia. 4. Respostas Comentadas: elucidativas e esclarecedoras. T\u00eam por base as mais recentes refer\u00eancias bibliogr\u00e1ficas e trabalhos de revis\u00e3o. Casos Cl\u00ednicos Comentados em Ginecologia e Obstetr\u00edcia apresenta 8 Editores, 208 Colaboradores, 2 Se\u00e7\u00f5es, 48 Casos Cl\u00ednicos em Ginecologia, 51 Casos Cl\u00ednicos em Obstetr\u00edcia, 233 Quest\u00f5es de M\u00faltipla Escolha, em um total de 622 p\u00e1ginas. O livro tem como p\u00fablico-alvo estudantes de Gradua\u00e7\u00e3o de Ginecologia e Obstetr\u00edcia, Residentes e Candidatos a Concursos M\u00e9dicos, bem como profissionais graduados. Objetiva a atualiza\u00e7\u00e3o e a reciclagem daqueles que trabalham em Prontos-Socorros e Unidades B\u00e1sicas de Sa\u00fade.<\/p>\n","protected":false},"excerpt":{"rendered":"<p>Casos Cl\u00ednicos Comentados em Ginecologia e Obstetr\u00edcia \u00e9 livro destinado a exercitar o racioc\u00ednio cl\u00ednico do leitor, testar o seu grau de conhecimento frente aos temas apresentados e motiv\u00e1-lo ao estudo e \u00e0 atualiza\u00e7\u00e3o. Para tal, construiu-se did\u00e1tica pr\u00f3pria e que abrange as seguintes Se\u00e7\u00f5es e Partes: 1. Casos Cl\u00ednicos \u2013 Ginecologia: a) discuss\u00e3o do&hellip;&nbsp;<a href=\"https:\/\/livrariadocampus.com.br\/loja\/produto\/casos-clinico-comentados-em-ginecologia-e-obstetricia-edicao-2021\/\" class=\"\" rel=\"bookmark\">Continue a ler &raquo;<span class=\"screen-reader-text\">CASOS  CLINICO Comentados em Ginecologia e Obstetr\u00edcia  EDI\u00c7\u00c3O 2021<\/span><\/a><\/p>\n","protected":false},"featured_media":6807,"template":"","meta":{"neve_meta_sidebar":"","neve_meta_container":"","neve_meta_enable_content_width":"off","neve_meta_content_width":100,"neve_meta_title_alignment":"","neve_meta_author_avatar":"","neve_post_elements_order":"","neve_meta_disable_header":"","neve_meta_disable_footer":"","neve_meta_disable_title":"","_joinchat":[]},"product_brand":[],"product_cat":[145],"product_tag":[274],"class_list":{"0":"post-6806","1":"product","2":"type-product","3":"status-publish","4":"has-post-thumbnail","6":"product_cat-ginecologia-obstetricia-mastol","7":"product_tag-978-6555862874","9":"first","10":"instock","11":"sale","12":"shipping-taxable","13":"purchasable","14":"product-type-simple"},"jetpack_sharing_enabled":true,"_links":{"self":[{"href":"https:\/\/livrariadocampus.com.br\/loja\/wp-json\/wp\/v2\/product\/6806","targetHints":{"allow":["GET"]}}],"collection":[{"href":"https:\/\/livrariadocampus.com.br\/loja\/wp-json\/wp\/v2\/product"}],"about":[{"href":"https:\/\/livrariadocampus.com.br\/loja\/wp-json\/wp\/v2\/types\/product"}],"wp:featuredmedia":[{"embeddable":true,"href":"https:\/\/livrariadocampus.com.br\/loja\/wp-json\/wp\/v2\/media\/6807"}],"wp:attachment":[{"href":"https:\/\/livrariadocampus.com.br\/loja\/wp-json\/wp\/v2\/media?parent=6806"}],"wp:term":[{"taxonomy":"product_brand","embeddable":true,"href":"https:\/\/livrariadocampus.com.br\/loja\/wp-json\/wp\/v2\/product_brand?post=6806"},{"taxonomy":"product_cat","embeddable":true,"href":"https:\/\/livrariadocampus.com.br\/loja\/wp-json\/wp\/v2\/product_cat?post=6806"},{"taxonomy":"product_tag","embeddable":true,"href":"https:\/\/livrariadocampus.com.br\/loja\/wp-json\/wp\/v2\/product_tag?post=6806"}],"curies":[{"name":"wp","href":"https:\/\/api.w.org\/{rel}","templated":true}]}}