{"id":6804,"date":"2023-06-09T12:28:01","date_gmt":"2023-06-09T15:28:01","guid":{"rendered":"https:\/\/livrariadocampus.com.br\/loja\/?post_type=product&#038;p=6804"},"modified":"2024-10-01T17:31:27","modified_gmt":"2024-10-01T20:31:27","slug":"emergencias-toxicologicas-principios-e-pratica-do-tratamento-de-intoxicacoes-agudas-2022-lacamento","status":"publish","type":"product","link":"https:\/\/livrariadocampus.com.br\/loja\/produto\/emergencias-toxicologicas-principios-e-pratica-do-tratamento-de-intoxicacoes-agudas-2022-lacamento\/","title":{"rendered":"Emerg\u00eancias Toxicol\u00f3gicas: Princ\u00edpios e pr\u00e1tica do tratamento de intoxica\u00e7\u00f5es agudas  2022 LA\u00c7AMENTO"},"content":{"rendered":"<p>Ver todas as 2 imagens<br \/>\nEmerg\u00eancias Toxicol\u00f3gicas: Princ\u00edpios e pr\u00e1tica do tratamento de intoxica\u00e7\u00f5es agudas Capa comum \u2013 19 abril 2022<br \/>\nEste livro destina-se, especialmente, aos pediatras que atuam na linha de frente do atendimento de emerg\u00eancia e cuidados intensivos a crian\u00e7as e adolescentes em todo o Brasil. Por\u00e9m, com certeza ser\u00e1 uma fonte \u00fatil de consulta para todos os m\u00e9dicos e demais profissionais da sa\u00fade que busquem conhecimento atualizado em Toxicologia M\u00e9dica, bem como para os m\u00e9dicos residentes e acad\u00eamicos de Medicina, como complementa\u00e7\u00e3o de seus estudos e forma\u00e7\u00e3o. Entre os variados temas de grande import\u00e2ncia e atualidade, o leitor encontrar\u00e1:<br \/>\n\u2022 As condutas indicadas para o manejo inicial de intoxica\u00e7\u00f5es agudas, ressuscita\u00e7\u00e3o e suporte vital do intoxicado grave, diagn\u00f3stico laboratorial em Toxicologia M\u00e9dica e o manejo de intoxica\u00e7\u00f5es por abuso de \u00e1lcool e drogas (subst\u00e2ncias psicoativas).<br \/>\n\u2022 As novas subst\u00e2ncias psicoativas, amplamente difundidas pela internet, e seus riscos para a sa\u00fade.<br \/>\n\u2022 O manejo atualizado das intoxica\u00e7\u00f5es por medicamentos, produtos qu\u00edmicos de uso domiciliar, pesticidas (agrot\u00f3xicos), exposi\u00e7\u00e3o a plantas t\u00f3xicas, cogumelos venenosos e alucin\u00f3genos e acidentes com animais pe\u00e7onhentos, animais aqu\u00e1ticos e marinhos e toxinas de microrganismos, como toxina botul\u00ednica.<br \/>\n\u2022 O estudo sobre a farmacologia e a toxicologia de f\u00e1rmacos em destaque na atualidade, como antineopl\u00e1sicos, antibi\u00f3ticos e antif\u00fangicos, antidepressivos e antipsic\u00f3ticos, ivermectina, cloroquina e hidroxicloroquina, entre outros.<br \/>\n\u2022 A exposi\u00e7\u00e3o a radia\u00e7\u00f5es ionizantes e a inala\u00e7\u00e3o de fuma\u00e7a de inc\u00eandios; os riscos da utiliza\u00e7\u00e3o de cigarros eletr\u00f4nicos e vaporizadores (dano pulmonar agudo) por adolescentes e adultos e o impacto da exposi\u00e7\u00e3o ambiental a agentes qu\u00edmicos em geral (xenobi\u00f3ticos) na gesta\u00e7\u00e3o, no per\u00edodo neonatal, na inf\u00e2ncia e na adolesc\u00eanc<\/p>\n","protected":false},"excerpt":{"rendered":"<p>Ver todas as 2 imagens Emerg\u00eancias Toxicol\u00f3gicas: Princ\u00edpios e pr\u00e1tica do tratamento de intoxica\u00e7\u00f5es agudas Capa comum \u2013 19 abril 2022 Este livro destina-se, especialmente, aos pediatras que atuam na linha de frente do atendimento de emerg\u00eancia e cuidados intensivos a crian\u00e7as e adolescentes em todo o Brasil. Por\u00e9m, com certeza ser\u00e1 uma fonte \u00fatil&hellip;&nbsp;<a href=\"https:\/\/livrariadocampus.com.br\/loja\/produto\/emergencias-toxicologicas-principios-e-pratica-do-tratamento-de-intoxicacoes-agudas-2022-lacamento\/\" class=\"\" rel=\"bookmark\">Continue a ler &raquo;<span class=\"screen-reader-text\">Emerg\u00eancias Toxicol\u00f3gicas: Princ\u00edpios e pr\u00e1tica do tratamento de intoxica\u00e7\u00f5es agudas  2022 LA\u00c7AMENTO<\/span><\/a><\/p>\n","protected":false},"featured_media":6801,"template":"","meta":{"neve_meta_sidebar":"","neve_meta_container":"","neve_meta_enable_content_width":"off","neve_meta_content_width":100,"neve_meta_title_alignment":"","neve_meta_author_avatar":"","neve_post_elements_order":"","neve_meta_disable_header":"","neve_meta_disable_footer":"","neve_meta_disable_title":"","_joinchat":[]},"product_brand":[],"product_cat":[56],"product_tag":[273],"class_list":{"0":"post-6804","1":"product","2":"type-product","3":"status-publish","4":"has-post-thumbnail","6":"product_cat-pediatria","7":"product_tag-273","9":"first","10":"instock","11":"shipping-taxable","12":"purchasable","13":"product-type-simple"},"jetpack_sharing_enabled":true,"_links":{"self":[{"href":"https:\/\/livrariadocampus.com.br\/loja\/wp-json\/wp\/v2\/product\/6804","targetHints":{"allow":["GET"]}}],"collection":[{"href":"https:\/\/livrariadocampus.com.br\/loja\/wp-json\/wp\/v2\/product"}],"about":[{"href":"https:\/\/livrariadocampus.com.br\/loja\/wp-json\/wp\/v2\/types\/product"}],"wp:featuredmedia":[{"embeddable":true,"href":"https:\/\/livrariadocampus.com.br\/loja\/wp-json\/wp\/v2\/media\/6801"}],"wp:attachment":[{"href":"https:\/\/livrariadocampus.com.br\/loja\/wp-json\/wp\/v2\/media?parent=6804"}],"wp:term":[{"taxonomy":"product_brand","embeddable":true,"href":"https:\/\/livrariadocampus.com.br\/loja\/wp-json\/wp\/v2\/product_brand?post=6804"},{"taxonomy":"product_cat","embeddable":true,"href":"https:\/\/livrariadocampus.com.br\/loja\/wp-json\/wp\/v2\/product_cat?post=6804"},{"taxonomy":"product_tag","embeddable":true,"href":"https:\/\/livrariadocampus.com.br\/loja\/wp-json\/wp\/v2\/product_tag?post=6804"}],"curies":[{"name":"wp","href":"https:\/\/api.w.org\/{rel}","templated":true}]}}