{"id":6785,"date":"2023-06-07T18:41:51","date_gmt":"2023-06-07T21:41:51","guid":{"rendered":"https:\/\/livrariadocampus.com.br\/loja\/?post_type=product&#038;p=6785"},"modified":"2025-01-17T15:11:06","modified_gmt":"2025-01-17T18:11:06","slug":"de-jong-o-exame-neurologico-capa-comum-3-edicao-2022","status":"publish","type":"product","link":"https:\/\/livrariadocampus.com.br\/loja\/produto\/de-jong-o-exame-neurologico-capa-comum-3-edicao-2022\/","title":{"rendered":"DE Jong &#8211; O Exame Neurol\u00f3gico Capa comum \u2013 3 EDI\u00c7\u00c3O 2022"},"content":{"rendered":"<div class=\"a-expander-content a-expander-partial-collapse-content\">DeJong | O Exame Neurol\u00f3gico, texto de refer\u00eancia para residentes e profissionais de Neurologia, oferece conte\u00fado completo e detalhado sobre as t\u00e9cnicas do exame neurol\u00f3gico, al\u00e9m de relacionar aspectos da neuroanatomia com o diagn\u00f3stico cl\u00ednico de maneira clara e objetiva. O texto \u00e9 complementado por boxes que oferecem informa\u00e7\u00f5es adicionais e por tabelas que apresentam achados cl\u00ednicos, diagn\u00f3sticos diferenciais e outros dados importantes.Atualizada e integralmente revisada, esta oitava edi\u00e7\u00e3o apresenta caracter\u00edsticas \u00fanicas, que tornam este livro indispens\u00e1vel para o dom\u00ednio de uma \u00e1rea t\u00e3o complexa.Principais caracter\u00edsticas:Ilustra\u00e7\u00f5es anat\u00f4micas e imagens cl\u00ednicas que garantem t\u00e9cnica adequadaEstudos de caso ilustrativos e tabelas que resumem caracter\u00edsticas diferenciais e achados cl\u00ednicosNovas ilustra\u00e7\u00f5es que enfatizam as informa\u00e7\u00f5es essenciais necess\u00e1rias para um exame eficazConhecimentos cl\u00ednicos com base em evid\u00eancias, \u00fateis na escolha de exames espec\u00edficosT\u00e9cnicas detalhadas em boxes de f\u00e1cil localiza\u00e7\u00e3oMaterial suplementar online: 30 novos v\u00eddeos.<\/div>\n<div class=\"a-expander-header a-expander-partial-collapse-header\"><\/div>\n","protected":false},"excerpt":{"rendered":"<p>DeJong | O Exame Neurol\u00f3gico, texto de refer\u00eancia para residentes e profissionais de Neurologia, oferece conte\u00fado completo e detalhado sobre as t\u00e9cnicas do exame neurol\u00f3gico, al\u00e9m de relacionar aspectos da neuroanatomia com o diagn\u00f3stico cl\u00ednico de maneira clara e objetiva. O texto \u00e9 complementado por boxes que oferecem informa\u00e7\u00f5es adicionais e por tabelas que apresentam&hellip;&nbsp;<a href=\"https:\/\/livrariadocampus.com.br\/loja\/produto\/de-jong-o-exame-neurologico-capa-comum-3-edicao-2022\/\" class=\"\" rel=\"bookmark\">Continue a ler &raquo;<span class=\"screen-reader-text\">DE Jong &#8211; O Exame Neurol\u00f3gico Capa comum \u2013 3 EDI\u00c7\u00c3O 2022<\/span><\/a><\/p>\n","protected":false},"featured_media":6786,"template":"","meta":{"neve_meta_sidebar":"","neve_meta_container":"","neve_meta_enable_content_width":"off","neve_meta_content_width":100,"neve_meta_title_alignment":"","neve_meta_author_avatar":"","neve_post_elements_order":"","neve_meta_disable_header":"","neve_meta_disable_footer":"","neve_meta_disable_title":"","_joinchat":[]},"product_brand":[],"product_cat":[15],"product_tag":[],"class_list":{"0":"post-6785","1":"product","2":"type-product","3":"status-publish","4":"has-post-thumbnail","6":"product_cat-outros","8":"first","9":"instock","10":"shipping-taxable","11":"purchasable","12":"product-type-simple"},"jetpack_sharing_enabled":true,"_links":{"self":[{"href":"https:\/\/livrariadocampus.com.br\/loja\/wp-json\/wp\/v2\/product\/6785","targetHints":{"allow":["GET"]}}],"collection":[{"href":"https:\/\/livrariadocampus.com.br\/loja\/wp-json\/wp\/v2\/product"}],"about":[{"href":"https:\/\/livrariadocampus.com.br\/loja\/wp-json\/wp\/v2\/types\/product"}],"wp:featuredmedia":[{"embeddable":true,"href":"https:\/\/livrariadocampus.com.br\/loja\/wp-json\/wp\/v2\/media\/6786"}],"wp:attachment":[{"href":"https:\/\/livrariadocampus.com.br\/loja\/wp-json\/wp\/v2\/media?parent=6785"}],"wp:term":[{"taxonomy":"product_brand","embeddable":true,"href":"https:\/\/livrariadocampus.com.br\/loja\/wp-json\/wp\/v2\/product_brand?post=6785"},{"taxonomy":"product_cat","embeddable":true,"href":"https:\/\/livrariadocampus.com.br\/loja\/wp-json\/wp\/v2\/product_cat?post=6785"},{"taxonomy":"product_tag","embeddable":true,"href":"https:\/\/livrariadocampus.com.br\/loja\/wp-json\/wp\/v2\/product_tag?post=6785"}],"curies":[{"name":"wp","href":"https:\/\/api.w.org\/{rel}","templated":true}]}}