{"id":6779,"date":"2023-06-07T17:54:18","date_gmt":"2023-06-07T20:54:18","guid":{"rendered":"https:\/\/livrariadocampus.com.br\/loja\/?post_type=product&#038;p=6779"},"modified":"2025-01-17T15:13:09","modified_gmt":"2025-01-17T18:13:09","slug":"medicina-laboratorial-em-pediatria-flexivel-2022","status":"publish","type":"product","link":"https:\/\/livrariadocampus.com.br\/loja\/produto\/medicina-laboratorial-em-pediatria-flexivel-2022\/","title":{"rendered":"Medicina Laboratorial em Pediatria: flex\u00edvel \u2013  2023"},"content":{"rendered":"<div class=\"a-expander-content a-expander-partial-collapse-content a-expander-content-expanded\">\n<p>A Cole\u00e7\u00e3o Pediatria do Instituto da Crian\u00e7a e do Adolescente (ICr) do HCFMUSP traz a experi\u00eancia acumulada durante seus mais de 45 anos de exist\u00eancia nas especialidades pedi\u00e1tricas exercidas na Institui\u00e7\u00e3o, bem como os resultados de sua produ\u00e7\u00e3o cient\u00edfica. Conta tamb\u00e9m com a valiosa contribui\u00e7\u00e3o de especialistas de todo o Complexo Hospital das Cl\u00ednicas da FMUSP e de outras renomadas institui\u00e7\u00f5es do pa\u00eds.<br \/>\nEste volume, Medicina Laboratorial em Pediatria, tem abordagem multiprofissional e conta com os seguintes diferenciais:<br \/>\n\u2022 Obra in\u00e9dita, em que cada cap\u00edtulo foi escrito por um pediatra e um patologista cl\u00ednico.<br \/>\n\u2022 Traz subs\u00eddios para investiga\u00e7\u00e3o, diagn\u00f3stico e seguimento dos principais problemas e doen\u00e7as de rec\u00e9m-nascidos, crian\u00e7as e adolescentes, incluindo temas como Covid-19 e Monkeypox.<br \/>\n\u2022 D\u00e1 destaque para as fases pr\u00e9 e p\u00f3s-anal\u00edtica do exame laboratorial, concentrando a aten\u00e7\u00e3o na interpreta\u00e7\u00e3o dos resultados laboratoriais obtidos.<br \/>\n\u2022 Apresenta lista das an\u00e1lises mais frequentes na pr\u00e1tica pedi\u00e1trica com valores de normalidade pr\u00f3prios de cada faixa et\u00e1ria.<br \/>\n\u2022 Contempla quest\u00f5es ao final de cada cap\u00edtulo, com acesso via QR Code.<br \/>\nEscrito por especialistas das mais diversas institui\u00e7\u00f5es de ensino, pesquisa e assist\u00eancia, tanto p\u00fablicas quanto privadas, com o objetivo de apoiar o dia a dia do pediatra geral ou do especialista em sua busca por um diagn\u00f3stico preciso, trata-se de obra de refer\u00eancia para para m\u00e9dicos, pediatras, patologistas cl\u00ednicos e profissionais de sa\u00fade em geral.<\/p>\n<\/div>\n<div class=\"a-expander-header a-expander-partial-collapse-header\"><a class=\"a-declarative\" role=\"button\" data-csa-c-func-deps=\"aui-da-a-expander-toggle\" data-csa-c-type=\"widget\" data-csa-interaction-events=\"click\" data-action=\"a-expander-toggle\" data-a-expander-toggle=\"{&quot;allowLinkDefault&quot;:true, &quot;expand_prompt&quot;:&quot;Leia mais&quot;, &quot;collapse_prompt&quot;:&quot;Leia menos&quot;}\" data-csa-c-id=\"ex0y2q-kvef51-sl2bil-avslcn\"><i class=\"a-icon a-icon-extender-collapse\"><\/i><span class=\"a-expander-prompt\">Leia menos<\/span><\/a><\/div>\n","protected":false},"excerpt":{"rendered":"<p>A Cole\u00e7\u00e3o Pediatria do Instituto da Crian\u00e7a e do Adolescente (ICr) do HCFMUSP traz a experi\u00eancia acumulada durante seus mais de 45 anos de exist\u00eancia nas especialidades pedi\u00e1tricas exercidas na Institui\u00e7\u00e3o, bem como os resultados de sua produ\u00e7\u00e3o cient\u00edfica. Conta tamb\u00e9m com a valiosa contribui\u00e7\u00e3o de especialistas de todo o Complexo Hospital das Cl\u00ednicas da&hellip;&nbsp;<a href=\"https:\/\/livrariadocampus.com.br\/loja\/produto\/medicina-laboratorial-em-pediatria-flexivel-2022\/\" class=\"\" rel=\"bookmark\">Continue a ler &raquo;<span class=\"screen-reader-text\">Medicina Laboratorial em Pediatria: flex\u00edvel \u2013  2023<\/span><\/a><\/p>\n","protected":false},"featured_media":6780,"template":"","meta":{"neve_meta_sidebar":"","neve_meta_container":"","neve_meta_enable_content_width":"off","neve_meta_content_width":100,"neve_meta_title_alignment":"","neve_meta_author_avatar":"","neve_post_elements_order":"","neve_meta_disable_header":"","neve_meta_disable_footer":"","neve_meta_disable_title":"","_joinchat":[]},"product_brand":[],"product_cat":[72,25,56,182,76],"product_tag":[272,270],"class_list":{"0":"post-6779","1":"product","2":"type-product","3":"status-publish","4":"has-post-thumbnail","6":"product_cat-laboratorio-clinico","7":"product_cat-lancamentos","8":"product_cat-pediatria","9":"product_cat-pediatria-neonatologia","10":"product_cat-pediatria-neonatologia-pediatria-neonatologia","11":"product_tag-978-6555769951","12":"product_tag-270","14":"first","15":"instock","16":"shipping-taxable","17":"purchasable","18":"product-type-simple"},"jetpack_sharing_enabled":true,"_links":{"self":[{"href":"https:\/\/livrariadocampus.com.br\/loja\/wp-json\/wp\/v2\/product\/6779","targetHints":{"allow":["GET"]}}],"collection":[{"href":"https:\/\/livrariadocampus.com.br\/loja\/wp-json\/wp\/v2\/product"}],"about":[{"href":"https:\/\/livrariadocampus.com.br\/loja\/wp-json\/wp\/v2\/types\/product"}],"wp:featuredmedia":[{"embeddable":true,"href":"https:\/\/livrariadocampus.com.br\/loja\/wp-json\/wp\/v2\/media\/6780"}],"wp:attachment":[{"href":"https:\/\/livrariadocampus.com.br\/loja\/wp-json\/wp\/v2\/media?parent=6779"}],"wp:term":[{"taxonomy":"product_brand","embeddable":true,"href":"https:\/\/livrariadocampus.com.br\/loja\/wp-json\/wp\/v2\/product_brand?post=6779"},{"taxonomy":"product_cat","embeddable":true,"href":"https:\/\/livrariadocampus.com.br\/loja\/wp-json\/wp\/v2\/product_cat?post=6779"},{"taxonomy":"product_tag","embeddable":true,"href":"https:\/\/livrariadocampus.com.br\/loja\/wp-json\/wp\/v2\/product_tag?post=6779"}],"curies":[{"name":"wp","href":"https:\/\/api.w.org\/{rel}","templated":true}]}}