{"id":6776,"date":"2023-06-07T17:04:49","date_gmt":"2023-06-07T20:04:49","guid":{"rendered":"https:\/\/livrariadocampus.com.br\/loja\/?post_type=product&#038;p=6776"},"modified":"2023-06-09T14:34:37","modified_gmt":"2023-06-09T17:34:37","slug":"diag-de-enfermagem-da-nanda-i-2021-2023-2","status":"publish","type":"product","link":"https:\/\/livrariadocampus.com.br\/loja\/produto\/diag-de-enfermagem-da-nanda-i-2021-2023-2\/","title":{"rendered":"DIAG.  DE ENFERMAGEM DA NANDA-I 2021\/2023"},"content":{"rendered":"<p>&gt;<\/p>\n<p>Completamente atualizada por T. Heather Herdman, Shigemi Kamitsuru e Camila Tak\u00e1o Lopes, a edi\u00e7\u00e3o 2021-2023 do\u00a0<em>Diagn\u00f3sticos de enfermagem da NANDA-I<\/em>\u00a0re\u00fane os 267 diagn\u00f3sticos de enfermagem revisados e aprovados pelo Comit\u00ea de Desenvolvimento de Diagn\u00f3sticos (DDC). Nesta nova edi\u00e7\u00e3o, os cap\u00edtulos introdut\u00f3rios foram reestruturados e trazem informa\u00e7\u00f5es necess\u00e1rias para compreender a avalia\u00e7\u00e3o do paciente, sua liga\u00e7\u00e3o com o diagn\u00f3stico e o racioc\u00ednio cl\u00ednico, assim como o prop\u00f3sito e a utiliza\u00e7\u00e3o da taxonomia na assist\u00eancia de enfermagem. A classifica\u00e7\u00e3o da NANDA-I \u00e9 um recurso fundamental para todos os estudantes de enfermagem, enfermeiros, educadores e pesquisado<\/p>\n","protected":false},"excerpt":{"rendered":"<p><img fetchpriority=\"high\" decoding=\"async\" class=\"alignnone size-medium wp-image-6312\" src=\"https:\/\/livrariadocampus.com.br\/loja\/wp-content\/uploads\/2021\/11\/41djCx7AW7L._SX335_BO1204203200_-203x300.jpg\" alt=\"\" width=\"203\" height=\"300\" srcset=\"https:\/\/livrariadocampus.com.br\/loja\/wp-content\/uploads\/2021\/11\/41djCx7AW7L._SX335_BO1204203200_-203x300.jpg 203w, https:\/\/livrariadocampus.com.br\/loja\/wp-content\/uploads\/2021\/11\/41djCx7AW7L._SX335_BO1204203200_-150x222.jpg 150w, https:\/\/livrariadocampus.com.br\/loja\/wp-content\/uploads\/2021\/11\/41djCx7AW7L._SX335_BO1204203200_.jpg 337w\" sizes=\"(max-width: 203px) 100vw, 203px\" \/><\/p>\n","protected":false},"featured_media":6314,"template":"","meta":{"neve_meta_sidebar":"","neve_meta_container":"","neve_meta_enable_content_width":"off","neve_meta_content_width":100,"neve_meta_title_alignment":"","neve_meta_author_avatar":"","neve_post_elements_order":"","neve_meta_disable_header":"","neve_meta_disable_footer":"","neve_meta_disable_title":"","_joinchat":[]},"product_brand":[],"product_cat":[68],"product_tag":[],"class_list":{"0":"post-6776","1":"product","2":"type-product","3":"status-publish","4":"has-post-thumbnail","6":"product_cat-enfermagem","8":"first","9":"instock","10":"sale","11":"shipping-taxable","12":"purchasable","13":"product-type-simple"},"jetpack_sharing_enabled":true,"_links":{"self":[{"href":"https:\/\/livrariadocampus.com.br\/loja\/wp-json\/wp\/v2\/product\/6776","targetHints":{"allow":["GET"]}}],"collection":[{"href":"https:\/\/livrariadocampus.com.br\/loja\/wp-json\/wp\/v2\/product"}],"about":[{"href":"https:\/\/livrariadocampus.com.br\/loja\/wp-json\/wp\/v2\/types\/product"}],"wp:featuredmedia":[{"embeddable":true,"href":"https:\/\/livrariadocampus.com.br\/loja\/wp-json\/wp\/v2\/media\/6314"}],"wp:attachment":[{"href":"https:\/\/livrariadocampus.com.br\/loja\/wp-json\/wp\/v2\/media?parent=6776"}],"wp:term":[{"taxonomy":"product_brand","embeddable":true,"href":"https:\/\/livrariadocampus.com.br\/loja\/wp-json\/wp\/v2\/product_brand?post=6776"},{"taxonomy":"product_cat","embeddable":true,"href":"https:\/\/livrariadocampus.com.br\/loja\/wp-json\/wp\/v2\/product_cat?post=6776"},{"taxonomy":"product_tag","embeddable":true,"href":"https:\/\/livrariadocampus.com.br\/loja\/wp-json\/wp\/v2\/product_tag?post=6776"}],"curies":[{"name":"wp","href":"https:\/\/api.w.org\/{rel}","templated":true}]}}