{"id":6364,"date":"2022-05-05T16:13:38","date_gmt":"2022-05-05T19:13:38","guid":{"rendered":"https:\/\/www.livrariadocampus.com.br\/?post_type=product&#038;p=6364"},"modified":"2024-09-23T15:42:30","modified_gmt":"2024-09-23T18:42:30","slug":"guia-de-bolso-de-neonatologia-2021-edicao-por-mauricio-magalhaes-autor-francisco-paulo-martins-rodrigues-autor","status":"publish","type":"product","link":"https:\/\/livrariadocampus.com.br\/loja\/produto\/guia-de-bolso-de-neonatologia-2021-edicao-por-mauricio-magalhaes-autor-francisco-paulo-martins-rodrigues-autor\/","title":{"rendered":"Guia de Bolso de Neonatologia 2021 Edi\u00e7\u00e3o   por Mauricio Magalhaes (Autor), Francisco Paulo Martins Rodrigues (Autor),"},"content":{"rendered":"<div class=\"a-expander-content a-expander-partial-collapse-content\">Guia de Bolso de Neonatologia surge em sua 3\u00aa edi\u00e7\u00e3o, integralmente revisto, atualizado e ampliado. Transmite a grande casu\u00edstica e as experi\u00eancias alcan\u00e7adas por seus autores, todos integrantes do Servi\u00e7o de Neonatologia do Departamento de Pediatria e Puericultura da Irmandade da Santa Casa de S\u00e3o Paulo.A Neonatologia tem experimentado grandes progressos de seus conhecimentos fisiol\u00f3gicos, fisiopatol\u00f3gicos e de tratamento.Nesse sentido, cita-se um dos seus mais expressivos avan\u00e7os: a hipotermia neuroprotetora, que veio impactar a mortalidade e a morbidade das sequelas neurol\u00f3gicas observadas em asfixiados. Esse novel procedimento \u00e9 associado \u00e0 monitoriza\u00e7\u00e3o cerebral com o eletroencefalograma de amplitude integrada e o NIRS \u2013 Near Infrared Spectroscopy.O livro aborda o atendimento neonatal na UTI e na sala de parto, os cuidados intermedi\u00e1rios e o alojamento conjunto. \u00c9 abrangente, com os seus conhecimentos expostos de maneira sint\u00e9tica, por meio de excelente did\u00e1tica, com objetividade e linha de exposi\u00e7\u00e3o inteligente. Um sucesso editorial.Guia de Bolso de Neonatologia \u2013 3\u00aa edi\u00e7\u00e3o apresenta 5 Editores, 41 Colaboradores, 9 Partes, 66 Cap\u00edtulos, em um total de 396 p\u00e1ginas.Seu p\u00fablico-leitor \u00e9 formado por Neonatologistas, Pediatras, Intensivistas Pedi\u00e1tricos e Residentes em Neonatologia e Pediatria.<\/div>\n<div class=\"a-expander-header a-expander-partial-collapse-header\">\n<div class=\"a-expander-content-fade\"><\/div>\n<p><a class=\"a-declarative\" role=\"button\" data-csa-c-func-deps=\"aui-da-a-expander-toggle\" data-csa-c-type=\"widget\" data-csa-interaction-events=\"click\" data-action=\"a-expander-toggle\" data-a-expander-toggle=\"{&quot;allowLinkDefault&quot;:true, &quot;expand_prompt&quot;:&quot;Leia mais&quot;, &quot;collapse_prompt&quot;:&quot;Leia menos&quot;}\" data-csa-c-id=\"vmnsuf-nhfzo8-6p96dg-psm1b6\"><i class=\"a-icon a-icon-extender-expand\"><\/i><span class=\"a-expander-prompt\">Leia mais<\/span><\/a><\/div>\n","protected":false},"excerpt":{"rendered":"<p>Guia de Bolso de Neonatologia surge em sua 3\u00aa edi\u00e7\u00e3o, integralmente revisto, atualizado e ampliado. Transmite a grande casu\u00edstica e as experi\u00eancias alcan\u00e7adas por seus autores, todos integrantes do Servi\u00e7o de Neonatologia do Departamento de Pediatria e Puericultura da Irmandade da Santa Casa de S\u00e3o Paulo.A Neonatologia tem experimentado grandes progressos de seus conhecimentos fisiol\u00f3gicos,&hellip;&nbsp;<a href=\"https:\/\/livrariadocampus.com.br\/loja\/produto\/guia-de-bolso-de-neonatologia-2021-edicao-por-mauricio-magalhaes-autor-francisco-paulo-martins-rodrigues-autor\/\" class=\"\" rel=\"bookmark\">Continue a ler &raquo;<span class=\"screen-reader-text\">Guia de Bolso de Neonatologia 2021 Edi\u00e7\u00e3o   por Mauricio Magalhaes (Autor), Francisco Paulo Martins Rodrigues (Autor),<\/span><\/a><\/p>\n","protected":false},"featured_media":6365,"template":"","meta":{"neve_meta_sidebar":"","neve_meta_container":"","neve_meta_enable_content_width":"off","neve_meta_content_width":0,"neve_meta_title_alignment":"","neve_meta_author_avatar":"","neve_post_elements_order":"","neve_meta_disable_header":"","neve_meta_disable_footer":"","neve_meta_disable_title":"","_joinchat":[]},"product_brand":[],"product_cat":[56,182,76],"product_tag":[],"class_list":{"0":"post-6364","1":"product","2":"type-product","3":"status-publish","4":"has-post-thumbnail","6":"product_cat-pediatria","7":"product_cat-pediatria-neonatologia","8":"product_cat-pediatria-neonatologia-pediatria-neonatologia","10":"first","11":"instock","12":"shipping-taxable","13":"purchasable","14":"product-type-simple"},"jetpack_sharing_enabled":true,"_links":{"self":[{"href":"https:\/\/livrariadocampus.com.br\/loja\/wp-json\/wp\/v2\/product\/6364","targetHints":{"allow":["GET"]}}],"collection":[{"href":"https:\/\/livrariadocampus.com.br\/loja\/wp-json\/wp\/v2\/product"}],"about":[{"href":"https:\/\/livrariadocampus.com.br\/loja\/wp-json\/wp\/v2\/types\/product"}],"wp:featuredmedia":[{"embeddable":true,"href":"https:\/\/livrariadocampus.com.br\/loja\/wp-json\/wp\/v2\/media\/6365"}],"wp:attachment":[{"href":"https:\/\/livrariadocampus.com.br\/loja\/wp-json\/wp\/v2\/media?parent=6364"}],"wp:term":[{"taxonomy":"product_brand","embeddable":true,"href":"https:\/\/livrariadocampus.com.br\/loja\/wp-json\/wp\/v2\/product_brand?post=6364"},{"taxonomy":"product_cat","embeddable":true,"href":"https:\/\/livrariadocampus.com.br\/loja\/wp-json\/wp\/v2\/product_cat?post=6364"},{"taxonomy":"product_tag","embeddable":true,"href":"https:\/\/livrariadocampus.com.br\/loja\/wp-json\/wp\/v2\/product_tag?post=6364"}],"curies":[{"name":"wp","href":"https:\/\/api.w.org\/{rel}","templated":true}]}}