{"id":6360,"date":"2022-05-05T16:00:34","date_gmt":"2022-05-05T19:00:34","guid":{"rendered":"https:\/\/www.livrariadocampus.com.br\/?post_type=product&#038;p=6360"},"modified":"2024-09-23T15:30:02","modified_gmt":"2024-09-23T18:30:02","slug":"medicina-de-emergencias-16-ed-2022","status":"publish","type":"product","link":"https:\/\/livrariadocampus.com.br\/loja\/produto\/medicina-de-emergencias-16-ed-2022\/","title":{"rendered":"MEDICINA  DE EMERGENCIAS 16 ED. 2022"},"content":{"rendered":"<div class=\"product-author__title\">SOBRE O AUTOR<\/div>\n<div class=\"product-organizers__text\">\n<p><strong>Irineu Tadeu Velasco:\u00a0<\/strong>Professor Titular da Disciplina de Emerg\u00eancias Cl\u00ednicas do Departamento de Cl\u00ednica M\u00e9dica da FMUSP. Chefe do Pronto-Socorro do Instituto Central do HCFMUSP.<\/p>\n<p><strong>Rodrigo Antonio Brand\u00e3o Neto:\u00a0<\/strong>M\u00e9dico Supervisor do Pronto-socorro do HCFMUSP e do Programa de Resid\u00eancia de Medicina de Emerg\u00eancia do HCFMUSP.<\/p>\n<p><strong>Heraldo Possolo de Souza:\u00a0<\/strong>Professor Associado do Departamento de Cl\u00ednica M\u00e9dica, Disciplina de Emerg\u00eancias Cl\u00ednicas da FMUSP. M\u00e9dico do Servi\u00e7o de Emerg\u00eancia do HCFMUSP.<\/p>\n<p><strong>Lucas Oliveira Marino:\u00a0<\/strong>M\u00e9dico Assistente da Disciplina de Emerg\u00eancias Cl\u00ednicas do HCFMUSP. Intensivista pela Associa\u00e7\u00e3o de Medicina Intensiva Brasileira (AMIB). M\u00e9dico Diarista da UTI Geral do Hospital Nipo-Brasileiro. Doutor em Ci\u00eancias M\u00e9dicas pela FMUSP.<\/p>\n<p><strong>Julio Fl\u00e1vio Meirelles Marchini:\u00a0<\/strong>Professor Colaborador do Departamento de Cl\u00ednica M\u00e9dica da FMUSP. Supervisor do Programa de Resid\u00eancia de Medicina de Emerg\u00eancia do HCFMUSP.<\/p>\n<p><strong>J\u00falio C\u00e9sar Garcia de Alencar:\u00a0<\/strong>Diretor da Unidade de Emerg\u00eancia Referenciada do HCFMUSP. Doutor em Ci\u00eancias pela FMUSP.<\/p>\n<\/div>\n","protected":false},"excerpt":{"rendered":"<p>SOBRE O AUTOR Irineu Tadeu Velasco:\u00a0Professor Titular da Disciplina de Emerg\u00eancias Cl\u00ednicas do Departamento de Cl\u00ednica M\u00e9dica da FMUSP. Chefe do Pronto-Socorro do Instituto Central do HCFMUSP. Rodrigo Antonio Brand\u00e3o Neto:\u00a0M\u00e9dico Supervisor do Pronto-socorro do HCFMUSP e do Programa de Resid\u00eancia de Medicina de Emerg\u00eancia do HCFMUSP. Heraldo Possolo de Souza:\u00a0Professor Associado do Departamento de&hellip;&nbsp;<a href=\"https:\/\/livrariadocampus.com.br\/loja\/produto\/medicina-de-emergencias-16-ed-2022\/\" class=\"\" rel=\"bookmark\">Continue a ler &raquo;<span class=\"screen-reader-text\">MEDICINA  DE EMERGENCIAS 16 ED. 2022<\/span><\/a><\/p>\n","protected":false},"featured_media":6361,"template":"","meta":{"neve_meta_sidebar":"","neve_meta_container":"","neve_meta_enable_content_width":"off","neve_meta_content_width":0,"neve_meta_title_alignment":"","neve_meta_author_avatar":"","neve_post_elements_order":"","neve_meta_disable_header":"","neve_meta_disable_footer":"","neve_meta_disable_title":"","_joinchat":[]},"product_brand":[],"product_cat":[15,58,104,52],"product_tag":[],"class_list":{"0":"post-6360","1":"product","2":"type-product","3":"status-publish","4":"has-post-thumbnail","6":"product_cat-outros","7":"product_cat-clinica-medica","8":"product_cat-clinica-medica-semiologia","9":"product_cat-medicina-do-trabalho","11":"first","12":"instock","13":"shipping-taxable","14":"purchasable","15":"product-type-simple"},"jetpack_sharing_enabled":true,"_links":{"self":[{"href":"https:\/\/livrariadocampus.com.br\/loja\/wp-json\/wp\/v2\/product\/6360","targetHints":{"allow":["GET"]}}],"collection":[{"href":"https:\/\/livrariadocampus.com.br\/loja\/wp-json\/wp\/v2\/product"}],"about":[{"href":"https:\/\/livrariadocampus.com.br\/loja\/wp-json\/wp\/v2\/types\/product"}],"wp:featuredmedia":[{"embeddable":true,"href":"https:\/\/livrariadocampus.com.br\/loja\/wp-json\/wp\/v2\/media\/6361"}],"wp:attachment":[{"href":"https:\/\/livrariadocampus.com.br\/loja\/wp-json\/wp\/v2\/media?parent=6360"}],"wp:term":[{"taxonomy":"product_brand","embeddable":true,"href":"https:\/\/livrariadocampus.com.br\/loja\/wp-json\/wp\/v2\/product_brand?post=6360"},{"taxonomy":"product_cat","embeddable":true,"href":"https:\/\/livrariadocampus.com.br\/loja\/wp-json\/wp\/v2\/product_cat?post=6360"},{"taxonomy":"product_tag","embeddable":true,"href":"https:\/\/livrariadocampus.com.br\/loja\/wp-json\/wp\/v2\/product_tag?post=6360"}],"curies":[{"name":"wp","href":"https:\/\/api.w.org\/{rel}","templated":true}]}}