{"id":6358,"date":"2022-05-05T15:53:35","date_gmt":"2022-05-05T18:53:35","guid":{"rendered":"https:\/\/www.livrariadocampus.com.br\/?post_type=product&#038;p=6358"},"modified":"2023-06-06T17:42:10","modified_gmt":"2023-06-06T20:42:10","slug":"tratado-de-geriatria-e-gerontologia-2022-edicao-portugues-por-elizabete-viana-de-freitas-autor-ligia-py-autor","status":"publish","type":"product","link":"https:\/\/livrariadocampus.com.br\/loja\/produto\/tratado-de-geriatria-e-gerontologia-2022-edicao-portugues-por-elizabete-viana-de-freitas-autor-ligia-py-autor\/","title":{"rendered":"Tratado de Geriatria e Gerontologia  2022 Edi\u00e7\u00e3o Portugu\u00eas  por Elizabete Viana de Freitas (Autor), Ligia"},"content":{"rendered":"<div class=\"a-expander-content a-expander-partial-collapse-content\">Tratado de Geriatria e Gerontologia completa 20 anos, mantendo seu objetivo primordial: servir como fonte de informa\u00e7\u00f5es atualizadas e relevantes \u00e0 realidade brasileira para os profissionais da \u00e1rea da sa\u00fade e do cuidado social. Esta quinta edi\u00e7\u00e3o atualizada, que conta com a colabora\u00e7\u00e3o de um seleto grupo de especialistas, mant\u00e9m a mesma estrutura conceitual, por\u00e9m com 38 novas revis\u00f5es e avalia\u00e7\u00f5es cr\u00edticas a respeito da pesquisa, da cl\u00ednica e das modalidades de interven\u00e7\u00e3o no campo do envelhecimento, tais como: desigualdades sociais no Brasil, Biodireito, economia da longevidade, conceitos de tempo em Gerontologia, popula\u00e7\u00e3o negra e cidadania, Idoso rural, velhice LGBT, educa\u00e7\u00e3o financeira, imunidade, imuniza\u00e7\u00e3o e covid-19, Medicina nuclear em Geriatria e telemedicina. Outra novidade impactante s\u00e3o os 23 cap\u00edtulos que integram a Parte 1 do livro, cujos conte\u00fados est\u00e3o dispon\u00edveis online no ambiente virtual de aprendizagem do Grupo GEN para todos os leitores que o adquirirem.<\/div>\n<div class=\"a-expander-header a-expander-partial-collapse-header\"><\/div>\n","protected":false},"excerpt":{"rendered":"<p>Tratado de Geriatria e Gerontologia completa 20 anos, mantendo seu objetivo primordial: servir como fonte de informa\u00e7\u00f5es atualizadas e relevantes \u00e0 realidade brasileira para os profissionais da \u00e1rea da sa\u00fade e do cuidado social. Esta quinta edi\u00e7\u00e3o atualizada, que conta com a colabora\u00e7\u00e3o de um seleto grupo de especialistas, mant\u00e9m a mesma estrutura conceitual, por\u00e9m&hellip;&nbsp;<a href=\"https:\/\/livrariadocampus.com.br\/loja\/produto\/tratado-de-geriatria-e-gerontologia-2022-edicao-portugues-por-elizabete-viana-de-freitas-autor-ligia-py-autor\/\" class=\"\" rel=\"bookmark\">Continue a ler &raquo;<span class=\"screen-reader-text\">Tratado de Geriatria e Gerontologia  2022 Edi\u00e7\u00e3o Portugu\u00eas  por Elizabete Viana de Freitas (Autor), Ligia<\/span><\/a><\/p>\n","protected":false},"featured_media":6359,"template":"","meta":{"neve_meta_sidebar":"","neve_meta_container":"","neve_meta_enable_content_width":"off","neve_meta_content_width":0,"neve_meta_title_alignment":"","neve_meta_author_avatar":"","neve_post_elements_order":"","neve_meta_disable_header":"","neve_meta_disable_footer":"","neve_meta_disable_title":"","_joinchat":[]},"product_brand":[],"product_cat":[60,189],"product_tag":[],"class_list":{"0":"post-6358","1":"product","2":"type-product","3":"status-publish","4":"has-post-thumbnail","6":"product_cat-geriatria-e-gerotologia","7":"product_cat-geriatria-gerontologia","9":"first","10":"instock","11":"sale","12":"shipping-taxable","13":"purchasable","14":"product-type-simple"},"jetpack_sharing_enabled":true,"_links":{"self":[{"href":"https:\/\/livrariadocampus.com.br\/loja\/wp-json\/wp\/v2\/product\/6358","targetHints":{"allow":["GET"]}}],"collection":[{"href":"https:\/\/livrariadocampus.com.br\/loja\/wp-json\/wp\/v2\/product"}],"about":[{"href":"https:\/\/livrariadocampus.com.br\/loja\/wp-json\/wp\/v2\/types\/product"}],"wp:featuredmedia":[{"embeddable":true,"href":"https:\/\/livrariadocampus.com.br\/loja\/wp-json\/wp\/v2\/media\/6359"}],"wp:attachment":[{"href":"https:\/\/livrariadocampus.com.br\/loja\/wp-json\/wp\/v2\/media?parent=6358"}],"wp:term":[{"taxonomy":"product_brand","embeddable":true,"href":"https:\/\/livrariadocampus.com.br\/loja\/wp-json\/wp\/v2\/product_brand?post=6358"},{"taxonomy":"product_cat","embeddable":true,"href":"https:\/\/livrariadocampus.com.br\/loja\/wp-json\/wp\/v2\/product_cat?post=6358"},{"taxonomy":"product_tag","embeddable":true,"href":"https:\/\/livrariadocampus.com.br\/loja\/wp-json\/wp\/v2\/product_tag?post=6358"}],"curies":[{"name":"wp","href":"https:\/\/api.w.org\/{rel}","templated":true}]}}