{"id":6327,"date":"2021-12-21T16:53:06","date_gmt":"2021-12-21T19:53:06","guid":{"rendered":"https:\/\/www.livrariadocampus.com.br\/?post_type=product&#038;p=6327"},"modified":"2024-09-23T15:30:14","modified_gmt":"2024-09-23T18:30:14","slug":"emergencias-em-endoscopia-digestiva-sobed-2022","status":"publish","type":"product","link":"https:\/\/livrariadocampus.com.br\/loja\/produto\/emergencias-em-endoscopia-digestiva-sobed-2022\/","title":{"rendered":"EMERG\u00caNCIAS EM ENDOSCOPIA DIGESTIVA \u2013 SOBED &#8211; 2022"},"content":{"rendered":"<div class=\"woocommerce-tabs wc-tabs-wrapper\">\n<div id=\"tab-description\" class=\"woocommerce-Tabs-panel woocommerce-Tabs-panel--description panel entry-content wc-tab\" role=\"tabpanel\" aria-labelledby=\"tab-title-description\">\n<p>SINOPSE<\/p>\n<p>As \u00faltimas d\u00e9cadas foram marcadas por um crescimento exponencial do conhecimento m\u00e9dico.<br \/>\nVivemos uma era na qual novos conhecimentos chegam a todo momento, e velhos paradigmas outrora consolidados, s\u00e3o colocados em xeque constantemente.<\/p>\n<p>O cuidado com o paciente ganhou contexto cient\u00edfico, estat\u00edstico e, em boa parte dos casos, tecnol\u00f3gico estat\u00edstico e, em boa parte dos casos, tecnol\u00f3gico. A endoscopia figura entre as especialidades que mais cresceram nos \u00faltimos anos, permitindo tratamentos cada vez menos invasivos e diagn\u00f3sticos consistentemente mais acurados.<\/p>\n<p>O papel do endoscopista frente \u00e0s emerg\u00eancias endosc\u00f3picas \u00e9 fundamental dentro de uma rede de cuidado pronta para oferecer o melhor para o paciente. Neste cen\u00e1rio, fornecer embasamento cient\u00edfico sistematizado \u00e9 fundamental para plena atua\u00e7\u00e3o na linha de frente do cuidado m\u00e9dico.<\/p>\n<\/div>\n<\/div>\n<section class=\"related products\">\n<h2>Produtos relacionados<\/h2>\n<\/section>\n","protected":false},"excerpt":{"rendered":"<p><img fetchpriority=\"high\" decoding=\"async\" class=\"alignnone size-medium wp-image-6328\" src=\"https:\/\/livrariadocampus.com.br\/loja\/wp-content\/uploads\/2021\/12\/ba325b6c-ee1e-43af-80e5-162b7e2ef2a3-225x300.jpg\" alt=\"\" width=\"225\" height=\"300\" srcset=\"https:\/\/livrariadocampus.com.br\/loja\/wp-content\/uploads\/2021\/12\/ba325b6c-ee1e-43af-80e5-162b7e2ef2a3-225x300.jpg 225w, https:\/\/livrariadocampus.com.br\/loja\/wp-content\/uploads\/2021\/12\/ba325b6c-ee1e-43af-80e5-162b7e2ef2a3-150x200.jpg 150w, https:\/\/livrariadocampus.com.br\/loja\/wp-content\/uploads\/2021\/12\/ba325b6c-ee1e-43af-80e5-162b7e2ef2a3.jpg 672w\" sizes=\"(max-width: 225px) 100vw, 225px\" \/><\/p>\n","protected":false},"featured_media":6328,"template":"","meta":{"neve_meta_sidebar":"","neve_meta_container":"","neve_meta_enable_content_width":"off","neve_meta_content_width":0,"neve_meta_title_alignment":"","neve_meta_author_avatar":"","neve_post_elements_order":"","neve_meta_disable_header":"","neve_meta_disable_footer":"","neve_meta_disable_title":"","_joinchat":[]},"product_brand":[],"product_cat":[67,25],"product_tag":[],"class_list":{"0":"post-6327","1":"product","2":"type-product","3":"status-publish","4":"has-post-thumbnail","6":"product_cat-gastroenterologia-clinica","7":"product_cat-lancamentos","9":"first","10":"instock","11":"shipping-taxable","12":"purchasable","13":"product-type-simple"},"jetpack_sharing_enabled":true,"_links":{"self":[{"href":"https:\/\/livrariadocampus.com.br\/loja\/wp-json\/wp\/v2\/product\/6327","targetHints":{"allow":["GET"]}}],"collection":[{"href":"https:\/\/livrariadocampus.com.br\/loja\/wp-json\/wp\/v2\/product"}],"about":[{"href":"https:\/\/livrariadocampus.com.br\/loja\/wp-json\/wp\/v2\/types\/product"}],"wp:featuredmedia":[{"embeddable":true,"href":"https:\/\/livrariadocampus.com.br\/loja\/wp-json\/wp\/v2\/media\/6328"}],"wp:attachment":[{"href":"https:\/\/livrariadocampus.com.br\/loja\/wp-json\/wp\/v2\/media?parent=6327"}],"wp:term":[{"taxonomy":"product_brand","embeddable":true,"href":"https:\/\/livrariadocampus.com.br\/loja\/wp-json\/wp\/v2\/product_brand?post=6327"},{"taxonomy":"product_cat","embeddable":true,"href":"https:\/\/livrariadocampus.com.br\/loja\/wp-json\/wp\/v2\/product_cat?post=6327"},{"taxonomy":"product_tag","embeddable":true,"href":"https:\/\/livrariadocampus.com.br\/loja\/wp-json\/wp\/v2\/product_tag?post=6327"}],"curies":[{"name":"wp","href":"https:\/\/api.w.org\/{rel}","templated":true}]}}