{"id":6311,"date":"2021-11-12T16:06:31","date_gmt":"2021-11-12T19:06:31","guid":{"rendered":"https:\/\/www.livrariadocampus.com.br\/?post_type=product&#038;p=6311"},"modified":"2022-05-12T15:18:30","modified_gmt":"2022-05-12T18:18:30","slug":"diag-de-enfermagem-da-nanda-i-2021-2023","status":"publish","type":"product","link":"https:\/\/livrariadocampus.com.br\/loja\/produto\/diag-de-enfermagem-da-nanda-i-2021-2023\/","title":{"rendered":"DIAG.  DE ENFERMAGEM DA NANDA-I 2021\/2023"},"content":{"rendered":"<div class=\"a-expander-content a-expander-partial-collapse-content a-expander-content-expanded\">\n<p>Completamente atualizada por T. Heather Herdman, Shigemi Kamitsuru e Camila Tak\u00e1o Lopes, a edi\u00e7\u00e3o 2021-2023 do\u00a0<em>Diagn\u00f3sticos de enfermagem da NANDA-I<\/em>\u00a0re\u00fane os 267 diagn\u00f3sticos de enfermagem revisados e aprovados pelo Comit\u00ea de Desenvolvimento de Diagn\u00f3sticos (DDC). Nesta nova edi\u00e7\u00e3o, os cap\u00edtulos introdut\u00f3rios foram reestruturados e trazem informa\u00e7\u00f5es necess\u00e1rias para compreender a avalia\u00e7\u00e3o do paciente, sua liga\u00e7\u00e3o com o diagn\u00f3stico e o racioc\u00ednio cl\u00ednico, assim como o prop\u00f3sito e a utiliza\u00e7\u00e3o da taxonomia na assist\u00eancia de enfermagem. A classifica\u00e7\u00e3o da NANDA-I \u00e9 um recurso fundamental para todos os estudantes de enfermagem, enfermeiros, educadores e pesquisadores.<\/p>\n<p>Destaques desta edi\u00e7\u00e3o:<\/p>\n<ul>\n<li>46 diagn\u00f3sticos novos e 67 revisados<\/li>\n<li>Atualiza\u00e7\u00e3o de t\u00edtulos dos diagn\u00f3sticos, garantindo coer\u00eancia com a literatura atual<\/li>\n<li>Refinamento da maioria dos fatores relacionados e de risco<\/li>\n<li>Padroniza\u00e7\u00e3o dos indicadores diagn\u00f3sticos (caracter\u00edsticas definidoras, fatores relacionados, fatores de risco, condi\u00e7\u00f5es associadas e popula\u00e7\u00f5es em risco)<\/li>\n<li>Novo cap\u00edtulo sobre crit\u00e9rios dos n\u00edveis de evid\u00eancia para submiss\u00e3o de diagn\u00f3sticos<\/li>\n<\/ul>\n<\/div>\n<div class=\"a-expander-header a-expander-partial-collapse-header\"><a class=\"a-declarative\" data-action=\"a-expander-toggle\" data-a-expander-toggle=\"{&quot;allowLinkDefault&quot;:true, &quot;expand_prompt&quot;:&quot;Leia mais&quot;, &quot;collapse_prompt&quot;:&quot;Leia menos&quot;}\"><i class=\"a-icon a-icon-extender-collapse\"><\/i><span class=\"a-expander-prompt\">Leia menos<\/span><\/a><\/div>\n","protected":false},"excerpt":{"rendered":"<p><img fetchpriority=\"high\" decoding=\"async\" class=\"alignnone size-medium wp-image-6312\" src=\"https:\/\/livrariadocampus.com.br\/loja\/wp-content\/uploads\/2021\/11\/41djCx7AW7L._SX335_BO1204203200_-203x300.jpg\" alt=\"\" width=\"203\" height=\"300\" srcset=\"https:\/\/livrariadocampus.com.br\/loja\/wp-content\/uploads\/2021\/11\/41djCx7AW7L._SX335_BO1204203200_-203x300.jpg 203w, https:\/\/livrariadocampus.com.br\/loja\/wp-content\/uploads\/2021\/11\/41djCx7AW7L._SX335_BO1204203200_-150x222.jpg 150w, https:\/\/livrariadocampus.com.br\/loja\/wp-content\/uploads\/2021\/11\/41djCx7AW7L._SX335_BO1204203200_.jpg 337w\" sizes=\"(max-width: 203px) 100vw, 203px\" \/><\/p>\n","protected":false},"featured_media":6314,"template":"","meta":{"neve_meta_sidebar":"","neve_meta_container":"","neve_meta_enable_content_width":"off","neve_meta_content_width":0,"neve_meta_title_alignment":"","neve_meta_author_avatar":"","neve_post_elements_order":"","neve_meta_disable_header":"","neve_meta_disable_footer":"","neve_meta_disable_title":"","_joinchat":[]},"product_brand":[],"product_cat":[68],"product_tag":[],"class_list":{"0":"post-6311","1":"product","2":"type-product","3":"status-publish","4":"has-post-thumbnail","6":"product_cat-enfermagem","8":"first","9":"instock","10":"shipping-taxable","11":"purchasable","12":"product-type-simple"},"jetpack_sharing_enabled":true,"_links":{"self":[{"href":"https:\/\/livrariadocampus.com.br\/loja\/wp-json\/wp\/v2\/product\/6311","targetHints":{"allow":["GET"]}}],"collection":[{"href":"https:\/\/livrariadocampus.com.br\/loja\/wp-json\/wp\/v2\/product"}],"about":[{"href":"https:\/\/livrariadocampus.com.br\/loja\/wp-json\/wp\/v2\/types\/product"}],"wp:featuredmedia":[{"embeddable":true,"href":"https:\/\/livrariadocampus.com.br\/loja\/wp-json\/wp\/v2\/media\/6314"}],"wp:attachment":[{"href":"https:\/\/livrariadocampus.com.br\/loja\/wp-json\/wp\/v2\/media?parent=6311"}],"wp:term":[{"taxonomy":"product_brand","embeddable":true,"href":"https:\/\/livrariadocampus.com.br\/loja\/wp-json\/wp\/v2\/product_brand?post=6311"},{"taxonomy":"product_cat","embeddable":true,"href":"https:\/\/livrariadocampus.com.br\/loja\/wp-json\/wp\/v2\/product_cat?post=6311"},{"taxonomy":"product_tag","embeddable":true,"href":"https:\/\/livrariadocampus.com.br\/loja\/wp-json\/wp\/v2\/product_tag?post=6311"}],"curies":[{"name":"wp","href":"https:\/\/api.w.org\/{rel}","templated":true}]}}