{"id":6301,"date":"2021-10-28T15:19:20","date_gmt":"2021-10-28T18:19:20","guid":{"rendered":"https:\/\/www.livrariadocampus.com.br\/?post_type=product&#038;p=6301"},"modified":"2024-11-26T18:08:46","modified_gmt":"2024-11-26T21:08:46","slug":"pediatria-smmr-hcfmusp-2021","status":"publish","type":"product","link":"https:\/\/livrariadocampus.com.br\/loja\/produto\/pediatria-smmr-hcfmusp-2021\/","title":{"rendered":"PEDIATRIA &#8211; SMMR &#8211; HCFMUSP 2021"},"content":{"rendered":"<div class=\"main-content bg-product-detail product-detail\">\n<div class=\"wrapper\">\n<div id=\"product-description\" class=\"product-tab\">\n<div class=\"product-description-text\">\n<p>A S\u00e9rie Manual do M\u00e9dico-Residente do Hospital das Cl\u00ednicas da Faculdade de Medicina da Universidade de S\u00e3o Paulo \u2013 HCFMUSP tem por objetivo difundir os conhecimentos da pr\u00e1tica e assist\u00eancia m\u00e9dica, altamente qualificadas, ora desenvolvidas no complexo HCFMUSP, por sinal, o maior da Am\u00e9rica Latina. O complexo HCFMUSP disp\u00f5e de um centro m\u00e9dico hospitalar amplo, bem estruturado e moderno, com os melhores recursos diagn\u00f3sticos e terap\u00eauticos para o treinamento adequado dos residentes.<\/p>\n<p>Assinala-se os residentes contarem permanentemente com m\u00e9dicos preceptores exclusivos, m\u00e9dicos-assistentes e docentes altamente capacitados para o ensino da Medicina em seu vi\u00e9s pr\u00e1tico \u2013 a base da Resid\u00eancia M\u00e9dica.<\/p>\n<p>A S\u00e9rie Manual do M\u00e9dico-Residente do Hospital das Cl\u00ednicas da Faculdade de Medicina da Universidade de S\u00e3o Paulo \u2013 HCFMUSP ser\u00e1 \u00fatil n\u00e3o apenas para os residentes do pr\u00f3prio HC, como ser\u00e1 tamb\u00e9m validada e seguida por outros centros acad\u00eamicos e de forma\u00e7\u00e3o profissional de Medicina nas diversas regi\u00f5es do Brasil.<\/p>\n<p>Atualmente, os programas de Resid\u00eancia M\u00e9dica dessa institui\u00e7\u00e3o abrangem quase todas as especialidades e \u00e1reas de atua\u00e7\u00e3o m\u00e9dica. Totalizam cerca de 1.600 m\u00e9dicos em treinamento.<\/p>\n<p>O presente volume \u2013 Pediatria \u2013 traz o grande acervo de conhecimento, de ensino e de assist\u00eancia pedi\u00e1trica altamente qualificado pelo Departamento de Pediatria da FMUSP.<\/p>\n<p>Segue a grade curricular da Resid\u00eancia M\u00e9dica desse departamento, hoje realizada em tr\u00eas anos, de R1 a R3.<\/p>\n<p>Condensa todas as informa\u00e7\u00f5es essenciais. \u00c9 pr\u00e1tico, objetivo e de did\u00e1tica linear e inteligente. Servir\u00e1 de modelo e guia para tantos outros cursos de Resid\u00eancia M\u00e9dica disseminados pelo Brasil.<\/p>\n<p>Pediatria \u2013 Manual do M\u00e9dico-Residente do Hospital das Cl\u00ednicas da Faculdade de Medicina da Universidade de S\u00e3o Paulo \u2013 HCFMUSP apresenta 5 Editores de Volume, 1 Coeditora, 179 Colaboradores, 22 partes, 178 cap\u00edtulos, em um total de 1.132 p\u00e1ginas.<\/p>\n<p>Suas Partes s\u00e3o:<\/p>\n<p>Pediatria Geral. 2. Neonatologia. 3. Urg\u00eancia e Emerg\u00eancia. 4. Alergia e Imunologia. 5. Adolesc\u00eancia. 6. Infectologia. 7. Cardiologia. 8. Pneumologia. 9. Gastroenterologia e Hepatologia. 10. Nutri\u00e7\u00e3o. 11. Nefrologia. 12. Oncologia. 13. Hematologia. 14. Endocrinologia. 15. Reumatologia. 16. Gen\u00e9tica. 17. Sa\u00fade Mental. 18. Dermatologia. 19. Otorrinolaringologia. 20. Oftalmologia. 21. Ortopedia. 22. Cirurgia.<\/p>\n<p>Seu p\u00fablico-leitor est\u00e1 formado por Residentes em Pediatria e Pediatras interessados na atualiza\u00e7\u00e3o e reciclagem de seus conhecimentos.<\/p>\n<\/div>\n<\/div>\n<\/div>\n<div class=\"wrapper\"><\/div>\n<div class=\"wrapper\"><\/div>\n<\/div>\n<footer class=\"site-footer small--text-center p-r-0\">\n<div class=\"grid\">\n<div class=\"footer-info\">\n<div class=\"wrapper\">\n<div class=\"grid--full footerDiv\">\n<div class=\"grid-item large--eight-twelfths\">\n<div class=\"footer-menu\">\n<div class=\"footer-menu__container\">\n<p class=\"footer-default-title\"><a title=\"ATHENEU\" href=\"https:\/\/www.atheneu.com.br\/\" target=\"_blank\" rel=\"noopener noreferrer\"><img decoding=\"async\" src=\"https:\/\/www.atheneu.com.br\/images\/logoFooter.png\" alt=\"ATHENEU\" \/><\/a><\/p>\n<\/div>\n<div class=\"footer-menu__container\">\n<p class=\"footer-default-title\">\n<\/div>\n<\/div>\n<\/div>\n<\/div>\n<\/div>\n<\/div>\n<\/div>\n<\/footer>\n","protected":false},"excerpt":{"rendered":"<p>A S\u00e9rie Manual do M\u00e9dico-Residente do Hospital das Cl\u00ednicas da Faculdade de Medicina da Universidade de S\u00e3o Paulo \u2013 HCFMUSP tem por objetivo difundir os conhecimentos da pr\u00e1tica e assist\u00eancia m\u00e9dica, altamente qualificadas, ora desenvolvidas no complexo HCFMUSP, por sinal, o maior da Am\u00e9rica Latina. O complexo HCFMUSP disp\u00f5e de um centro m\u00e9dico hospitalar amplo,&hellip;&nbsp;<a href=\"https:\/\/livrariadocampus.com.br\/loja\/produto\/pediatria-smmr-hcfmusp-2021\/\" class=\"\" rel=\"bookmark\">Continue a ler &raquo;<span class=\"screen-reader-text\">PEDIATRIA &#8211; SMMR &#8211; HCFMUSP 2021<\/span><\/a><\/p>\n","protected":false},"featured_media":6302,"template":"","meta":{"neve_meta_sidebar":"","neve_meta_container":"","neve_meta_enable_content_width":"off","neve_meta_content_width":0,"neve_meta_title_alignment":"","neve_meta_author_avatar":"","neve_post_elements_order":"","neve_meta_disable_header":"","neve_meta_disable_footer":"","neve_meta_disable_title":"","_joinchat":[]},"product_brand":[],"product_cat":[25,182,76],"product_tag":[],"class_list":{"0":"post-6301","1":"product","2":"type-product","3":"status-publish","4":"has-post-thumbnail","6":"product_cat-lancamentos","7":"product_cat-pediatria-neonatologia","8":"product_cat-pediatria-neonatologia-pediatria-neonatologia","10":"first","11":"instock","12":"sale","13":"shipping-taxable","14":"purchasable","15":"product-type-simple"},"jetpack_sharing_enabled":true,"_links":{"self":[{"href":"https:\/\/livrariadocampus.com.br\/loja\/wp-json\/wp\/v2\/product\/6301","targetHints":{"allow":["GET"]}}],"collection":[{"href":"https:\/\/livrariadocampus.com.br\/loja\/wp-json\/wp\/v2\/product"}],"about":[{"href":"https:\/\/livrariadocampus.com.br\/loja\/wp-json\/wp\/v2\/types\/product"}],"wp:featuredmedia":[{"embeddable":true,"href":"https:\/\/livrariadocampus.com.br\/loja\/wp-json\/wp\/v2\/media\/6302"}],"wp:attachment":[{"href":"https:\/\/livrariadocampus.com.br\/loja\/wp-json\/wp\/v2\/media?parent=6301"}],"wp:term":[{"taxonomy":"product_brand","embeddable":true,"href":"https:\/\/livrariadocampus.com.br\/loja\/wp-json\/wp\/v2\/product_brand?post=6301"},{"taxonomy":"product_cat","embeddable":true,"href":"https:\/\/livrariadocampus.com.br\/loja\/wp-json\/wp\/v2\/product_cat?post=6301"},{"taxonomy":"product_tag","embeddable":true,"href":"https:\/\/livrariadocampus.com.br\/loja\/wp-json\/wp\/v2\/product_tag?post=6301"}],"curies":[{"name":"wp","href":"https:\/\/api.w.org\/{rel}","templated":true}]}}