{"id":6257,"date":"2021-09-21T15:54:01","date_gmt":"2021-09-21T18:54:01","guid":{"rendered":"https:\/\/www.livrariadocampus.com.br\/?post_type=product&#038;p=6257"},"modified":"2023-06-07T17:10:48","modified_gmt":"2023-06-07T20:10:48","slug":"pratica-em-medicina-do-sono-helio-fernando-de-abreu-2020","status":"publish","type":"product","link":"https:\/\/livrariadocampus.com.br\/loja\/produto\/pratica-em-medicina-do-sono-helio-fernando-de-abreu-2020\/","title":{"rendered":"Pr\u00e1tica em Medicina do Sono Helio Fernando de Abreu 2020"},"content":{"rendered":"<p>Tratamento cl\u00ednico e cir\u00fargico dos dist\u00farbios do sono e exames complementares, incluindo v\u00eddeos. Pr\u00e1tica em Medicina do Sono transmite a experi\u00eancia did\u00e1tica de mais de 30 anos do autor, em conjunto com seus colaboradores nesta \u00e1rea m\u00e9dica espec\u00edfica. Aborda o sono normal, dist\u00farbios, exames complementares, desde registros polissonogr\u00e1ficos at\u00e9 exames com imagens din\u00e2micas, como a sonoendoscopia. De forma pr\u00e1tica e atualizada, apresenta, atrav\u00e9s de v\u00eddeos, tratamentos cl\u00ednicos e cir\u00fargicos dos dist\u00farbios do sono. Esta obra traz, entre outros temas, conhecimento sobre altera\u00e7\u00f5es do sono na crian\u00e7a, na mulher e na voz. Por toda sua gama de informa\u00e7\u00f5es originais, \u00e9 uma refer\u00eancia para otorrinolaringologistas, neurologistas, pneumologistas, psiquiatras, pediatras, cirurgi\u00f5es craniomaxilofaciais, cirurgi\u00f5es bucomaxilofaciais, cirurgi\u00f5es dentistas e fonoaudi\u00f3logos interessados na \u00e1rea do sono.<\/p>\n","protected":false},"excerpt":{"rendered":"<p><img fetchpriority=\"high\" decoding=\"async\" class=\"alignnone size-medium wp-image-6258\" src=\"https:\/\/livrariadocampus.com.br\/loja\/wp-content\/uploads\/2021\/09\/51dYkubSRFL._SX346_BO1204203200_-2-209x300.jpg\" alt=\"\" width=\"209\" height=\"300\" srcset=\"https:\/\/livrariadocampus.com.br\/loja\/wp-content\/uploads\/2021\/09\/51dYkubSRFL._SX346_BO1204203200_-2-209x300.jpg 209w, https:\/\/livrariadocampus.com.br\/loja\/wp-content\/uploads\/2021\/09\/51dYkubSRFL._SX346_BO1204203200_-2-150x215.jpg 150w, https:\/\/livrariadocampus.com.br\/loja\/wp-content\/uploads\/2021\/09\/51dYkubSRFL._SX346_BO1204203200_-2.jpg 348w\" sizes=\"(max-width: 209px) 100vw, 209px\" \/><\/p>\n","protected":false},"featured_media":6258,"template":"","meta":{"neve_meta_sidebar":"","neve_meta_container":"","neve_meta_enable_content_width":"off","neve_meta_content_width":0,"neve_meta_title_alignment":"","neve_meta_author_avatar":"","neve_post_elements_order":"","neve_meta_disable_header":"","neve_meta_disable_footer":"","neve_meta_disable_title":"","_joinchat":[]},"product_brand":[],"product_cat":[15,25,111,257,64],"product_tag":[],"class_list":{"0":"post-6257","1":"product","2":"type-product","3":"status-publish","4":"has-post-thumbnail","6":"product_cat-outros","7":"product_cat-lancamentos","8":"product_cat-neurologia","9":"product_cat-neurologia-infantil","10":"product_cat-neuroogia-e-neurocirurgia","12":"first","13":"outofstock","14":"shipping-taxable","15":"product-type-simple"},"jetpack_sharing_enabled":true,"_links":{"self":[{"href":"https:\/\/livrariadocampus.com.br\/loja\/wp-json\/wp\/v2\/product\/6257","targetHints":{"allow":["GET"]}}],"collection":[{"href":"https:\/\/livrariadocampus.com.br\/loja\/wp-json\/wp\/v2\/product"}],"about":[{"href":"https:\/\/livrariadocampus.com.br\/loja\/wp-json\/wp\/v2\/types\/product"}],"wp:featuredmedia":[{"embeddable":true,"href":"https:\/\/livrariadocampus.com.br\/loja\/wp-json\/wp\/v2\/media\/6258"}],"wp:attachment":[{"href":"https:\/\/livrariadocampus.com.br\/loja\/wp-json\/wp\/v2\/media?parent=6257"}],"wp:term":[{"taxonomy":"product_brand","embeddable":true,"href":"https:\/\/livrariadocampus.com.br\/loja\/wp-json\/wp\/v2\/product_brand?post=6257"},{"taxonomy":"product_cat","embeddable":true,"href":"https:\/\/livrariadocampus.com.br\/loja\/wp-json\/wp\/v2\/product_cat?post=6257"},{"taxonomy":"product_tag","embeddable":true,"href":"https:\/\/livrariadocampus.com.br\/loja\/wp-json\/wp\/v2\/product_tag?post=6257"}],"curies":[{"name":"wp","href":"https:\/\/api.w.org\/{rel}","templated":true}]}}