{"id":6252,"date":"2021-09-21T15:03:37","date_gmt":"2021-09-21T18:03:37","guid":{"rendered":"https:\/\/www.livrariadocampus.com.br\/?post_type=product&#038;p=6252"},"modified":"2023-06-07T17:11:53","modified_gmt":"2023-06-07T20:11:53","slug":"neuroanatomia-pintar-para-aprender-silvana-regina-de-melo-autor","status":"publish","type":"product","link":"https:\/\/livrariadocampus.com.br\/loja\/produto\/neuroanatomia-pintar-para-aprender-silvana-regina-de-melo-autor\/","title":{"rendered":"Neuroanatomia &#8211; Pintar para Aprender  Silvana Regina de MELO (Autor)"},"content":{"rendered":"<p>O livro Neuroanatomia &#8211; Pintar para Aprender pretende aproximar o estudante do universo da neuroanatomia, cujo estudo muitas vezes se torna dif\u00edcil e cansativo; ora pela dificuldade em se memorizar a terminologia e pela extensa quantidade de conte\u00fado a ser visto, ora pelo m\u00e9todo did\u00e1tico. Com cap\u00edtulos divididos e organizados pelas principais estruturas do sistema nervoso como seus envolt\u00f3rios, a circula\u00e7\u00e3o cerebral, o l\u00edquido cerebrospinal, nervos, medula espinal, tronco encef\u00e1lico, dienc\u00e9falo, sistema nervoso som\u00e1tico e visceral, cerebelo, telenc\u00e9falo, \u00f3rg\u00e3os dos sentidos e estruturas l\u00edmbicas. O objetivo desta obra \u00e9 tornar a aprendizagem mais eficaz, combinando emo\u00e7\u00f5es a um m\u00e9todo divertido e din\u00e2mico, mais prazeroso com o aux\u00edlio da pintura. O acad\u00eamico deve unir as informa\u00e7\u00f5es do texto com o desenho a ser pintado para treinar sua mente. Consequentemente, estar\u00e1 refor\u00e7ando a mem\u00f3ria e a apreens\u00e3o do conte\u00fado. Destinado a estudantes de psicologia, de fisioterapia, de terapia ocupacional, de biomedicina, de medicina e a todos os profissionais que tenham interesse no estudo do sistema nervoso.<\/p>\n","protected":false},"excerpt":{"rendered":"<p>O livro Neuroanatomia &#8211; Pintar para Aprender pretende aproximar o estudante do universo da neuroanatomia, cujo estudo muitas vezes se torna dif\u00edcil e cansativo; ora pela dificuldade em se memorizar a terminologia e pela extensa quantidade de conte\u00fado a ser visto, ora pelo m\u00e9todo did\u00e1tico. Com cap\u00edtulos divididos e organizados pelas principais estruturas do sistema&hellip;&nbsp;<a href=\"https:\/\/livrariadocampus.com.br\/loja\/produto\/neuroanatomia-pintar-para-aprender-silvana-regina-de-melo-autor\/\" class=\"\" rel=\"bookmark\">Continue a ler &raquo;<span class=\"screen-reader-text\">Neuroanatomia &#8211; Pintar para Aprender  Silvana Regina de MELO (Autor)<\/span><\/a><\/p>\n","protected":false},"featured_media":6254,"template":"","meta":{"neve_meta_sidebar":"","neve_meta_container":"","neve_meta_enable_content_width":"off","neve_meta_content_width":0,"neve_meta_title_alignment":"","neve_meta_author_avatar":"","neve_post_elements_order":"","neve_meta_disable_header":"","neve_meta_disable_footer":"","neve_meta_disable_title":"","_joinchat":[]},"product_brand":[],"product_cat":[15,25,111,257,64],"product_tag":[],"class_list":{"0":"post-6252","1":"product","2":"type-product","3":"status-publish","4":"has-post-thumbnail","6":"product_cat-outros","7":"product_cat-lancamentos","8":"product_cat-neurologia","9":"product_cat-neurologia-infantil","10":"product_cat-neuroogia-e-neurocirurgia","12":"first","13":"instock","14":"sale","15":"shipping-taxable","16":"purchasable","17":"product-type-simple"},"jetpack_sharing_enabled":true,"_links":{"self":[{"href":"https:\/\/livrariadocampus.com.br\/loja\/wp-json\/wp\/v2\/product\/6252","targetHints":{"allow":["GET"]}}],"collection":[{"href":"https:\/\/livrariadocampus.com.br\/loja\/wp-json\/wp\/v2\/product"}],"about":[{"href":"https:\/\/livrariadocampus.com.br\/loja\/wp-json\/wp\/v2\/types\/product"}],"wp:featuredmedia":[{"embeddable":true,"href":"https:\/\/livrariadocampus.com.br\/loja\/wp-json\/wp\/v2\/media\/6254"}],"wp:attachment":[{"href":"https:\/\/livrariadocampus.com.br\/loja\/wp-json\/wp\/v2\/media?parent=6252"}],"wp:term":[{"taxonomy":"product_brand","embeddable":true,"href":"https:\/\/livrariadocampus.com.br\/loja\/wp-json\/wp\/v2\/product_brand?post=6252"},{"taxonomy":"product_cat","embeddable":true,"href":"https:\/\/livrariadocampus.com.br\/loja\/wp-json\/wp\/v2\/product_cat?post=6252"},{"taxonomy":"product_tag","embeddable":true,"href":"https:\/\/livrariadocampus.com.br\/loja\/wp-json\/wp\/v2\/product_tag?post=6252"}],"curies":[{"name":"wp","href":"https:\/\/api.w.org\/{rel}","templated":true}]}}