{"id":6249,"date":"2021-09-16T15:23:54","date_gmt":"2021-09-16T18:23:54","guid":{"rendered":"https:\/\/www.livrariadocampus.com.br\/?post_type=product&#038;p=6249"},"modified":"2024-09-23T15:41:57","modified_gmt":"2024-09-23T18:41:57","slug":"o-dia-a-dia-do-pediatra-1-ed-2021-spsp","status":"publish","type":"product","link":"https:\/\/livrariadocampus.com.br\/loja\/produto\/o-dia-a-dia-do-pediatra-1-ed-2021-spsp\/","title":{"rendered":"O DIA A DIA DO PEDIATRA 1 ED 2021 SPSP"},"content":{"rendered":"<p><em>O<\/em>\u00a0<em>Dia a Dia do Pediatra<\/em>\u00a0tem a sua equipe autoral formada por membros da Sociedade de Pediatria de S\u00e3o Paulo \u2013 SPSP.<\/p>\n<p>O livro traz criativa e in\u00e9dita proposta did\u00e1tica, a de discutir os novos e antigos problemas de aten\u00e7\u00e3o \u00e0 inf\u00e2ncia, por meio do acompanhamento de dois pacientes, desde o per\u00edodo pr\u00e9-natal at\u00e9 a transi\u00e7\u00e3o para a vida adulta, que vivenciam diferentes experi\u00eancias, pr\u00f3prias da inf\u00e2ncia e adolesc\u00eancia.<\/p>\n<p>Surge, assim, a narrativa, cujos personagens s\u00e3o os g\u00eameos Pedro e Vit\u00f3ria, atrav\u00e9s dos seus percursos nas diferentes fases da vida. Passam por problemas familiares, socioecon\u00f4micos, alimenta\u00e7\u00e3o e seus dist\u00farbios, rela\u00e7\u00e3o entre os pais, identidade de g\u00eanero, imuniza\u00e7\u00e3o, monitoriza\u00e7\u00e3o do crescimento e desenvolvimento, import\u00e2ncia do aleitamento materno, dentre outras condi\u00e7\u00f5es.<\/p>\n<p><em>O Dia a Dia do Pediatra<\/em>\u00a0apresenta 2 Coordenadores, 33 Colaboradores, 9 cap\u00edtulos, 1 ap\u00eandice com um caso cl\u00ednico consolidado, em um total de 312 p\u00e1ginas.<\/p>\n<p>Completa-se, assim, mais um projeto editorial da SPSP.<\/p>\n","protected":false},"excerpt":{"rendered":"<p>O\u00a0Dia a Dia do Pediatra\u00a0tem a sua equipe autoral formada por membros da Sociedade de Pediatria de S\u00e3o Paulo \u2013 SPSP. O livro traz criativa e in\u00e9dita proposta did\u00e1tica, a de discutir os novos e antigos problemas de aten\u00e7\u00e3o \u00e0 inf\u00e2ncia, por meio do acompanhamento de dois pacientes, desde o per\u00edodo pr\u00e9-natal at\u00e9 a transi\u00e7\u00e3o&hellip;&nbsp;<a href=\"https:\/\/livrariadocampus.com.br\/loja\/produto\/o-dia-a-dia-do-pediatra-1-ed-2021-spsp\/\" class=\"\" rel=\"bookmark\">Continue a ler &raquo;<span class=\"screen-reader-text\">O DIA A DIA DO PEDIATRA 1 ED 2021 SPSP<\/span><\/a><\/p>\n","protected":false},"featured_media":6250,"template":"","meta":{"neve_meta_sidebar":"","neve_meta_container":"","neve_meta_enable_content_width":"off","neve_meta_content_width":0,"neve_meta_title_alignment":"","neve_meta_author_avatar":"","neve_post_elements_order":"","neve_meta_disable_header":"","neve_meta_disable_footer":"","neve_meta_disable_title":"","_joinchat":[]},"product_brand":[],"product_cat":[15,25,56,182,76],"product_tag":[],"class_list":{"0":"post-6249","1":"product","2":"type-product","3":"status-publish","4":"has-post-thumbnail","6":"product_cat-outros","7":"product_cat-lancamentos","8":"product_cat-pediatria","9":"product_cat-pediatria-neonatologia","10":"product_cat-pediatria-neonatologia-pediatria-neonatologia","12":"first","13":"instock","14":"shipping-taxable","15":"purchasable","16":"product-type-simple"},"jetpack_sharing_enabled":true,"_links":{"self":[{"href":"https:\/\/livrariadocampus.com.br\/loja\/wp-json\/wp\/v2\/product\/6249","targetHints":{"allow":["GET"]}}],"collection":[{"href":"https:\/\/livrariadocampus.com.br\/loja\/wp-json\/wp\/v2\/product"}],"about":[{"href":"https:\/\/livrariadocampus.com.br\/loja\/wp-json\/wp\/v2\/types\/product"}],"wp:featuredmedia":[{"embeddable":true,"href":"https:\/\/livrariadocampus.com.br\/loja\/wp-json\/wp\/v2\/media\/6250"}],"wp:attachment":[{"href":"https:\/\/livrariadocampus.com.br\/loja\/wp-json\/wp\/v2\/media?parent=6249"}],"wp:term":[{"taxonomy":"product_brand","embeddable":true,"href":"https:\/\/livrariadocampus.com.br\/loja\/wp-json\/wp\/v2\/product_brand?post=6249"},{"taxonomy":"product_cat","embeddable":true,"href":"https:\/\/livrariadocampus.com.br\/loja\/wp-json\/wp\/v2\/product_cat?post=6249"},{"taxonomy":"product_tag","embeddable":true,"href":"https:\/\/livrariadocampus.com.br\/loja\/wp-json\/wp\/v2\/product_tag?post=6249"}],"curies":[{"name":"wp","href":"https:\/\/api.w.org\/{rel}","templated":true}]}}